{"id":235920,"date":"2022-09-27T15:21:11","date_gmt":"2022-09-27T13:21:11","guid":{"rendered":"https:\/\/het-filter.de\/mediateca\/video\/"},"modified":"2026-02-10T11:42:10","modified_gmt":"2026-02-10T10:42:10","slug":"video","status":"publish","type":"page","link":"https:\/\/het-filter.de\/it\/mediateca\/video\/","title":{"rendered":"Video"},"content":{"rendered":"<p>[et_pb_section fb_built=&#8221;1&#8243; _builder_version=&#8221;4.20.4&#8243; _module_preset=&#8221;_initial&#8221; background_color=&#8221;#22305A&#8221; background_image=&#8221;https:\/\/het-filter.de\/wp-content\/uploads\/2022\/09\/HET_Pattern_Hintergrund-Ecke.svg&#8221; custom_padding=&#8221;0px||0px||false|false&#8221; background_last_edited=&#8221;on|phone&#8221; background_image_phone=&#8221;https:\/\/het-filter.de\/wp-content\/uploads\/2022\/09\/HET_Pattern_Hintergrund-Ecke.svg&#8221; background_enable_image_phone=&#8221;on&#8221; locked=&#8221;off&#8221; global_colors_info=&#8221;{}&#8221;][et_pb_row column_structure=&#8221;3_5,2_5&#8243; _builder_version=&#8221;4.22.1&#8243; _module_preset=&#8221;a21d3d05-1054-49fc-a669-8ff99b79c4e8&#8243; background_enable_image=&#8221;off&#8221; background_size=&#8221;custom&#8221; background_image_width=&#8221;63%&#8221; background_position=&#8221;top_right&#8221; background_vertical_offset=&#8221;23%&#8221; width=&#8221;90%&#8221; max_width=&#8221;85%&#8221; custom_padding=&#8221;10vw||10vw||false|false&#8221; custom_padding_phone=&#8221;15vw||||false|false&#8221; background_last_edited=&#8221;on|phone&#8221; background_enable_image_phone=&#8221;off&#8221; background_size_tablet=&#8221;custom&#8221; background_size_phone=&#8221;custom&#8221; background_image_width_tablet=&#8221;72%&#8221; background_position_tablet=&#8221;bottom_right&#8221; background_horizontal_offset_tablet=&#8221;-27%&#8221; background_vertical_offset_tablet=&#8221;200%&#8221; global_colors_info=&#8221;{}&#8221;][et_pb_column type=&#8221;3_5&#8243; _builder_version=&#8221;4.22.1&#8243; _module_preset=&#8221;default&#8221; custom_padding=&#8221;||||false|false&#8221; custom_padding_tablet=&#8221;||54px||false|false&#8221; custom_padding_phone=&#8221;||30px||false|false&#8221; custom_padding_last_edited=&#8221;on|tablet&#8221; global_colors_info=&#8221;{}&#8221;][et_pb_text _builder_version=&#8221;4.18.1&#8243; _module_preset=&#8221;c6c2d29b-31aa-47c2-9883-cb89782a46e9&#8243; custom_margin=&#8221;||10px||false|false&#8221; global_colors_info=&#8221;{}&#8221;]<\/p>\n<h1>Video<\/h1>\n<p>[\/et_pb_text][et_pb_text _builder_version=&#8221;4.22.1&#8243; _module_preset=&#8221;9fa77f71-541a-47a2-bce5-48e62a83d644&#8243; max_width=&#8221;none&#8221; max_width_last_edited=&#8221;off|desktop&#8221; global_colors_info=&#8221;{}&#8221;]<\/p>\n<h2>Competenze e buone pratiche in azione.<\/h2>\n<p>[\/et_pb_text][et_pb_button button_url=&#8221;#mehr&#8221; button_text=&#8221;Ai video&#8221; _builder_version=&#8221;4.22.1&#8243; _module_preset=&#8221;e8607ea9-d1e2-4f61-91bd-a362900d9ff7&#8243; global_colors_info=&#8221;{}&#8221;][\/et_pb_button][\/et_pb_column][et_pb_column type=&#8221;2_5&#8243; _builder_version=&#8221;4.20.4&#8243; _module_preset=&#8221;default&#8221; background_enable_image=&#8221;off&#8221; global_colors_info=&#8221;{}&#8221;][\/et_pb_column][\/et_pb_row][\/et_pb_section][et_pb_section fb_built=&#8221;1&#8243; module_id=&#8221;di pi\u00f9&#8221; _builder_version=&#8221;4.18.1&#8243; _module_preset=&#8221;cb209d8b-e221-4b07-9eec-1d7689c3b945&#8243; custom_margin=&#8221;4em||0em||false|false&#8221; global_colors_info=&#8221;{}&#8221;][et_pb_row _builder_version=&#8221;4.22.1&#8243; _module_preset=&#8221;default&#8221; width=&#8221;90%&#8221; max_width=&#8221;85%&#8221; custom_padding=&#8221;||0px||false|false&#8221; global_colors_info=&#8221;{}&#8221;][et_pb_column type=&#8221;4_4&#8243; _builder_version=&#8221;4.18.0&#8243; _module_preset=&#8221;default&#8221; global_colors_info=&#8221;{}&#8221;][et_pb_text _builder_version=&#8221;4.18.1&#8243; _module_preset=&#8221;3e3920dc-0376-424a-a2f2-ba93bb092aa6&#8243; global_colors_info=&#8221;{}&#8221;]<\/p>\n<h2>Come<\/h2>\n<h3>Video esplicativi<\/h3>\n<p>[\/et_pb_text][\/et_pb_column][\/et_pb_row][et_pb_row column_structure=&#8221;1_2,1_2&#8243; _builder_version=&#8221;4.22.1&#8243; _module_preset=&#8221;default&#8221; width=&#8221;90%&#8221; max_width=&#8221;85%&#8221; global_colors_info=&#8221;{}&#8221;][et_pb_column type=&#8221;1_2&#8243; _builder_version=&#8221;4.18.1&#8243; _module_preset=&#8221;default&#8221; global_colors_info=&#8221;{}&#8221;][et_pb_video src=&#8221;https:\/\/www.youtube.com\/watch?v=oPY6roMKhtA&#8221; image_src=&#8221;\/\/i.ytimg.com\/vi\/oPY6roMKhtA\/hqdefault.jpg&#8221; play_icon_color=&#8221;#3FB498&#8243; _builder_version=&#8221;4.22.1&#8243; _module_preset=&#8221;76d771ab-487b-42e9-8a8d-b9e53d6980eb&#8221; global_colors_info=&#8221;{}&#8221;][\/et_pb_video][et_pb_text _builder_version=&#8221;4.22.1&#8243; _module_preset=&#8221;2ed32a48-0df8-4bc0-a02d-74dd809440c8&#8243; global_colors_info=&#8221;{}&#8221;]<\/p>\n<h4>Filtro HET &#8211; Rimozione dell&#8217;elemento filtrante<\/h4>\n<p>Non sai come sostituire l&#8217;elemento filtrante nei sistemi HET?<br \/>Nel video ti mostriamo come rimuovere il filtro.<\/p>\n<p>[\/et_pb_text][\/et_pb_column][et_pb_column type=&#8221;1_2&#8243; _builder_version=&#8221;4.18.1&#8243; _module_preset=&#8221;default&#8221; global_colors_info=&#8221;{}&#8221;][et_pb_video src=&#8221;https:\/\/www.youtube.com\/watch?v=2edew4-vuaw&#8221; image_src=&#8221;\/\/i.ytimg.com\/vi\/2edew4-vuaw\/hqdefault.jpg&#8221; play_icon_color=&#8221;#3FB498&#8243; _builder_version=&#8221;4.22.1&#8243; _module_preset=&#8221;76d771ab-487b-42e9-8a8d-b9e53d6980eb&#8221; locked=&#8221;off&#8221; global_colors_info=&#8221;{}&#8221;][\/et_pb_video][et_pb_text _builder_version=&#8221;4.22.1&#8243; _module_preset=&#8221;2ed32a48-0df8-4bc0-a02d-74dd809440c8&#8243; locked=&#8221;off&#8221; global_colors_info=&#8221;{}&#8221;]<\/p>\n<h4>Filtro HET &#8211; installare un nuovo elemento filtrante<\/h4>\n<p>  Hai rimosso il vecchio filtro? In questo video ti mostriamo come installare un nuovo elemento filtrante.[\/et_pb_text][\/et_pb_column][\/et_pb_row][\/et_pb_section][et_pb_section fb_built=&#8221;1&#8243; _builder_version=&#8221;4.18.1&#8243; _module_preset=&#8221;cb209d8b-e221-4b07-9eec-1d7689c3b945&#8243; custom_margin=&#8221;0em||4em||false|false&#8221; custom_padding=&#8221;0px||||false|false&#8221; global_colors_info=&#8221;{}&#8221;][et_pb_row _builder_version=&#8221;4.22.1&#8243; _module_preset=&#8221;default&#8221; width=&#8221;90%&#8221; max_width=&#8221;85%&#8221; custom_padding=&#8221;||0px||false|false&#8221; global_colors_info=&#8221;{}&#8221;][et_pb_column type=&#8221;4_4&#8243; _builder_version=&#8221;4.18.0&#8243; _module_preset=&#8221;default&#8221; global_colors_info=&#8221;{}&#8221;][et_pb_text _builder_version=&#8221;4.22.1&#8243; _module_preset=&#8221;3e3920dc-0376-424a-a2f2-ba93bb092aa6&#8243; global_colors_info=&#8221;{}&#8221;]<\/p>\n<h2>Le migliori pratiche<\/h2>\n<h3>Approfitta della nostra esperienza<\/h3>\n<p>[\/et_pb_text][\/et_pb_column][\/et_pb_row][et_pb_row column_structure=&#8221;1_2,1_2&#8243; _builder_version=&#8221;4.22.1&#8243; _module_preset=&#8221;default&#8221; width=&#8221;90%&#8221; max_width=&#8221;85%&#8221; global_colors_info=&#8221;{}&#8221;][et_pb_column type=&#8221;1_2&#8243; _builder_version=&#8221;4.18.1&#8243; _module_preset=&#8221;default&#8221; global_colors_info=&#8221;{}&#8221;][et_pb_video src=&#8221;https:\/\/www.youtube.com\/watch?v=T-VXY3Z6b5s&#8221; image_src=&#8221;\/\/i.ytimg.com\/vi\/T-VXY3Z6b5s\/hqdefault.jpg&#8221; play_icon_color=&#8221;#3FB498&#8243; _builder_version=&#8221;4.22.1&#8243; _module_preset=&#8221;76d771ab-487b-42e9-8a8d-b9e53d6980eb&#8221; global_colors_info=&#8221;{}&#8221;][\/et_pb_video][et_pb_text _builder_version=&#8221;4.22.1&#8243; _module_preset=&#8221;2ed32a48-0df8-4bc0-a02d-74dd809440c8&#8243; global_colors_info=&#8221;{}&#8221;]<\/p>\n<h4>Filtro HET &#8211; Contenimento<\/h4>\n<p>Grazie alle nostre misure di contenimento per un funzionamento sicuro, tu e i tuoi dipendenti sarete protetti a lungo termine.<\/p>\n<p>[\/et_pb_text][\/et_pb_column][et_pb_column type=&#8221;1_2&#8243; _builder_version=&#8221;4.18.1&#8243; _module_preset=&#8221;default&#8221; global_colors_info=&#8221;{}&#8221;][et_pb_video src=&#8221;https:\/\/www.youtube.com\/watch?v=IqxQwZ0dXaI&#8221; image_src=&#8221;\/\/i.ytimg.com\/vi\/IqxQwZ0dXaI\/hqdefault.jpg&#8221; play_icon_color=&#8221;#3FB498&#8243; _builder_version=&#8221;4.22.1&#8243; _module_preset=&#8221;76d771ab-487b-42e9-8a8d-b9e53d6980eb&#8221; locked=&#8221;off&#8221; global_colors_info=&#8221;{}&#8221;][\/et_pb_video][et_pb_text _builder_version=&#8221;4.22.1&#8243; _module_preset=&#8221;2ed32a48-0df8-4bc0-a02d-74dd809440c8&#8243; locked=&#8221;off&#8221; global_colors_info=&#8221;{}&#8221;]<\/p>\n<h4>Filtro HET &#8211; Elemento filtrante<\/h4>\n<p>Attribuiamo particolare importanza all&#8217;elemento filtrante e per questo produciamo i nostri filtri con la massima qualit\u00e0.<\/p>\n<p>[\/et_pb_text][\/et_pb_column][\/et_pb_row][\/et_pb_section][et_pb_section fb_built=&#8221;1&#8243; _builder_version=&#8221;4.18.0&#8243; _module_preset=&#8221;673e78b2-818f-4d4a-b8ba-99b997d4f244&#8243; locked=&#8221;off&#8221; global_colors_info=&#8221;{}&#8221;][et_pb_row _builder_version=&#8221;4.18.0&#8243; _module_preset=&#8221;default&#8221; global_colors_info=&#8221;{}&#8221;][et_pb_column type=&#8221;4_4&#8243; _builder_version=&#8221;4.18.0&#8243; _module_preset=&#8221;default&#8221; global_colors_info=&#8221;{}&#8221;][et_pb_text _builder_version=&#8221;4.22.1&#8243; _module_preset=&#8221;5236ac6f-32f8-43e7-9a7a-87317b9b7c41&#8243; text_text_color=&#8221;#F9FBFE&#8221; text_line_height=&#8221;1.3em&#8221; max_width=&#8221;50%&#8221; max_width_tablet=&#8221;100%&#8221; max_width_phone=&#8221;100%&#8221; max_width_last_edited=&#8221;on|desktop&#8221; module_alignment=&#8221;center&#8221; global_colors_info=&#8221;{}&#8221;]<span style=\"color: #3fb498;\">Tutto su filtrazione e depolverizzazione<\/span><\/p>\n<h2>CONOSCENZE<\/h2>\n<p>&nbsp;[\/et_pb_text][\/et_pb_column][\/et_pb_row][\/et_pb_section][et_pb_section fb_built=&#8221;1&#8243; _builder_version=&#8221;4.18.0&#8243; _module_preset=&#8221;default&#8221; custom_padding=&#8221;0px||0px||true|false&#8221; global_colors_info=&#8221;{}&#8221;][et_pb_row _builder_version=&#8221;4.18.0&#8243; _module_preset=&#8221;default&#8221; custom_padding=&#8221;0px||0px||true|false&#8221; global_colors_info=&#8221;{}&#8221;][et_pb_column type=&#8221;4_4&#8243; _builder_version=&#8221;4.18.0&#8243; _module_preset=&#8221;default&#8221; global_colors_info=&#8221;{}&#8221;][et_pb_button button_url=&#8221;@ET-DC@eyJkeW5hbWljIjp0cnVlLCJjb250ZW50IjoicG9zdF9saW5rX3VybF9wYWdlIiwic2V0dGluZ3MiOnsicG9zdF9pZCI6IjIwOTQxNyJ9fQ==@&#8221; button_text=&#8221;Al blog&#8221; button_text_tablet=&#8221;Area download&#8221; button_text_phone=&#8221;Area download&#8221; button_text_last_edited=&#8221;off|desktop&#8221; _builder_version=&#8221;4.22.1&#8243; _dynamic_attributes=&#8221;button_url&#8221; _module_preset=&#8221;d64323ee-ff23-4799-b3cf-f3a871c5dfe3&#8243; global_colors_info=&#8221;{}&#8221; button_bg_color__hover_enabled=&#8221;on|hover&#8221; button_bg_color__hover=&#8221;#22305A&#8221; button_bg_enable_color__hover=&#8221;on&#8221;][\/et_pb_button][\/et_pb_column][\/et_pb_row][\/et_pb_section][et_pb_section fb_built=&#8221;1&#8243; _builder_version=&#8221;4.18.0&#8243; _module_preset=&#8221;default&#8221; locked=&#8221;off&#8221; global_colors_info=&#8221;{}&#8221;][et_pb_row column_structure=&#8221;1_2,1_2&#8243; _builder_version=&#8221;4.22.1&#8243; _module_preset=&#8221;6b014628-141d-4b43-8635-9fa92028fd9e&#8221; width=&#8221;90%&#8221; max_width=&#8221;85%&#8221; global_colors_info=&#8221;{}&#8221;][et_pb_column type=&#8221;1_2&#8243; _builder_version=&#8221;4.18.0&#8243; _module_preset=&#8221;e590449f-74ea-4bc9-af9c-f5264e1dc094&#8243; global_colors_info=&#8221;{}&#8221;][et_pb_text _builder_version=&#8221;4.22.0&#8243; _module_preset=&#8221;0b407d5c-d9b5-4398-b954-e4be7115aead&#8221; global_colors_info=&#8221;{}&#8221;]<\/p>\n<h2>Sicurezza  <\/h2>\n<p>[\/et_pb_text][et_pb_text _builder_version=&#8221;4.22.0&#8243; _module_preset=&#8221;3e3920dc-0376-424a-a2f2-ba93bb092aa6&#8243; text_text_color=&#8221;#3FB498&#8243; locked=&#8221;off&#8221; global_colors_info=&#8221;{}&#8221;]<\/p>\n<h3>\u00e8 la nostra missione<\/h3>\n<p>[\/et_pb_text][et_pb_text _builder_version=&#8221;4.22.0&#8243; _module_preset=&#8221;2ed32a48-0df8-4bc0-a02d-74dd809440c8&#8243; global_colors_info=&#8221;{}&#8221;]Qui puoi scoprire cosa ci rende speciali come azienda.[\/et_pb_text][et_pb_button button_url=&#8221;@ET-DC@eyJkeW5hbWljIjp0cnVlLCJjb250ZW50IjoicG9zdF9saW5rX3VybF9wYWdlIiwic2V0dGluZ3MiOnsicG9zdF9pZCI6IjIwOTA1MSJ9fQ==@&#8221; url_new_window=&#8221;on&#8221; button_text=&#8221;L&apos;azienda&#8221; _builder_version=&#8221;4.22.1&#8243; _dynamic_attributes=&#8221;button_url&#8221; _module_preset=&#8221;2d2a1f97-00c3-449b-a1fe-3aeb70a4e5b5&#8243; global_colors_info=&#8221;{}&#8221;][\/et_pb_button][\/et_pb_column][et_pb_column type=&#8221;1_2&#8243; _builder_version=&#8221;4.18.0&#8243; _module_preset=&#8221;default&#8221; global_colors_info=&#8221;{}&#8221;][et_pb_text _builder_version=&#8221;4.18.0&#8243; _module_preset=&#8221;0b407d5c-d9b5-4398-b954-e4be7115aead&#8221; global_colors_info=&#8221;{}&#8221;]<\/p>\n<h2>Vuoi saperne di pi\u00f9?<\/h2>\n<p>[\/et_pb_text][et_pb_text _builder_version=&#8221;4.22.0&#8243; _module_preset=&#8221;ed2d24d0-4903-4c9b-bc57-1b5939577a3c&#8221; locked=&#8221;off&#8221; global_colors_info=&#8221;{}&#8221;]<\/p>\n<h3>Mettiti in contatto con noi!  <\/h3>\n<p>[\/et_pb_text][et_pb_text _builder_version=&#8221;4.22.0&#8243; _module_preset=&#8221;2ed32a48-0df8-4bc0-a02d-74dd809440c8&#8243; custom_margin=&#8221;||30px||false|false&#8221; global_colors_info=&#8221;{}&#8221;]Saremo lieti di consigliarti su tutti gli argomenti relativi al tuo progetto e al tuo sistema di filtraggio.[\/et_pb_text][et_pb_text _builder_version=&#8221;4.22.0&#8243; _module_preset=&#8221;default&#8221; text_text_color=&#8221;#CF283F&#8221; link_option_url=&#8221;https:\/\/het-filter.de\/it\/contattaci\/&#8221; global_colors_info=&#8221;{}&#8221;]<span style=\"color: #cf283f;\"><a href=\"https:\/\/het-filter.de\/it\/contattaci\/\" style=\"color: #cf283f;\">Richiedi ora!<\/a><\/span>[\/et_pb_text][\/et_pb_column][\/et_pb_row][\/et_pb_section]<\/p>\n","protected":false},"excerpt":{"rendered":"<p>VideoCompetenze e buone pratiche in azione.Come Video esplicativiFiltro HET &#8211; Rimozione dell&#8217;elemento filtrante Non sai come sostituire l&#8217;elemento filtrante nei sistemi HET?Nel video ti mostriamo come rimuovere il filtro.Filtro HET &#8211; installare un nuovo elemento filtrante Hai rimosso il vecchio filtro? In questo video ti mostriamo come installare un nuovo elemento filtrante.Le migliori pratiche Approfitta della nostra esperienzaFiltro HET &#8211; Contenimento Grazie alle nostre misure di contenimento per un funzionamento sicuro, tu e i tuoi dipendenti sarete protetti a lungo termine.Filtro HET &#8211; Elemento filtrante Attribuiamo particolare importanza all&#8217;elemento filtrante e per questo produciamo i nostri filtri con la massima qualit\u00e0.Tutto su filtrazione e depolverizzazione CONOSCENZE &nbsp;Sicurezza \u00e8 la nostra missioneQui puoi scoprire cosa ci rende speciali come azienda.Vuoi saperne di pi\u00f9?Mettiti in contatto con noi! Saremo lieti di consigliarti su tutti gli argomenti relativi al tuo progetto e al tuo sistema di filtraggio.Richiedi ora!<\/p>\n","protected":false},"author":8,"featured_media":0,"parent":235887,"menu_order":9,"comment_status":"closed","ping_status":"closed","template":"","meta":{"_et_pb_use_builder":"on","_et_pb_old_content":"","_et_gb_content_width":"","footnotes":""},"class_list":["post-235920","page","type-page","status-publish","hentry"],"_links":{"self":[{"href":"https:\/\/het-filter.de\/it\/wp-json\/wp\/v2\/pages\/235920","targetHints":{"allow":["GET"]}}],"collection":[{"href":"https:\/\/het-filter.de\/it\/wp-json\/wp\/v2\/pages"}],"about":[{"href":"https:\/\/het-filter.de\/it\/wp-json\/wp\/v2\/types\/page"}],"author":[{"embeddable":true,"href":"https:\/\/het-filter.de\/it\/wp-json\/wp\/v2\/users\/8"}],"replies":[{"embeddable":true,"href":"https:\/\/het-filter.de\/it\/wp-json\/wp\/v2\/comments?post=235920"}],"version-history":[{"count":8,"href":"https:\/\/het-filter.de\/it\/wp-json\/wp\/v2\/pages\/235920\/revisions"}],"predecessor-version":[{"id":239241,"href":"https:\/\/het-filter.de\/it\/wp-json\/wp\/v2\/pages\/235920\/revisions\/239241"}],"up":[{"embeddable":true,"href":"https:\/\/het-filter.de\/it\/wp-json\/wp\/v2\/pages\/235887"}],"wp:attachment":[{"href":"https:\/\/het-filter.de\/it\/wp-json\/wp\/v2\/media?parent=235920"}],"curies":[{"name":"wp","href":"https:\/\/api.w.org\/{rel}","templated":true}]}}