{"id":235816,"date":"2023-09-18T09:51:15","date_gmt":"2023-09-18T07:51:15","guid":{"rendered":"https:\/\/het-filter.de\/termini-e-condizioni-generali\/"},"modified":"2024-11-22T08:42:46","modified_gmt":"2024-11-22T07:42:46","slug":"termini-e-condizioni-generali","status":"publish","type":"page","link":"https:\/\/het-filter.de\/it\/termini-e-condizioni-generali\/","title":{"rendered":"Termini e condizioni generali"},"content":{"rendered":"<p>[et_pb_section fb_built=&#8221;1&#8243; _builder_version=&#8221;4.16&#8243; global_colors_info=&#8221;{}&#8221; theme_builder_area=&#8221;post_content&#8221;][et_pb_row _builder_version=&#8221;4.16&#8243; global_colors_info=&#8221;{}&#8221; theme_builder_area=&#8221;post_content&#8221;][et_pb_column type=&#8221;4_4&#8243; _builder_version=&#8221;4.16&#8243; custom_padding=&#8221;|||&#8221; global_colors_info=&#8221;{}&#8221; custom_padding__hover=&#8221;|||&#8221; theme_builder_area=&#8221;post_content&#8221;][et_pb_text _builder_version=&#8221;4.22.1&#8243; hover_enabled=&#8221;0&#8243; global_colors_info=&#8221;{}&#8221; theme_builder_area=&#8221;post_content&#8221; sticky_enabled=&#8221;0&#8243;]<\/p>\n<header class=\"entry-header\">\n<h1 class=\"entry-title\">Condizioni generali di vendita e consegna<\/h1>\n<\/header>\n<p>&nbsp;<\/p>\n<h3>1. informazioni generali<\/h3>\n<p>I seguenti termini e condizioni si applicano esclusivamente a tutte le nostre offerte, vendite e consegne.<br \/>\nEffettuando un ordine, il cliente accetta integralmente tali condizioni.<br \/>\nTermini e condizioni diversi saranno validi solo se specificamente concordati e confermati da noi per iscritto.<br \/>\nLe modifiche a singole condizioni non influenzeranno le altre condizioni.<br \/>\nLe contro-conferme dell&#8217;acquirente in merito alla validit\u00e0 dei suoi termini e condizioni commerciali o di acquisto sono respinte.<br \/>\nI diritti e gli obblighi derivanti dal contratto di acquisto non possono essere trasferiti a terzi senza il nostro esplicito consenso.<br \/>\nFino a quando non verr\u00e0 raggiunto un accordo contrario, i presenti termini e condizioni si applicheranno a tutte le transazioni commerciali attuali e future, anche se non viene fatto specifico riferimento ad essi quando viene effettuato un singolo ordine nell&#8217;ambito di un rapporto commerciale esistente.      <\/p>\n<p>&nbsp;<\/p>\n<h3>2. offerte<\/h3>\n<p>Le offerte sono sempre non vincolanti, anche se non espressamente concordate.<\/p>\n<p>&nbsp;<\/p>\n<h3>3. ordini<\/h3>\n<p>Gli ordini saranno considerati accettati solo se confermati da noi per iscritto.<br \/>\nSe la consegna viene effettuata immediatamente senza conferma, la fattura sar\u00e0 considerata anche come conferma dell&#8217;ordine. <\/p>\n<p>&nbsp;<\/p>\n<h3>4. Prezzi<\/h3>\n<p>I nostri prezzi sono soggetti a modifiche e si applicano franco punto di consegna, esclusi imballaggio, trasporto e altri costi di spedizione.<br \/>\nLe variazioni di prezzo sono consentite se intercorrono pi\u00f9 di quattro mesi tra la conclusione del contratto e la data di consegna concordata.<br \/>\nSe i salari, i costi dei materiali o i prezzi di mercato aumentano successivamente fino al completamento della consegna, avremo il diritto di aumentare il prezzo in modo appropriato in base agli aumenti dei costi.<br \/>\nIl cliente avr\u00e0 il diritto di recedere dal contratto solo se l&#8217;aumento del prezzo supera in misura non trascurabile l&#8217;aumento del costo generale della vita tra l&#8217;ordine e la consegna.   <\/p>\n<p>&nbsp;<\/p>\n<h3>5\u00b0 consegna<\/h3>\n<p>Ci riserviamo il diritto di concordare i tempi di consegna per ogni singolo ordine.<br \/>\nI tempi di consegna si considerano rispettati con la notifica tempestiva della disponibilit\u00e0 alla spedizione se la spedizione non \u00e8 possibile per nostra colpa.<br \/>\nLe consegne parziali non possono essere rifiutate dall&#8217;acquirente.<br \/>\nL&#8217;obbligo di rispettare i termini di consegna concordati pu\u00f2 essere assunto solo a condizione che il processo produttivo non venga interrotto.<br \/>\nLe conseguenze di cause di forza maggiore, interruzioni operative, scioperi, serrate, misure ufficiali, carenza di materie prime e ausiliarie al momento della produzione e altre circostanze impreviste che riguardano noi e i nostri fornitori ci autorizzano a cancellare gli obblighi di consegna in tutto o in parte.<br \/>\nIl mancato rispetto dei termini di consegna confermati non autorizzer\u00e0 il cliente ad avanzare richieste di risarcimento danni o a cancellare l&#8217;ordine.<br \/>\nAbbiamo il diritto, ma non l&#8217;obbligo, di effettuare una consegna successiva della spedizione annullata.<br \/>\nSono escluse le richieste di risarcimento danni dovute alla mancata o ritardata esecuzione dell&#8217;ordine.<br \/>\nIl rischio si trasferisce all&#8217;acquirente nel momento in cui la merce lascia la fabbrica o nel momento in cui viene notificata la disponibilit\u00e0 alla spedizione.<br \/>\nIn assenza di istruzioni speciali, il mezzo di trasporto sar\u00e0 scelto a nostra discrezione senza alcuna responsabilit\u00e0 per la spedizione pi\u00f9 economica e veloce.<br \/>\nLa spedizione \u00e8 sempre a rischio del cliente, anche in caso di consegna in porto franco e in caso di riserva di propriet\u00e0.<br \/>\nSe non diversamente concordato, l&#8217;imballaggio sar\u00e0 a nostra discrezione.<br \/>\nSar\u00e0 addebitato ai prezzi applicabili.            <\/p>\n<p>&nbsp;<\/p>\n<h3>6. reclami<\/h3>\n<p>Le denunce di difetti dovuti alla quantit\u00e0, alla qualit\u00e0 o all&#8217;equipaggiamento della merce possono essere prese in considerazione, nella misura in cui non sono annullate dai nostri termini e condizioni di vendita, solo se ci pervengono per iscritto immediatamente dopo la scoperta, ma al pi\u00f9 tardi entro una settimana dal ricevimento della merce nel luogo di ricezione.<br \/>\nI difetti che non possono essere scoperti entro questo periodo, nemmeno con un&#8217;ispezione immediata, devono essere segnalati immediatamente dopo la scoperta. <\/p>\n<p>&nbsp;<\/p>\n<h3>7. garanzia<\/h3>\n<p>Garantiamo che le parti da noi fornite siano prodotte in perfette condizioni in conformit\u00e0 alle specifiche tecniche di consegna concordate.<br \/>\nIl momento del trasferimento del rischio \u00e8 determinante per le condizioni contrattuali della merce.<br \/>\nIl cliente deve notificare per iscritto i difetti immediatamente dopo il ricevimento della merce nel luogo di destinazione, i difetti nascosti immediatamente dopo la scoperta del difetto, ma al pi\u00f9 tardi entro 6 mesi dal trasferimento del rischio.<br \/>\nSe \u00e8 stata concordata l&#8217;accettazione, \u00e8 esclusa la notifica di difetti che avrebbero potuto essere rilevati durante il tipo di accettazione concordata.<br \/>\nDobbiamo avere il tempo e l&#8217;opportunit\u00e0 di accertare il difetto notificato.<br \/>\nLa merce rifiutata deve essere restituita immediatamente su richiesta.<br \/>\nSe il cliente non rispetta questi obblighi o apporta modifiche alla merce rifiutata senza il nostro consenso, perder\u00e0 qualsiasi diritto di garanzia.<br \/>\nSolo in casi urgenti in cui la sicurezza operativa \u00e8 messa a repentaglio e per evitare danni sproporzionati, nel qual caso dobbiamo informarci immediatamente, il cliente avr\u00e0 il diritto (previo nostro consenso) di riparare il difetto da solo o di farlo riparare da terzi o di richiedere a noi il rimborso dei costi necessari.<br \/>\nIn caso di notifica giustificata e tempestiva dei difetti, provvederemo, a nostra discrezione, a riparare la merce difettosa o a fornirne una sostitutiva non difettosa.<br \/>\nNon rimborseremo i costi di smontaggio e installazione, i costi di trasporto, le spese di viaggio, i costi per il trattamento dei beni difettosi da parte del cliente o i costi conseguenti.<br \/>\nSe non adempiamo ai nostri obblighi di garanzia o non li adempiamo in conformit\u00e0 al contratto, il cliente avr\u00e0 il diritto di recedere dal contratto o di ridurre il prezzo in relazione all&#8217;articolo di consegna difettoso dopo la scadenza di un ragionevole periodo di tolleranza.<br \/>\nSono escluse ulteriori rivendicazioni da parte del cliente, in particolare per il risarcimento di danni che non si sono verificati all&#8217;oggetto della consegna, a meno che non siamo colpevoli di dolo o colpa grave.<br \/>\nI diritti di garanzia scadranno 3 mesi dopo il rifiuto scritto della notifica dei difetti da parte nostra, al pi\u00f9 presto alla scadenza del periodo di preavviso.<br \/>\nNon ci assumiamo alcuna responsabilit\u00e0 per i danni causati da usura naturale, montaggio o messa in funzione difettosi da parte del cliente o di terzi, uso inadeguato o improprio di materiali non idonei e manipolazione impropria, errori nella progettazione prescritta dal cliente e altre cause sulle quali non abbiamo alcuna influenza.             <\/p>\n<p>&nbsp;<\/p>\n<h3>8 Consigli tecnici applicativi, soggetti a modifiche<\/h3>\n<p>L&#8217;applicazione, l&#8217;uso e la lavorazione dei prodotti acquistati sono di esclusiva responsabilit\u00e0 dell&#8217;acquirente.<br \/>\nI consigli verbali e scritti del Venditore sulle applicazioni tecniche saranno considerati solo come informazioni non vincolanti, anche per quanto riguarda eventuali diritti di propriet\u00e0 industriale di terzi, e non esonereranno l&#8217;Acquirente dall&#8217;obbligo di testare i prodotti per verificarne l&#8217;idoneit\u00e0 ai processi e agli scopi previsti.<br \/>\nIn caso di responsabilit\u00e0 del venditore, questa sar\u00e0 limitata al valore della merce fornita dal venditore.<br \/>\nCi riserviamo il diritto di apportare modifiche al design.   <\/p>\n<p>&nbsp;<\/p>\n<h3>9. riserva di propriet\u00e0<\/h3>\n<p>La propriet\u00e0 sar\u00e0 trasferita all&#8217;acquirente solo quando quest&#8217;ultimo avr\u00e0 saldato tutti i suoi debiti derivanti dal rapporto commerciale in essere.<br \/>\nL&#8217;accettazione di cambiali o assegni \u00e8 solo a titolo oneroso, pertanto la propriet\u00e0 del rispettivo oggetto d&#8217;acquisto viene trasferita all&#8217;acquirente solo quando il debito viene definitivamente estinto.<br \/>\nI pagamenti tramite assegno con la contemporanea instaurazione di un rapporto di finanziamento tramite cambiale non saranno considerati come un rimborso del credito di acquisto.<br \/>\nSe i beni consegnati o parti di essi vengono installati in un altro oggetto, la riserva di propriet\u00e0 non si estingue; anzi, la compropriet\u00e0 si considera concordata in base ai rapporti di valore del nuovo oggetto.<br \/>\nL&#8217;acquirente \u00e8 autorizzato a lavorare o vendere i beni consegnati con riserva di propriet\u00e0 nel corso della normale attivit\u00e0 commerciale.<br \/>\nTuttavia, non pu\u00f2 dare in pegno i beni o cederli in garanzia.<br \/>\nIn caso di rivendita o di ulteriore lavorazione, l&#8217;acquirente ci cede a titolo di garanzia tutti i crediti derivanti dalla rivendita con tutti i diritti accessori nei confronti del terzo debitore fino all&#8217;importo della fattura con l&#8217;autorizzazione a riscuotere il credito su base proporzionale.<br \/>\nNel caso in cui l&#8217;acquirente riscuota personalmente il credito ceduto, ci\u00f2 avverr\u00e0 solo su base fiduciaria.<br \/>\nI proventi riscossi per nostro conto ci saranno consegnati immediatamente.<br \/>\nSu nostra richiesta, l&#8217;acquirente \u00e8 tenuto a informare gli acquirenti secondari della cessione e a fornire le informazioni necessarie per far valere i nostri diritti nei confronti dell&#8217;acquirente secondario.<br \/>\nL&#8217;acquirente deve informarci immediatamente di qualsiasi sequestro o lesione dei nostri diritti da parte di terzi.<br \/>\nNel caso in cui il secondo acquirente non paghi immediatamente in contanti, l&#8217;acquirente deve riservarci una propriet\u00e0 estesa.           <\/p>\n<p>&nbsp;<\/p>\n<h3>10. termini di pagamento<\/h3>\n<p>Il prezzo di acquisto e le spese per i servizi accessori devono essere pagati al momento della consegna dell&#8217;oggetto della fornitura.<br \/>\nGli accordi contrari decadranno immediatamente se l&#8217;acquirente \u00e8 in ritardo nel pagamento con altri crediti nei nostri confronti, o se veniamo a conoscenza dell&#8217;incertezza della sua situazione finanziaria a causa di una dichiarazione di fallimento, di una domanda giudiziale o extragiudiziale di concordato, di un protesto di cambiale o di assegno, di un pignoramento o dell&#8217;inadempienza di un garante o di altri eventi ai sensi del \u00a7 321 BGB.<br \/>\nIn tal caso, saremo autorizzati a effettuare le consegne in sospeso solo dietro pagamento anticipato o a recedere dal contratto.<br \/>\nGli assegni saranno accettati solo se incassati e saranno considerati come pagamento in contanti solo dal momento dell&#8217;incasso.<br \/>\nSe la data di pagamento viene superata, l&#8217;inadempimento si verifica senza preavviso e siamo autorizzati ad addebitare gli interessi di mora nella misura degli interessi bancari usuali per gli scoperti di conto corrente.<br \/>\nL&#8217;acquirente non ha il diritto di trattenere o compensare i pagamenti a causa di eventuali contropretese.     <\/p>\n<p>&nbsp;<\/p>\n<h3>11. Disegni<\/h3>\n<p>Disegni, documenti e bozze non possono essere divulgati dal destinatario a terzi.<br \/>\nIn caso contrario, il destinatario sar\u00e0 tenuto al risarcimento dei danni.<br \/>\nI disegni o i documenti inviati con le offerte devono essere restituiti dal destinatario se non viene effettuato un ordine.  <\/p>\n<p>&nbsp;<\/p>\n<h3>12. limitazione di responsabilit\u00e0<\/h3>\n<p>La responsabilit\u00e0 del Venditore sar\u00e0 regolata esclusivamente dalle disposizioni di cui sopra.<br \/>\nTutte le rivendicazioni dell&#8217;Acquirente non menzionate in tali disposizioni, nonch\u00e9 le richieste di risarcimento danni, a prescindere dai motivi legali, in particolare anche la responsabilit\u00e0 extracontrattuale e la responsabilit\u00e0 per danni conseguenti, sono escluse nella misura consentita dalla legge; in tutti gli altri casi sono limitate al valore della merce consegnata. <\/p>\n<p>&nbsp;<\/p>\n<h3>13 Legge applicabile, foro competente, invalidit\u00e0 parziale<\/h3>\n<p>Ai presenti termini e condizioni e all&#8217;intero rapporto giuridico tra il venditore e l&#8217;acquirente si applica la legge della Repubblica Federale di Germania.<br \/>\nPer quanto consentito dalla legge, B\u00fcdingen sar\u00e0 il foro competente esclusivo per tutte le controversie derivanti direttamente o indirettamente dal rapporto contrattuale.<br \/>\nIl luogo di adempimento per la consegna e il pagamento \u00e8 Altenstadt.<br \/>\nL&#8217;eventuale invalidit\u00e0 di una disposizione delle presenti relazioni commerciali o di una disposizione nell&#8217;ambito di altri accordi non pregiudica la validit\u00e0 di tutte le altre disposizioni o accordi.   <\/p>\n<p>Amministratori delegati: Uwe Hahmann, Erling Boller Tribunale di Friedberg Registro delle imprese HRB 3347 Partita IVA: DE 112613579<\/p>\n<p>HET Filter GmbH Dieselstra\u00dfe 1 63674 Altenstadt<\/p>\n<p>[\/et_pb_text][\/et_pb_column][\/et_pb_row][\/et_pb_section]<\/p>\n","protected":false},"excerpt":{"rendered":"<p>Condizioni generali di vendita e consegna &nbsp; 1. informazioni generali I seguenti termini e condizioni si applicano esclusivamente a tutte le nostre offerte, vendite e consegne. Effettuando un ordine, il cliente accetta integralmente tali condizioni. Termini e condizioni diversi saranno validi solo se specificamente concordati e confermati da noi per iscritto. Le modifiche a singole condizioni non influenzeranno le altre condizioni. Le contro-conferme dell&#8217;acquirente in merito alla validit\u00e0 dei suoi termini e condizioni commerciali o di acquisto sono respinte. I diritti e gli obblighi derivanti dal contratto di acquisto non possono essere trasferiti a terzi senza il nostro esplicito consenso. Fino a quando non verr\u00e0 raggiunto un accordo contrario, i presenti termini e condizioni si applicheranno a tutte le transazioni commerciali attuali e future, anche se non viene fatto specifico riferimento ad essi quando viene effettuato un singolo ordine nell&#8217;ambito di un rapporto commerciale esistente. &nbsp; 2. offerte Le offerte sono sempre non vincolanti, anche se non espressamente concordate. &nbsp; 3. ordini Gli ordini saranno considerati accettati solo se confermati da noi per iscritto. Se la consegna viene effettuata immediatamente senza conferma, la fattura sar\u00e0 considerata anche come conferma dell&#8217;ordine. &nbsp; 4. Prezzi I nostri prezzi sono soggetti a modifiche [&hellip;]<\/p>\n","protected":false},"author":8,"featured_media":0,"parent":0,"menu_order":0,"comment_status":"closed","ping_status":"closed","template":"","meta":{"_et_pb_use_builder":"on","_et_pb_old_content":"","_et_gb_content_width":"","footnotes":""},"class_list":["post-235816","page","type-page","status-publish","hentry"],"_links":{"self":[{"href":"https:\/\/het-filter.de\/it\/wp-json\/wp\/v2\/pages\/235816","targetHints":{"allow":["GET"]}}],"collection":[{"href":"https:\/\/het-filter.de\/it\/wp-json\/wp\/v2\/pages"}],"about":[{"href":"https:\/\/het-filter.de\/it\/wp-json\/wp\/v2\/types\/page"}],"author":[{"embeddable":true,"href":"https:\/\/het-filter.de\/it\/wp-json\/wp\/v2\/users\/8"}],"replies":[{"embeddable":true,"href":"https:\/\/het-filter.de\/it\/wp-json\/wp\/v2\/comments?post=235816"}],"version-history":[{"count":2,"href":"https:\/\/het-filter.de\/it\/wp-json\/wp\/v2\/pages\/235816\/revisions"}],"predecessor-version":[{"id":235818,"href":"https:\/\/het-filter.de\/it\/wp-json\/wp\/v2\/pages\/235816\/revisions\/235818"}],"wp:attachment":[{"href":"https:\/\/het-filter.de\/it\/wp-json\/wp\/v2\/media?parent=235816"}],"curies":[{"name":"wp","href":"https:\/\/api.w.org\/{rel}","templated":true}]}}