{"id":239247,"date":"2026-02-10T14:17:32","date_gmt":"2026-02-10T13:17:32","guid":{"rendered":"https:\/\/het-filter.de\/?page_id=239247"},"modified":"2026-02-10T14:47:13","modified_gmt":"2026-02-10T13:47:13","slug":"actualites-2","status":"publish","type":"page","link":"https:\/\/het-filter.de\/fr\/mediatheque\/actualites-2\/","title":{"rendered":"\u00c9tudes de cas"},"content":{"rendered":"<p>[et_pb_section fb_built=\u00a0\u00bb1&Prime; _builder_version=\u00a0\u00bb4.20.4&Prime; _module_preset=\u00a0\u00bb_initial\u00a0\u00bb background_color=\u00a0\u00bb#22305A\u00a0\u00bb background_image=\u00a0\u00bbhttps:\/\/het-filter.de\/wp-content\/uploads\/2022\/09\/HET_Pattern_Hintergrund-Ecke.svg\u00a0\u00bb custom_padding=\u00a0\u00bb0px||0px||false|false\u00a0\u00bb background_last_edited=\u00a0\u00bbon|phone\u00a0\u00bb background_image_phone=\u00a0\u00bbhttps:\/\/het-filter.de\/wp-content\/uploads\/2022\/09\/HET_Pattern_Hintergrund-Ecke.svg\u00a0\u00bb background_enable_image_phone=\u00a0\u00bbon\u00a0\u00bb locked=\u00a0\u00bboff\u00a0\u00bb global_colors_info=\u00a0\u00bb{}\u00a0\u00bb][et_pb_row column_structure=\u00a0\u00bb1_2,1_2&Prime; _builder_version=\u00a0\u00bb4.22.1&Prime; _module_preset=\u00a0\u00bba21d3d05-1054-49fc-a669-8ff99b79c4e8&Prime; background_enable_image=\u00a0\u00bboff\u00a0\u00bb background_size=\u00a0\u00bbcustom\u00a0\u00bb background_image_width=\u00a0\u00bb63%\u00a0\u00bb background_position=\u00a0\u00bbtop_right\u00a0\u00bb background_vertical_offset=\u00a0\u00bb23%\u00a0\u00bb width=\u00a0\u00bb90%\u00a0\u00bb max_width=\u00a0\u00bb85%\u00a0\u00bb custom_padding=\u00a0\u00bb10vw||10vw||false|false\u00a0\u00bb custom_padding_phone=\u00a0\u00bb15vw||||false|false\u00a0\u00bb background_last_edited=\u00a0\u00bbon|phone\u00a0\u00bb background_enable_image_phone=\u00a0\u00bboff\u00a0\u00bb background_size_tablet=\u00a0\u00bbcustom\u00a0\u00bb background_size_phone=\u00a0\u00bbcustom\u00a0\u00bb background_image_width_tablet=\u00a0\u00bb72%\u00a0\u00bb background_position_tablet=\u00a0\u00bbbottom_right\u00a0\u00bb background_horizontal_offset_tablet=\u00a0\u00bb-27%\u00a0\u00bb background_vertical_offset_tablet=\u00a0\u00bb200%\u00a0\u00bb global_colors_info=\u00a0\u00bb{}\u00a0\u00bb][et_pb_column type=\u00a0\u00bb1_2&Prime; _builder_version=\u00a0\u00bb4.19.2&Prime; _module_preset=\u00a0\u00bbdefault\u00a0\u00bb custom_padding=\u00a0\u00bb||||false|false\u00a0\u00bb custom_padding_tablet=\u00a0\u00bb||54px||false|false\u00a0\u00bb custom_padding_phone=\u00a0\u00bb||30px||false|false\u00a0\u00bb custom_padding_last_edited=\u00a0\u00bbon|tablet\u00a0\u00bb global_colors_info=\u00a0\u00bb{}\u00a0\u00bb][et_pb_text _builder_version=\u00a0\u00bb4.18.0&Prime; _module_preset=\u00a0\u00bbc6c2d29b-31aa-47c2-9883-cb89782a46e9&Prime; custom_margin=\u00a0\u00bb||10px||false|false\u00a0\u00bb global_colors_info=\u00a0\u00bb{}\u00a0\u00bb]<\/p>\n<h1>\u00c9tudes de cas<\/h1>\n<p>[\/et_pb_text][et_pb_text _builder_version=\u00a0\u00bb4.18.1&Prime; _module_preset=\u00a0\u00bb9fa77f71-541a-47a2-bce5-48e62a83d644&Prime; global_colors_info=\u00a0\u00bb{}\u00a0\u00bb]<\/p>\n<h2>En savoir plus sur les projets en cours avec nos clients.<\/h2>\n<p>[\/et_pb_text][et_pb_button button_url=\u00a0\u00bb#mehr\u00a0\u00bb button_text=\u00a0\u00bbEn savoir plus\u00a0\u00bb _builder_version=\u00a0\u00bb4.22.0&Prime; _module_preset=\u00a0\u00bbe8607ea9-d1e2-4f61-91bd-a362900d9ff7&Prime; global_colors_info=\u00a0\u00bb{}\u00a0\u00bb disabled_on=\u00a0\u00bbon|on|on\u00a0\u00bb disabled=\u00a0\u00bbon\u00a0\u00bb][\/et_pb_button][\/et_pb_column][et_pb_column type=\u00a0\u00bb1_2&Prime; disabled_on=\u00a0\u00bbon|on|off\u00a0\u00bb _builder_version=\u00a0\u00bb4.22.1&Prime; _module_preset=\u00a0\u00bbdefault\u00a0\u00bb background_enable_image=\u00a0\u00bboff\u00a0\u00bb global_colors_info=\u00a0\u00bb{}\u00a0\u00bb][\/et_pb_column][\/et_pb_row][\/et_pb_section][et_pb_section fb_built=\u00a0\u00bb1&Prime; _builder_version=\u00a0\u00bb4.27.4&Prime; _module_preset=\u00a0\u00bbdefault\u00a0\u00bb global_colors_info=\u00a0\u00bb{}\u00a0\u00bb][et_pb_row column_structure=\u00a0\u00bb1_2,1_2&Prime; _builder_version=\u00a0\u00bb4.27.4&Prime; _module_preset=\u00a0\u00bbdefault\u00a0\u00bb global_colors_info=\u00a0\u00bb{}\u00a0\u00bb][et_pb_column type=\u00a0\u00bb1_2&Prime; _builder_version=\u00a0\u00bb4.27.4&Prime; _module_preset=\u00a0\u00bbdefault\u00a0\u00bb global_colors_info=\u00a0\u00bb{}\u00a0\u00bb][dsm_card title=\u00a0\u00bbMERCK LAUNCH &amp; TECHNOLOGY CENTER\u00a0\u00bb image=\u00a0\u00bbhttps:\/\/het-filter.de\/wp-content\/uploads\/2026\/01\/IMG_2431-Kopie.jpg\u00a0\u00bb image_background_height=\u00a0\u00bb350px\u00a0\u00bb use_overlay=\u00a0\u00bbon\u00a0\u00bb overlay_color=\u00a0\u00bbRGBA(34,48,90,0.67)\u00a0\u00bb use_icon=\u00a0\u00bboff\u00a0\u00bb overlay_on_hover=\u00a0\u00bboff\u00a0\u00bb alt=\u00a0\u00bbCentre de lancement et de technologie Merck \u00e0 Darmstadt\u00a0\u00bb button_text=\u00a0\u00bbEn savoir plus\u00a0\u00bb button_url=\u00a0\u00bb@ET-DC@eyJkeW5hbWljIjp0cnVlLCJjb250ZW50IjoicG9zdF9saW5rX3VybF9wYWdlIiwic2V0dGluZ3MiOnsicG9zdF9pZCI6IjIzODM0MSJ9fQ==@\u00a0\u00bb button_url_new_window=\u00a0\u00bb1&Prime; _builder_version=\u00a0\u00bb4.27.4&Prime; _dynamic_attributes=\u00a0\u00bbbutton_url\u00a0\u00bb _module_preset=\u00a0\u00bbdefault\u00a0\u00bb badge_text_align=\u00a0\u00bbcenter\u00a0\u00bb header_text_align=\u00a0\u00bbleft\u00a0\u00bb header_font_size=\u00a0\u00bb81px\u00a0\u00bb header_line_height=\u00a0\u00bb1.6em\u00a0\u00bb body_text_align=\u00a0\u00bbcenter\u00a0\u00bb body_font_size=\u00a0\u00bb44px\u00a0\u00bb subhead_text_align=\u00a0\u00bbcenter\u00a0\u00bb background_enable_image=\u00a0\u00bboff\u00a0\u00bb background_repeat=\u00a0\u00bbrepeat-x\u00a0\u00bb background_blend=\u00a0\u00bbhue\u00a0\u00bb button_alignment=\u00a0\u00bbleft\u00a0\u00bb text_orientation=\u00a0\u00bbcenter\u00a0\u00bb width=\u00a0\u00bb100%\u00a0\u00bb module_alignment=\u00a0\u00bbcenter\u00a0\u00bb min_height=\u00a0\u00bb450px\u00a0\u00bb animation_style=\u00a0\u00bbslide\u00a0\u00bb animation_direction=\u00a0\u00bbleft\u00a0\u00bb border_radii=\u00a0\u00bboff|20px||20px|20px\u00a0\u00bb border_radii_image=\u00a0\u00bbon|0px|0px|0px|0px\u00a0\u00bb box_shadow_style=\u00a0\u00bbpreset1&Prime; box_shadow_color=\u00a0\u00bbRGBA(34,48,90,0.67)\u00a0\u00bb box_shadow_style_badge=\u00a0\u00bbpreset1&Prime; box_shadow_color_badge=\u00a0\u00bbRGBA(34,48,90,0.67)\u00a0\u00bb global_colors_info=\u00a0\u00bb{}\u00a0\u00bb]<\/p>\n<p style=\"text-align: left;\">Le Launch &amp; Technology Center de Darmstadt repr\u00e9sente un nouveau concept de b\u00e2timent con\u00e7u pour des environnements de production flexibles pour des substances actives hautement actives et changeantes. Une filtration int\u00e9gr\u00e9e au processus, des structures modulaires et une conception technique bien pens\u00e9e constituent la base de processus de fabrication s\u00fbrs, reproductibles et \u00e9volutifs. <\/p>\n<p>[\/dsm_card][\/et_pb_column][et_pb_column type=\u00a0\u00bb1_2&Prime; _builder_version=\u00a0\u00bb4.27.4&Prime; _module_preset=\u00a0\u00bbdefault\u00a0\u00bb global_colors_info=\u00a0\u00bb{}\u00a0\u00bb][dsm_card title=\u00a0\u00bbBAYER SOLIDA-1&Prime; image=\u00a0\u00bbhttps:\/\/het-filter.de\/wp-content\/uploads\/2025\/02\/HET-Filter-Anlagen-bei-Bayer-Solida-1.png\u00a0\u00bb image_background_height=\u00a0\u00bb350px\u00a0\u00bb use_overlay=\u00a0\u00bbon\u00a0\u00bb overlay_color=\u00a0\u00bbRGBA(34,48,90,0.67)\u00a0\u00bb use_icon=\u00a0\u00bboff\u00a0\u00bb overlay_on_hover=\u00a0\u00bboff\u00a0\u00bb badge_custom_position=\u00a0\u00bbon\u00a0\u00bb badge_left_position=\u00a0\u00bb0rem\u00a0\u00bb badge_top_position=\u00a0\u00bb0rem\u00a0\u00bb alt=\u00a0\u00bbHET Syst\u00e8mes de filtration chez Bayer AG Solida 1&Prime; button_text=\u00a0\u00bbEn savoir plus\u00a0\u00bb button_url=\u00a0\u00bb@ET-DC@eyJkeW5hbWljIjp0cnVlLCJjb250ZW50IjoicG9zdF9saW5rX3VybF9wYWdlIiwic2V0dGluZ3MiOnsicG9zdF9pZCI6IjIzOTIwMSJ9fQ==@\u00a0\u00bb button_url_new_window=\u00a0\u00bb1&Prime; _builder_version=\u00a0\u00bb4.27.4&Prime; _dynamic_attributes=\u00a0\u00bbbutton_url\u00a0\u00bb _module_preset=\u00a0\u00bbdefault\u00a0\u00bb badge_text_align=\u00a0\u00bbcenter\u00a0\u00bb header_text_align=\u00a0\u00bbleft\u00a0\u00bb header_font_size=\u00a0\u00bb81px\u00a0\u00bb header_line_height=\u00a0\u00bb1.6em\u00a0\u00bb body_text_align=\u00a0\u00bbcenter\u00a0\u00bb body_font_size=\u00a0\u00bb44px\u00a0\u00bb subhead_text_align=\u00a0\u00bbcenter\u00a0\u00bb background_enable_image=\u00a0\u00bboff\u00a0\u00bb background_repeat=\u00a0\u00bbrepeat-x\u00a0\u00bb background_blend=\u00a0\u00bbhue\u00a0\u00bb button_alignment=\u00a0\u00bbleft\u00a0\u00bb text_orientation=\u00a0\u00bbcenter\u00a0\u00bb width=\u00a0\u00bb100%\u00a0\u00bb module_alignment=\u00a0\u00bbcenter\u00a0\u00bb min_height=\u00a0\u00bb450px\u00a0\u00bb animation_style=\u00a0\u00bbslide\u00a0\u00bb animation_direction=\u00a0\u00bbleft\u00a0\u00bb border_radii=\u00a0\u00bboff|20px||20px|20px\u00a0\u00bb border_radii_image=\u00a0\u00bbon|0px|0px|0px|0px\u00a0\u00bb box_shadow_style=\u00a0\u00bbpreset1&Prime; box_shadow_style_badge=\u00a0\u00bbpreset1&Prime; global_colors_info=\u00a0\u00bb{}\u00a0\u00bb]<\/p>\n<p style=\"text-align: left;\">Solida-1 est l&rsquo;usine de comprim\u00e9s ultramoderne de Bayer \u00e0 Leverkusen et repr\u00e9sente un nouveau concept de production qui mise sur la num\u00e9risation, l&rsquo;automatisation et les structures modulaires. Il est centr\u00e9 sur un syst\u00e8me de production en r\u00e9seau et apprenant, dans lequel une gestion intelligente des processus et des solutions de filtration durables permettent une production de comprim\u00e9s flexible et p\u00e9renne. <\/p>\n<p>[\/dsm_card][\/et_pb_column][\/et_pb_row][\/et_pb_section][et_pb_section fb_built=\u00a0\u00bb1&Prime; _builder_version=\u00a0\u00bb4.18.0&Prime; _module_preset=\u00a0\u00bb673e78b2-818f-4d4a-b8ba-99b997d4f244&Prime; locked=\u00a0\u00bboff\u00a0\u00bb global_colors_info=\u00a0\u00bb{}\u00a0\u00bb][et_pb_row _builder_version=\u00a0\u00bb4.18.0&Prime; _module_preset=\u00a0\u00bbdefault\u00a0\u00bb global_colors_info=\u00a0\u00bb{}\u00a0\u00bb][et_pb_column type=\u00a0\u00bb4_4&Prime; _builder_version=\u00a0\u00bb4.18.0&Prime; _module_preset=\u00a0\u00bbdefault\u00a0\u00bb global_colors_info=\u00a0\u00bb{}\u00a0\u00bb][et_pb_text _builder_version=\u00a0\u00bb4.22.1&Prime; _module_preset=\u00a0\u00bb5236ac6f-32f8-43e7-9a7a-87317b9b7c41&Prime; text_text_color=\u00a0\u00bb#F9FBFE\u00a0\u00bb text_line_height=\u00a0\u00bb1.3em\u00a0\u00bb max_width=\u00a0\u00bb50%\u00a0\u00bb max_width_tablet=\u00a0\u00bb100%\u00a0\u00bb max_width_phone=\u00a0\u00bb100%\u00a0\u00bb max_width_last_edited=\u00a0\u00bbon|desktop\u00a0\u00bb module_alignment=\u00a0\u00bbcenter\u00a0\u00bb global_colors_info=\u00a0\u00bb{}\u00a0\u00bb]<\/p>\n<p><span style=\"color: #cf283f;\"><span style=\"color: #3fb498;\">Tout sur la filtration et le d\u00e9poussi\u00e9rage<\/span> <\/span><\/p>\n<h2>Ce qu&rsquo;il faut savoir<\/h2>\n<p>&nbsp;<\/p>\n<p>[\/et_pb_text][\/et_pb_column][\/et_pb_row][\/et_pb_section][et_pb_section fb_built=\u00a0\u00bb1&Prime; _builder_version=\u00a0\u00bb4.18.0&Prime; _module_preset=\u00a0\u00bbdefault\u00a0\u00bb custom_padding=\u00a0\u00bb0px||0px||true|false\u00a0\u00bb global_colors_info=\u00a0\u00bb{}\u00a0\u00bb][et_pb_row _builder_version=\u00a0\u00bb4.18.0&Prime; _module_preset=\u00a0\u00bbdefault\u00a0\u00bb custom_padding=\u00a0\u00bb0px||0px||true|false\u00a0\u00bb global_colors_info=\u00a0\u00bb{}\u00a0\u00bb][et_pb_column type=\u00a0\u00bb4_4&Prime; _builder_version=\u00a0\u00bb4.18.0&Prime; _module_preset=\u00a0\u00bbdefault\u00a0\u00bb global_colors_info=\u00a0\u00bb{}\u00a0\u00bb][et_pb_button button_url=\u00a0\u00bb@ET-DC@eyJkeW5hbWljIjp0cnVlLCJjb250ZW50IjoicG9zdF9saW5rX3VybF9wYWdlIiwic2V0dGluZ3MiOnsicG9zdF9pZCI6IjIwOTQxNyJ9fQ==@\u00a0\u00bb button_text=\u00a0\u00bbVers le blog\u00a0\u00bb button_text_tablet=\u00a0\u00bbZone de t\u00e9l\u00e9chargement\u00a0\u00bb button_text_phone=\u00a0\u00bbZone de t\u00e9l\u00e9chargement\u00a0\u00bb button_text_last_edited=\u00a0\u00bboff|desktop\u00a0\u00bb _builder_version=\u00a0\u00bb4.22.1&Prime; _dynamic_attributes=\u00a0\u00bbbutton_url\u00a0\u00bb _module_preset=\u00a0\u00bbd64323ee-ff23-4799-b3cf-f3a871c5dfe3&Prime; global_colors_info=\u00a0\u00bb{}\u00a0\u00bb button_bg_color__hover_enabled=\u00a0\u00bbon|hover\u00a0\u00bb button_bg_color__hover=\u00a0\u00bb#22305A\u00a0\u00bb button_bg_enable_color__hover=\u00a0\u00bbon\u00a0\u00bb][\/et_pb_button][\/et_pb_column][\/et_pb_row][\/et_pb_section][et_pb_section fb_built=\u00a0\u00bb1&Prime; _builder_version=\u00a0\u00bb4.18.0&Prime; _module_preset=\u00a0\u00bbdefault\u00a0\u00bb locked=\u00a0\u00bboff\u00a0\u00bb global_colors_info=\u00a0\u00bb{}\u00a0\u00bb][et_pb_row column_structure=\u00a0\u00bb1_2,1_2&Prime; _builder_version=\u00a0\u00bb4.22.1&Prime; _module_preset=\u00a0\u00bb6b014628-141d-4b43-8635-9fa92028fd9e\u00a0\u00bb width=\u00a0\u00bb90%\u00a0\u00bb max_width=\u00a0\u00bb85%\u00a0\u00bb global_colors_info=\u00a0\u00bb{}\u00a0\u00bb][et_pb_column type=\u00a0\u00bb1_2&Prime; _builder_version=\u00a0\u00bb4.18.0&Prime; _module_preset=\u00a0\u00bbe590449f-74ea-4bc9-af9c-f5264e1dc094&Prime; global_colors_info=\u00a0\u00bb{}\u00a0\u00bb][et_pb_text _builder_version=\u00a0\u00bb4.22.0&Prime; _module_preset=\u00a0\u00bb0b407d5c-d9b5-4398-b954-e4be7115aead\u00a0\u00bb global_colors_info=\u00a0\u00bb{}\u00a0\u00bb]<\/p>\n<h2>S\u00e9curit\u00e9  <\/h2>\n<p>[\/et_pb_text][et_pb_text _builder_version=\u00a0\u00bb4.22.0&Prime; _module_preset=\u00a0\u00bb3e3920dc-0376-424a-a2f2-ba93bb092aa6&Prime; text_text_color=\u00a0\u00bb#3FB498&Prime; locked=\u00a0\u00bboff\u00a0\u00bb global_colors_info=\u00a0\u00bb{}\u00a0\u00bb]<\/p>\n<h3>est notre mission<\/h3>\n<p>[\/et_pb_text][et_pb_text _builder_version=\u00a0\u00bb4.22.0&Prime; _module_preset=\u00a0\u00bb2ed32a48-0df8-4bc0-a02d-74dd809440c8&Prime; global_colors_info=\u00a0\u00bb{}\u00a0\u00bb]Pour savoir ce qui nous caract\u00e9rise en tant qu&rsquo;entreprise, cliquez ici.[\/et_pb_text][et_pb_button button_url=\u00a0\u00bbhttps:\/\/het-filter.de\/fr\/entreprise\/\u00a0\u00bb url_new_window=\u00a0\u00bbon\u00a0\u00bb button_text=\u00a0\u00bbEntreprise\u00a0\u00bb _builder_version=\u00a0\u00bb4.18.0&Prime; _module_preset=\u00a0\u00bb2d2a1f97-00c3-449b-a1fe-3aeb70a4e5b5&Prime; global_colors_info=\u00a0\u00bb{}\u00a0\u00bb][\/et_pb_button][\/et_pb_column][et_pb_column type=\u00a0\u00bb1_2&Prime; _builder_version=\u00a0\u00bb4.22.1&Prime; _module_preset=\u00a0\u00bbdefault\u00a0\u00bb custom_padding=\u00a0\u00bb||||false|true\u00a0\u00bb custom_padding_tablet=\u00a0\u00bb|2%||2%|false|true\u00a0\u00bb custom_padding_phone=\u00a0\u00bb|2%||2%|false|true\u00a0\u00bb custom_padding_last_edited=\u00a0\u00bbon|phone\u00a0\u00bb global_colors_info=\u00a0\u00bb{}\u00a0\u00bb][et_pb_text _builder_version=\u00a0\u00bb4.18.0&Prime; _module_preset=\u00a0\u00bb0b407d5c-d9b5-4398-b954-e4be7115aead\u00a0\u00bb global_colors_info=\u00a0\u00bb{}\u00a0\u00bb]<\/p>\n<h2>Vous voulez en savoir plus ?<\/h2>\n<p>[\/et_pb_text][et_pb_text _builder_version=\u00a0\u00bb4.22.0&Prime; _module_preset=\u00a0\u00bbed2d24d0-4903-4c9b-bc57-1b5939577a3c\u00a0\u00bb locked=\u00a0\u00bboff\u00a0\u00bb global_colors_info=\u00a0\u00bb{}\u00a0\u00bb]<\/p>\n<h3>Contactez-nous ! <\/h3>\n<p>[\/et_pb_text][et_pb_text _builder_version=\u00a0\u00bb4.22.0&Prime; _module_preset=\u00a0\u00bb2ed32a48-0df8-4bc0-a02d-74dd809440c8&Prime; custom_margin=\u00a0\u00bb||30px||false|false\u00a0\u00bb global_colors_info=\u00a0\u00bb{}\u00a0\u00bb]Nous vous conseillons volontiers sur tous les sujets relatifs \u00e0 votre projet et \u00e0 votre installation de filtration.[\/et_pb_text][et_pb_text _builder_version=\u00a0\u00bb4.22.0&Prime; _module_preset=\u00a0\u00bbdefault\u00a0\u00bb text_text_color=\u00a0\u00bb#CF283F\u00a0\u00bb link_option_url=\u00a0\u00bbhttps:\/\/het-filter.de\/fr\/contact\/\u00a0\u00bb global_colors_info=\u00a0\u00bb{}\u00a0\u00bb]<span style=\"color: #cf283f;\"><a href=\"https:\/\/het-filter.de\/fr\/contact\/\" style=\"color: #cf283f;\">Demandez maintenant !<\/a><\/span>[\/et_pb_text][\/et_pb_column][\/et_pb_row][\/et_pb_section]<\/p>\n","protected":false},"excerpt":{"rendered":"<p>\u00c9tudes de casEn savoir plus sur les projets en cours avec nos clients.<div class=\"et_pb_module dsm_card dsm_card_0 et_animated et_pb_bg_layout_light  dsm_card_layout_stacked et_pb_has_overlay dsm-card-overlay-off\">\n\t\t\t\t\n\t\t\t\t\n\t\t\t\t\n\t\t\t\t\n\t\t\t\t\n\t\t\t\t\n\t\t\t\t<div class=\"et_pb_module_inner\">\n\t\t\t\t\t\n\t\t\t\n\t\t\t<figure class=\"dsm_card_image_wrapper dsm_card_badge_top_right\"><div class=\"dsm_card_image_background dsm_card_img\"><\/div><span class=\"et_overlay dsm-card-icon-empty\" data-icon=\"P\"><\/span><\/figure>\n\t\t\t<div class=\"et_pb_module dsm_card_wrapper et_pb_text_align_center\">\n\t\t\t\t\t\n\t\t\t\t\t<h4 class=\"dsm_card_title et_pb_module_header\">MERCK LAUNCH &amp; TECHNOLOGY CENTER<\/h4>\n\t\t\t\t\t\n\t\t\t\t\t<div class=\"dsm_card_description\">Le Launch &amp; Technology Center de Darmstadt repr\u00e9sente un nouveau concept de b\u00e2timent con\u00e7u pour des environnements de production flexibles pour des substances actives hautement actives et changeantes. Une filtration int\u00e9gr\u00e9e au processus, des structures modulaires et une conception technique bien pens\u00e9e constituent la base de processus de fabrication s\u00fbrs, reproductibles et \u00e9volutifs. <\/div>\n\t\t\t\t\t<div class=\"et_pb_button_wrapper\"><a class=\"et_pb_button et_pb_more_button \" href=\"\">En savoir plus<\/a><\/div>\n\t\t\t\t<\/div>\n\t\t\t\n\t\t\t\t<\/div>\n\t\t\t<\/div><div class=\"et_pb_module dsm_card dsm_card_1 et_animated et_pb_bg_layout_light  dsm_card_layout_stacked et_pb_has_overlay dsm-card-overlay-off\">\n\t\t\t\t\n\t\t\t\t\n\t\t\t\t\n\t\t\t\t\n\t\t\t\t\n\t\t\t\t\n\t\t\t\t<div class=\"et_pb_module_inner\">\n\t\t\t\t\t\n\t\t\t\n\t\t\t<figure class=\"dsm_card_image_wrapper\"><div class=\"dsm_card_image_background dsm_card_img\"><\/div><span class=\"et_overlay dsm-card-icon-empty\" data-icon=\"P\"><\/span><\/figure>\n\t\t\t<div class=\"et_pb_module dsm_card_wrapper et_pb_text_align_center\">\n\t\t\t\t\t\n\t\t\t\t\t<h4 class=\"dsm_card_title et_pb_module_header\">BAYER SOLIDA-1<\/h4>\n\t\t\t\t\t\n\t\t\t\t\t\n\t\t\t\t\t<div class=\"et_pb_button_wrapper\"><a class=\"et_pb_button et_pb_more_button \" href=\"\">En savoir plus<\/a><\/div>\n\t\t\t\t<\/div>\n\t\t\t\n\t\t\t\t<\/div>\n\t\t\t<\/div>Solida-1 est l&rsquo;usine de comprim\u00e9s ultramoderne de Bayer \u00e0 Leverkusen et repr\u00e9sente un nouveau concept de production qui mise sur la num\u00e9risation, l&rsquo;automatisation et les structures modulaires. Il est centr\u00e9 sur un syst\u00e8me [&hellip;]<\/p>\n","protected":false},"author":8,"featured_media":0,"parent":230620,"menu_order":1,"comment_status":"closed","ping_status":"closed","template":"","meta":{"_et_pb_use_builder":"on","_et_pb_old_content":"","_et_gb_content_width":"","footnotes":""},"class_list":["post-239247","page","type-page","status-publish","hentry"],"_links":{"self":[{"href":"https:\/\/het-filter.de\/fr\/wp-json\/wp\/v2\/pages\/239247","targetHints":{"allow":["GET"]}}],"collection":[{"href":"https:\/\/het-filter.de\/fr\/wp-json\/wp\/v2\/pages"}],"about":[{"href":"https:\/\/het-filter.de\/fr\/wp-json\/wp\/v2\/types\/page"}],"author":[{"embeddable":true,"href":"https:\/\/het-filter.de\/fr\/wp-json\/wp\/v2\/users\/8"}],"replies":[{"embeddable":true,"href":"https:\/\/het-filter.de\/fr\/wp-json\/wp\/v2\/comments?post=239247"}],"version-history":[{"count":8,"href":"https:\/\/het-filter.de\/fr\/wp-json\/wp\/v2\/pages\/239247\/revisions"}],"predecessor-version":[{"id":239348,"href":"https:\/\/het-filter.de\/fr\/wp-json\/wp\/v2\/pages\/239247\/revisions\/239348"}],"up":[{"embeddable":true,"href":"https:\/\/het-filter.de\/fr\/wp-json\/wp\/v2\/pages\/230620"}],"wp:attachment":[{"href":"https:\/\/het-filter.de\/fr\/wp-json\/wp\/v2\/media?parent=239247"}],"curies":[{"name":"wp","href":"https:\/\/api.w.org\/{rel}","templated":true}]}}