{"id":230650,"date":"2019-01-15T11:42:44","date_gmt":"2019-01-15T10:42:44","guid":{"rendered":"https:\/\/het-filter.de\/mentions-legales\/"},"modified":"2024-06-04T10:08:13","modified_gmt":"2024-06-04T08:08:13","slug":"mentions-legales","status":"publish","type":"page","link":"https:\/\/het-filter.de\/fr\/mentions-legales\/","title":{"rendered":"Mentions l\u00e9gales"},"content":{"rendered":"<p>[et_pb_section fb_built=\u00a0\u00bb1&Prime; _builder_version=\u00a0\u00bb4.16&Prime; global_colors_info=\u00a0\u00bb{}\u00a0\u00bb][et_pb_row _builder_version=\u00a0\u00bb4.16&Prime; global_colors_info=\u00a0\u00bb{}\u00a0\u00bb][et_pb_column type=\u00a0\u00bb4_4&Prime; _builder_version=\u00a0\u00bb4.16&Prime; custom_padding=\u00a0\u00bb|||\u00a0\u00bb global_colors_info=\u00a0\u00bb{}\u00a0\u00bb custom_padding__hover=\u00a0\u00bb|||\u00a0\u00bb][et_pb_text _builder_version=\u00a0\u00bb4.22.1&Prime; global_colors_info=\u00a0\u00bb{}\u00a0\u00bb]<\/p>\n<header class=\"entry-header\">\n<h1 class=\"entry-title\">IMPRESSUM<\/h1>\n<\/header>\n<p>&nbsp;<\/p>\n<p>HET Filter GmbH<br \/>Dieselstr. 1<br \/>63674 Altenstadt<\/p>\n<p>Repr\u00e9sent\u00e9 par :<br \/>Uwe Hahmann<br \/>Erling Boller<\/p>\n<p>Contact :<br \/>T\u00e9l\u00e9phone : +49 (0) 6047 &#8211; 9644 &#8211; 0<br \/>T\u00e9l\u00e9copieur : +49 (0) 6047 &#8211; 9644 &#8211; 44<br \/>Courrier \u00e9lectronique : <a href=\"mailto:info@het-filter.de\">info@het-filter.de<\/a><\/p>\n<p><strong>Inscription au registre :<\/strong><br \/>Inscription au registre du commerce.<br \/>Tribunal d&rsquo;enregistrement : Tribunal d&rsquo;instance de Friedberg<br \/>Num\u00e9ro d&rsquo;enregistrement : HRB 3347<\/p>\n<p><strong>Num\u00e9ro de TVA intracommunautaire :<\/strong><br \/>Num\u00e9ro d&rsquo;identification de la taxe sur le chiffre d&rsquo;affaires conform\u00e9ment au \u00a727 a de la loi sur la taxe sur le chiffre d&rsquo;affaires :<br \/>FR 112613579<\/p>\n<p>Sources : <a href=\"https:\/\/www.e-recht24.de\/muster-disclaimer.html\" target=\"_blank\" rel=\"noopener\">eRecht24<\/a><\/p>\n<p>[\/et_pb_text][\/et_pb_column][\/et_pb_row][\/et_pb_section]<\/p>\n","protected":false},"excerpt":{"rendered":"<p>IMPRESSUM &nbsp; HET Filter GmbHDieselstr. 163674 Altenstadt Repr\u00e9sent\u00e9 par :Uwe HahmannErling Boller Contact :T\u00e9l\u00e9phone : +49 (0) 6047 &#8211; 9644 &#8211; 0T\u00e9l\u00e9copieur : +49 (0) 6047 &#8211; 9644 &#8211; 44Courrier \u00e9lectronique : info@het-filter.de Inscription au registre :Inscription au registre du commerce.Tribunal d&rsquo;enregistrement : Tribunal d&rsquo;instance de FriedbergNum\u00e9ro d&rsquo;enregistrement : HRB 3347 Num\u00e9ro de TVA intracommunautaire :Num\u00e9ro d&rsquo;identification de la taxe sur le chiffre d&rsquo;affaires conform\u00e9ment au \u00a727 a de la loi sur la taxe sur le chiffre d&rsquo;affaires :FR 112613579 Sources : eRecht24<\/p>\n","protected":false},"author":8,"featured_media":0,"parent":0,"menu_order":21,"comment_status":"closed","ping_status":"closed","template":"","meta":{"_et_pb_use_builder":"on","_et_pb_old_content":"","_et_gb_content_width":"","footnotes":""},"class_list":["post-230650","page","type-page","status-publish","hentry"],"_links":{"self":[{"href":"https:\/\/het-filter.de\/fr\/wp-json\/wp\/v2\/pages\/230650","targetHints":{"allow":["GET"]}}],"collection":[{"href":"https:\/\/het-filter.de\/fr\/wp-json\/wp\/v2\/pages"}],"about":[{"href":"https:\/\/het-filter.de\/fr\/wp-json\/wp\/v2\/types\/page"}],"author":[{"embeddable":true,"href":"https:\/\/het-filter.de\/fr\/wp-json\/wp\/v2\/users\/8"}],"replies":[{"embeddable":true,"href":"https:\/\/het-filter.de\/fr\/wp-json\/wp\/v2\/comments?post=230650"}],"version-history":[{"count":0,"href":"https:\/\/het-filter.de\/fr\/wp-json\/wp\/v2\/pages\/230650\/revisions"}],"wp:attachment":[{"href":"https:\/\/het-filter.de\/fr\/wp-json\/wp\/v2\/media?parent=230650"}],"curies":[{"name":"wp","href":"https:\/\/api.w.org\/{rel}","templated":true}]}}