{"id":230483,"date":"2023-09-18T09:51:15","date_gmt":"2023-09-18T07:51:15","guid":{"rendered":"https:\/\/het-filter.de\/conditions-generales-de-vente\/"},"modified":"2024-08-18T00:57:49","modified_gmt":"2024-08-17T22:57:49","slug":"conditions-generales-de-vente","status":"publish","type":"page","link":"https:\/\/het-filter.de\/fr\/conditions-generales-de-vente\/","title":{"rendered":"Conditions g\u00e9n\u00e9rales de vente"},"content":{"rendered":"<p>[et_pb_section fb_built=\u00a0\u00bb1&Prime; _builder_version=\u00a0\u00bb4.16&Prime; global_colors_info=\u00a0\u00bb{}\u00a0\u00bb theme_builder_area=\u00a0\u00bbpost_content\u00a0\u00bb][et_pb_row _builder_version=\u00a0\u00bb4.16&Prime; global_colors_info=\u00a0\u00bb{}\u00a0\u00bb theme_builder_area=\u00a0\u00bbpost_content\u00a0\u00bb][et_pb_column type=\u00a0\u00bb4_4&Prime; _builder_version=\u00a0\u00bb4.16&Prime; custom_padding=\u00a0\u00bb|||\u00a0\u00bb global_colors_info=\u00a0\u00bb{}\u00a0\u00bb custom_padding__hover=\u00a0\u00bb|||\u00a0\u00bb theme_builder_area=\u00a0\u00bbpost_content\u00a0\u00bb][et_pb_text _builder_version=\u00a0\u00bb4.22.1&Prime; hover_enabled=\u00a0\u00bb0&Prime; global_colors_info=\u00a0\u00bb{}\u00a0\u00bb theme_builder_area=\u00a0\u00bbpost_content\u00a0\u00bb sticky_enabled=\u00a0\u00bb0&Prime;]<\/p>\n<header class=\"entry-header\">\n<h1 class=\"entry-title\">Conditions g\u00e9n\u00e9rales de vente et de livraison<\/h1>\n<\/header>\n<p>&nbsp;<\/p>\n<h3>1. g\u00e9n\u00e9ralit\u00e9s<\/h3>\n<p>Les conditions suivantes s&rsquo;appliquent exclusivement \u00e0 toutes nos offres, ventes et livraisons. En passant une commande, l&rsquo;acheteur se d\u00e9clare d&rsquo;accord avec celles-ci dans leur int\u00e9gralit\u00e9. Des conditions divergentes ne sont valables que si elles ont fait l&rsquo;objet d&rsquo;un accord particulier et d&rsquo;une confirmation \u00e9crite de notre part. Les modifications apport\u00e9es \u00e0 certaines conditions n&rsquo;affectent pas les autres. Les contre-confirmations de l&rsquo;acheteur faisant r\u00e9f\u00e9rence \u00e0 la validit\u00e9 de ses conditions commerciales ou d&rsquo;achat sont ainsi contest\u00e9es. Les droits et obligations d\u00e9coulant du contrat de vente ne peuvent pas \u00eatre transf\u00e9r\u00e9s \u00e0 d&rsquo;autres sans notre consentement expr\u00e8s. Sauf accord contraire, les pr\u00e9sentes conditions s&rsquo;appliquent \u00e0 l&rsquo;ensemble des relations commerciales actuelles et futures, m\u00eame si aucune r\u00e9f\u00e9rence particuli\u00e8re n&rsquo;est faite lors de la passation d&rsquo;une commande individuelle dans le cadre d&rsquo;une relation commerciale existante.<\/p>\n<p>&nbsp;<\/p>\n<h3>2\u00e8me offre<\/h3>\n<p>Les offres sont toujours sans engagement, m\u00eame si elles ne font pas l&rsquo;objet d&rsquo;un accord particulier.<\/p>\n<p>&nbsp;<\/p>\n<h3>3. missions<\/h3>\n<p>Les commandes ne sont consid\u00e9r\u00e9es comme accept\u00e9es que lorsqu&rsquo;elles ont \u00e9t\u00e9 confirm\u00e9es par \u00e9crit par nos soins. Si la livraison a lieu imm\u00e9diatement sans confirmation, la facture fait \u00e9galement office de confirmation de commande.<\/p>\n<p>&nbsp;<\/p>\n<h3>4. prix<\/h3>\n<p>Nos prix sont sans engagement et s&rsquo;entendent d\u00e9part point de livraison, emballage, fret et autres frais d&rsquo;exp\u00e9dition non compris. Les modifications de prix sont autoris\u00e9es si plus de quatre mois se sont \u00e9coul\u00e9s entre la conclusion du contrat et la date de livraison convenue. Si, par la suite, les salaires, les co\u00fbts des mat\u00e9riaux ou les prix de revient du march\u00e9 augmentent jusqu&rsquo;\u00e0 l&rsquo;ach\u00e8vement de la livraison, nous sommes en droit d&rsquo;augmenter le prix de mani\u00e8re appropri\u00e9e en fonction de la hausse des co\u00fbts. L&rsquo;acheteur n&rsquo;est autoris\u00e9 \u00e0 r\u00e9silier le contrat que si l&rsquo;augmentation des prix d\u00e9passe de mani\u00e8re non n\u00e9gligeable l&rsquo;augmentation du co\u00fbt g\u00e9n\u00e9ral de la vie entre la commande et la livraison.<\/p>\n<p>&nbsp;<\/p>\n<h3>5e livraison<\/h3>\n<p>Pour chaque commande individuelle, nous nous r\u00e9servons le droit de convenir du d\u00e9lai de livraison. Le d\u00e9lai de livraison est consid\u00e9r\u00e9 comme respect\u00e9 lorsque l&rsquo;avis de mise \u00e0 disposition pour l&rsquo;exp\u00e9dition est donn\u00e9 \u00e0 temps, si l&rsquo;envoi est impossible sans que nous en soyons responsables. Les livraisons partielles ne peuvent pas \u00eatre refus\u00e9es par l&rsquo;acheteur. Une obligation de respecter les d\u00e9lais de livraison convenus ne peut \u00eatre assum\u00e9e qu&rsquo;\u00e0 condition que le processus de fabrication ne soit pas perturb\u00e9. Les cons\u00e9quences d&rsquo;un cas de force majeure, de perturbations dans l&rsquo;entreprise, de gr\u00e8ves, de lock-out, de mesures administratives, de manque de mati\u00e8res premi\u00e8res et de mati\u00e8res auxiliaires au moment de la fabrication et d&rsquo;autres circonstances impr\u00e9vues chez nous et chez nos fournisseurs nous autorisent \u00e0 annuler tout ou partie des obligations de livraison. Le non-respect des d\u00e9lais de livraison confirm\u00e9s ne donne pas le droit de r\u00e9clamer des dommages et int\u00e9r\u00eats ou d&rsquo;annuler une commande. Nous avons le droit, mais pas l&rsquo;obligation, de proc\u00e9der \u00e0 une nouvelle livraison de l&rsquo;envoi de marchandises qui a \u00e9chou\u00e9. Les demandes de dommages et int\u00e9r\u00eats pour non-ex\u00e9cution ou ex\u00e9cution tardive sont exclues. Le risque est transf\u00e9r\u00e9 \u00e0 l&rsquo;acheteur d\u00e8s que la marchandise quitte l&rsquo;usine ou d\u00e8s que l&rsquo;avis de mise \u00e0 disposition pour exp\u00e9dition est donn\u00e9. En l&rsquo;absence d&rsquo;instructions particuli\u00e8res, le choix du moyen de transport s&rsquo;effectue selon notre meilleure appr\u00e9ciation, sans aucune responsabilit\u00e9 pour le transport le moins cher et le plus rapide. L&rsquo;exp\u00e9dition se fait toujours &#8211; m\u00eame en cas de livraison franco et en cas de r\u00e9serve de propri\u00e9t\u00e9 &#8211; aux risques du client. Sauf accord contraire, l&#8217;emballage est effectu\u00e9 \u00e0 notre discr\u00e9tion. Elle est factur\u00e9e au prix en vigueur.<\/p>\n<p>&nbsp;<\/p>\n<h3>6. r\u00e9clamations<\/h3>\n<p>Les r\u00e9clamations concernant le nombre de pi\u00e8ces, la qualit\u00e9 ou l&rsquo;\u00e9quipement de la marchandise ne peuvent \u00eatre prises en compte, dans la mesure o\u00f9 elles ne sont pas annul\u00e9es par nos conditions de vente, que si elles sont port\u00e9es \u00e0 notre connaissance par notification \u00e9crite d\u00e8s leur constatation et au plus tard dans un d\u00e9lai d&rsquo;une semaine apr\u00e8s r\u00e9ception de la marchandise au lieu de r\u00e9ception. Les d\u00e9fauts qui ne peuvent pas \u00eatre d\u00e9couverts dans ce d\u00e9lai, m\u00eame en cas de contr\u00f4le imm\u00e9diat, doivent \u00eatre signal\u00e9s imm\u00e9diatement apr\u00e8s leur d\u00e9couverte.<\/p>\n<p>&nbsp;<\/p>\n<h3>7. garantie<\/h3>\n<p>Nous garantissons une fabrication irr\u00e9prochable des pi\u00e8ces que nous avons livr\u00e9es, conform\u00e9ment aux prescriptions techniques de livraison convenues. Le moment du transfert des risques est d\u00e9terminant pour l&rsquo;\u00e9tat de la marchandise conform\u00e9ment au contrat. L&rsquo;acheteur doit signaler les d\u00e9fauts par \u00e9crit imm\u00e9diatement apr\u00e8s l&rsquo;arriv\u00e9e de la marchandise au lieu de destination, les vices cach\u00e9s imm\u00e9diatement apr\u00e8s la d\u00e9couverte du d\u00e9faut, mais au plus tard dans les 6 mois suivant le transfert des risques. En cas de r\u00e9ception convenue, toute r\u00e9clamation concernant des d\u00e9fauts qui auraient pu \u00eatre constat\u00e9s lors du type de r\u00e9ception convenu est exclue. Il faut nous donner le temps et l&rsquo;occasion de constater le d\u00e9faut dont nous nous plaignons. La marchandise faisant l&rsquo;objet d&rsquo;une r\u00e9clamation doit nous \u00eatre renvoy\u00e9e imm\u00e9diatement sur demande. Si l&rsquo;acheteur ne respecte pas ces obligations ou s&rsquo;il proc\u00e8de \u00e0 des modifications sur la marchandise faisant l&rsquo;objet de la r\u00e9clamation sans notre accord, il perd ses \u00e9ventuels droits \u00e0 la garantie. Ce n&rsquo;est qu&rsquo;en cas d&rsquo;urgence mettant en danger la s\u00e9curit\u00e9 de l&rsquo;entreprise et pour \u00e9viter des dommages disproportionn\u00e9s, auquel cas nous devons \u00eatre inform\u00e9s imm\u00e9diatement, que l&rsquo;acheteur a le droit (sous r\u00e9serve de notre accord) de faire \u00e9liminer le d\u00e9faut lui-m\u00eame ou par un tiers ou d&rsquo;exiger de nous le remboursement des frais n\u00e9cessaires. En cas de r\u00e9clamation justifi\u00e9e et effectu\u00e9e dans les d\u00e9lais, nous choisissons soit de r\u00e9parer la marchandise incrimin\u00e9e, soit de la remplacer par une marchandise irr\u00e9prochable. Nous ne remboursons pas les frais de d\u00e9montage et de montage, les frais de transport, les frais de d\u00e9placement, les frais de traitement de la marchandise d\u00e9fectueuse par l&rsquo;acheteur, ni les frais cons\u00e9cutifs. Si nous ne remplissons pas nos obligations de garantie ou si nous ne les remplissons pas conform\u00e9ment au contrat, l&rsquo;acheteur est en droit, apr\u00e8s l&rsquo;expiration d&rsquo;un d\u00e9lai suppl\u00e9mentaire raisonnable, de r\u00e9silier le contrat ou de demander une r\u00e9duction de prix pour la marchandise d\u00e9fectueuse. Toute autre pr\u00e9tention de l&rsquo;acheteur, en particulier \u00e0 l&rsquo;indemnisation de dommages qui ne sont pas survenus sur l&rsquo;objet de la livraison lui-m\u00eame, est exclue, sauf si nous sommes coupables de pr\u00e9m\u00e9ditation ou de n\u00e9gligence grave. Les droits de garantie se prescrivent 3 mois apr\u00e8s notre refus \u00e9crit de la r\u00e9clamation, au plus t\u00f4t \u00e0 l&rsquo;expiration du d\u00e9lai de r\u00e9clamation. Nous n&rsquo;assumons aucune garantie pour les dommages dus \u00e0 l&rsquo;usure naturelle, \u00e0 un montage ou une mise en service incorrects par l&rsquo;acheteur ou des tiers, \u00e0 l&rsquo;utilisation inappropri\u00e9e ou non conforme de mat\u00e9riaux non appropri\u00e9s et \u00e0 un traitement non conforme aux prescriptions de l&rsquo;acheteur, \u00e0 des erreurs de construction ainsi qu&rsquo;\u00e0 d&rsquo;autres causes sur lesquelles nous n&rsquo;avons aucune influence.<\/p>\n<p>&nbsp;<\/p>\n<h3>8. conseils techniques d&rsquo;application, r\u00e9serve de modification<\/h3>\n<p>L&rsquo;application, l&rsquo;utilisation et la transformation de la marchandise achet\u00e9e rel\u00e8vent exclusivement de la responsabilit\u00e9 de l&rsquo;acheteur. Les conseils techniques d&rsquo;utilisation donn\u00e9s par le vendeur, oralement et par \u00e9crit, ne sont donn\u00e9s qu&rsquo;\u00e0 titre indicatif, y compris en ce qui concerne d&rsquo;\u00e9ventuels droits de propri\u00e9t\u00e9 intellectuelle de tiers, et ne dispensent pas l&rsquo;acheteur de v\u00e9rifier lui-m\u00eame si les produits conviennent aux proc\u00e9d\u00e9s et aux objectifs envisag\u00e9s. Si une attitude du vendeur devait n\u00e9anmoins entrer en ligne de compte, elle serait limit\u00e9e \u00e0 la valeur de la marchandise livr\u00e9e par le vendeur. Sous r\u00e9serve de modifications de construction.<\/p>\n<p>&nbsp;<\/p>\n<h3>9. r\u00e9serve de propri\u00e9t\u00e9<\/h3>\n<p>La propri\u00e9t\u00e9 n&rsquo;est transf\u00e9r\u00e9e \u00e0 l&rsquo;acheteur que lorsqu&rsquo;il s&rsquo;est acquitt\u00e9 de toutes ses obligations d\u00e9coulant de la relation commerciale existante. L&rsquo;acceptation de lettres de change ou de ch\u00e8ques ne vaut qu&rsquo;\u00e0 titre de paiement, c&rsquo;est pourquoi la propri\u00e9t\u00e9 de l&rsquo;objet d&rsquo;achat respectif n&rsquo;est transf\u00e9r\u00e9e \u00e0 l&rsquo;acheteur qu&rsquo;au moment du remboursement d\u00e9finitif de la dette. Les paiements par ch\u00e8que accompagn\u00e9s d&rsquo;une relation de financement par traite ne sont pas consid\u00e9r\u00e9s comme un remboursement de la cr\u00e9ance d&rsquo;achat. Si la marchandise livr\u00e9e ou des parties de celle-ci sont int\u00e9gr\u00e9es dans un autre objet, la r\u00e9serve de propri\u00e9t\u00e9 ne s&rsquo;\u00e9teint pas ; au contraire, la copropri\u00e9t\u00e9 est consid\u00e9r\u00e9e comme convenue en fonction des rapports de valeur sur le nouvel objet. L&rsquo;acheteur est autoris\u00e9 \u00e0 transformer ou \u00e0 vendre la marchandise livr\u00e9e sous r\u00e9serve de propri\u00e9t\u00e9 dans le cadre de ses activit\u00e9s commerciales habituelles. En revanche, il ne peut pas mettre les marchandises en gage ou en transf\u00e9rer la propri\u00e9t\u00e9 \u00e0 titre de garantie. En cas de revente ou de transformation, l&rsquo;acheteur nous c\u00e8de d&rsquo;ores et d\u00e9j\u00e0, \u00e0 titre de garantie, toutes les cr\u00e9ances issues de la revente avec tous les droits annexes \u00e0 l&rsquo;encontre du tiers d\u00e9biteur jusqu&rsquo;\u00e0 concurrence du montant de la facture avec le droit de recouvrer la cr\u00e9ance au prorata. Si l&rsquo;acheteur recouvre lui-m\u00eame la cr\u00e9ance c\u00e9d\u00e9e, il ne le fait qu&rsquo;\u00e0 titre fiduciaire. Les recettes encaiss\u00e9es pour notre compte doivent nous \u00eatre vers\u00e9es imm\u00e9diatement. A notre demande, l&rsquo;acheteur est tenu de porter la cession \u00e0 la connaissance des seconds acheteurs et de fournir les informations n\u00e9cessaires pour faire valoir nos droits \u00e0 l&rsquo;encontre du second acheteur. L&rsquo;acheteur doit nous informer imm\u00e9diatement de toute saisie ou de toute atteinte \u00e0 nos droits par des tiers. Au cas o\u00f9 le second acheteur ne paierait pas imm\u00e9diatement en esp\u00e8ces, l&rsquo;acheteur doit nous r\u00e9server la propri\u00e9t\u00e9 prolong\u00e9e.<\/p>\n<p>&nbsp;<\/p>\n<h3>10. conditions de paiement<\/h3>\n<p>Le prix d&rsquo;achat et les r\u00e9mun\u00e9rations pour les prestations annexes sont payables \u00e0 la remise de l&rsquo;objet de la livraison. Tout autre accord en cours devient imm\u00e9diatement caduc si l&rsquo;acheteur est en retard de paiement vis-\u00e0-vis de nous pour d&rsquo;autres cr\u00e9ances ou si nous avons connaissance de l&rsquo;ins\u00e9curit\u00e9 de sa situation financi\u00e8re en raison d&rsquo;un d\u00e9p\u00f4t de bilan, d&rsquo;une demande de concordat judiciaire ou extrajudiciaire, d&rsquo;un prot\u00eat de traite ou de ch\u00e8que, d&rsquo;une ex\u00e9cution forc\u00e9e ou de la d\u00e9faillance d&rsquo;un garant ou de tout autre \u00e9v\u00e9nement conform\u00e9ment au \u00a7 321 du Code civil allemand. Dans ce cas, nous sommes en droit de n&rsquo;effectuer les livraisons encore en suspens que contre paiement anticip\u00e9 ou de r\u00e9silier le contrat. Les ch\u00e8ques ne sont accept\u00e9s que sous r\u00e9serve d&rsquo;encaissement et ne sont consid\u00e9r\u00e9s comme paiement en esp\u00e8ces qu&rsquo;\u00e0 partir du moment de l&rsquo;encaissement. En cas de d\u00e9passement de l&rsquo;objectif, il y a retard sans mise en demeure pr\u00e9alable et nous sommes en droit de facturer des int\u00e9r\u00eats de retard \u00e0 hauteur des int\u00e9r\u00eats bancaires habituels pour les d\u00e9couverts. L&rsquo;acheteur n&rsquo;est pas autoris\u00e9 \u00e0 retenir des paiements ou \u00e0 les compenser en raison d&rsquo;\u00e9ventuelles contre-pr\u00e9tentions.<\/p>\n<p>&nbsp;<\/p>\n<h3>11. Dessins<\/h3>\n<p>Les dessins, documents et projets ne doivent pas \u00eatre communiqu\u00e9s par le destinataire \u00e0 des tiers. Les contrevenants s&rsquo;engagent \u00e0 payer l&rsquo;int\u00e9gralit\u00e9 des dommages et int\u00e9r\u00eats. Les dessins ou documents envoy\u00e9s avec les offres doivent \u00eatre restitu\u00e9s par le destinataire si une commande n&rsquo;est pas pass\u00e9e.<\/p>\n<p>&nbsp;<\/p>\n<h3>12. limitation de responsabilit\u00e9<\/h3>\n<p>la responsabilit\u00e9 du vendeur est exclusivement r\u00e9gie par les dispositions des paragraphes pr\u00e9c\u00e9dents. Toutes les pr\u00e9tentions de l&rsquo;acheteur qui n&rsquo;y sont pas mentionn\u00e9es ainsi que les demandes de dommages et int\u00e9r\u00eats, quel qu&rsquo;en soit le motif juridique, en particulier la responsabilit\u00e9 extracontractuelle ainsi que la responsabilit\u00e9 pour les dommages cons\u00e9cutifs, sont exclues &#8211; dans la mesure o\u00f9 cela est juridiquement admissible ; par ailleurs, leur montant est limit\u00e9 dans tous les cas \u00e0 la valeur de la marchandise livr\u00e9e.<\/p>\n<p>&nbsp;<\/p>\n<h3>13. droit applicable, juridiction comp\u00e9tente, nullit\u00e9 partielle<\/h3>\n<p>Les pr\u00e9sentes conditions de vente et l&rsquo;ensemble des relations juridiques entre le vendeur et l&rsquo;acheteur sont r\u00e9gies par le droit de la RFA. Dans la mesure o\u00f9 la loi le permet, B\u00fcdingen est le lieu de juridiction exclusif pour tous les litiges d\u00e9coulant directement ou indirectement de la relation contractuelle. Le lieu d&rsquo;ex\u00e9cution pour la livraison et le paiement est Altenstadt. Si une disposition de ces relations commerciales ou une disposition dans le cadre d&rsquo;un autre accord est ou devient invalide, la validit\u00e9 de toutes les autres dispositions ou accords n&rsquo;en est pas affect\u00e9e.<\/p>\n<p>G\u00e9rants : Uwe Hahmann, Erling Boller Tribunal d&rsquo;instance de Friedberg<br \/>Registre du commerce HRB 3347<br \/>N\u00b0 de TVA : DE 112613579<\/p>\n<p>HET Filter GmbH<br \/>Dieselstra\u00dfe 1<br \/>63674 Altenstadt<\/p>\n<p>[\/et_pb_text][\/et_pb_column][\/et_pb_row][\/et_pb_section]<\/p>\n","protected":false},"excerpt":{"rendered":"<p>Conditions g\u00e9n\u00e9rales de vente et de livraison &nbsp; 1. g\u00e9n\u00e9ralit\u00e9s Les conditions suivantes s&rsquo;appliquent exclusivement \u00e0 toutes nos offres, ventes et livraisons. En passant une commande, l&rsquo;acheteur se d\u00e9clare d&rsquo;accord avec celles-ci dans leur int\u00e9gralit\u00e9. Des conditions divergentes ne sont valables que si elles ont fait l&rsquo;objet d&rsquo;un accord particulier et d&rsquo;une confirmation \u00e9crite de notre part. Les modifications apport\u00e9es \u00e0 certaines conditions n&rsquo;affectent pas les autres. Les contre-confirmations de l&rsquo;acheteur faisant r\u00e9f\u00e9rence \u00e0 la validit\u00e9 de ses conditions commerciales ou d&rsquo;achat sont ainsi contest\u00e9es. Les droits et obligations d\u00e9coulant du contrat de vente ne peuvent pas \u00eatre transf\u00e9r\u00e9s \u00e0 d&rsquo;autres sans notre consentement expr\u00e8s. Sauf accord contraire, les pr\u00e9sentes conditions s&rsquo;appliquent \u00e0 l&rsquo;ensemble des relations commerciales actuelles et futures, m\u00eame si aucune r\u00e9f\u00e9rence particuli\u00e8re n&rsquo;est faite lors de la passation d&rsquo;une commande individuelle dans le cadre d&rsquo;une relation commerciale existante. &nbsp; 2\u00e8me offre Les offres sont toujours sans engagement, m\u00eame si elles ne font pas l&rsquo;objet d&rsquo;un accord particulier. &nbsp; 3. missions Les commandes ne sont consid\u00e9r\u00e9es comme accept\u00e9es que lorsqu&rsquo;elles ont \u00e9t\u00e9 confirm\u00e9es par \u00e9crit par nos soins. Si la livraison a lieu imm\u00e9diatement sans confirmation, la facture fait \u00e9galement office de confirmation de commande. &nbsp; 4. prix [&hellip;]<\/p>\n","protected":false},"author":8,"featured_media":0,"parent":0,"menu_order":0,"comment_status":"closed","ping_status":"closed","template":"","meta":{"_et_pb_use_builder":"on","_et_pb_old_content":"","_et_gb_content_width":"","footnotes":""},"class_list":["post-230483","page","type-page","status-publish","hentry"],"_links":{"self":[{"href":"https:\/\/het-filter.de\/fr\/wp-json\/wp\/v2\/pages\/230483","targetHints":{"allow":["GET"]}}],"collection":[{"href":"https:\/\/het-filter.de\/fr\/wp-json\/wp\/v2\/pages"}],"about":[{"href":"https:\/\/het-filter.de\/fr\/wp-json\/wp\/v2\/types\/page"}],"author":[{"embeddable":true,"href":"https:\/\/het-filter.de\/fr\/wp-json\/wp\/v2\/users\/8"}],"replies":[{"embeddable":true,"href":"https:\/\/het-filter.de\/fr\/wp-json\/wp\/v2\/comments?post=230483"}],"version-history":[{"count":0,"href":"https:\/\/het-filter.de\/fr\/wp-json\/wp\/v2\/pages\/230483\/revisions"}],"wp:attachment":[{"href":"https:\/\/het-filter.de\/fr\/wp-json\/wp\/v2\/media?parent=230483"}],"curies":[{"name":"wp","href":"https:\/\/api.w.org\/{rel}","templated":true}]}}