{"id":239248,"date":"2026-02-10T14:17:32","date_gmt":"2026-02-10T13:17:32","guid":{"rendered":"https:\/\/het-filter.de\/?page_id=239248"},"modified":"2026-02-10T14:47:13","modified_gmt":"2026-02-10T13:47:13","slug":"noticias-2","status":"publish","type":"page","link":"https:\/\/het-filter.de\/es\/mediateca\/noticias-2\/","title":{"rendered":"Casos pr\u00e1cticos"},"content":{"rendered":"<p>[et_pb_section fb_built=\u00bb1&#8243; _builder_version=\u00bb4.20.4&#8243; _module_preset=\u00bb_initial\u00bb background_color=\u00bb#22305A\u00bb background_image=\u00bbhttps:\/\/het-filter.de\/wp-content\/uploads\/2022\/09\/HET_Pattern_Hintergrund-Ecke.svg\u00bb custom_padding=\u00bb0px||0px||false|false\u00bb background_last_edited=\u00bbon|phone\u00bb background_image_phone=\u00bbhttps:\/\/het-filter.de\/wp-content\/uploads\/2022\/09\/HET_Pattern_Hintergrund-Ecke.svg\u00bb background_enable_image_phone=\u00bbon\u00bb locked=\u00bboff\u00bb global_colors_info=\u00bb{}\u00bb][et_pb_row column_structure=\u00bb1_2,1_2&#8243; _builder_version=\u00bb4.22.1&#8243; _module_preset=\u00bba21d3d05-1054-49fc-a669-8ff99b79c4e8&#8243; background_enable_image=\u00bboff\u00bb background_size=\u00bbcustom\u00bb background_image_width=\u00bb63%\u00bb background_position=\u00bbtop_right\u00bb background_vertical_offset=\u00bb23%\u00bb width=\u00bb90%\u00bb max_width=\u00bb85%\u00bb custom_padding=\u00bb10vw||10vw||false|false\u00bb custom_padding_phone=\u00bb15vw||||false|false\u00bb background_last_edited=\u00bbon|phone\u00bb background_enable_image_phone=\u00bboff\u00bb background_size_tablet=\u00bbcustom\u00bb background_size_phone=\u00bbcustom\u00bb background_image_width_tablet=\u00bb72%\u00bb background_position_tablet=\u00bbbottom_right\u00bb background_horizontal_offset_tablet=\u00bb-27%\u00bb background_vertical_offset_tablet=\u00bb200%\u00bb global_colors_info=\u00bb{}\u00bb][et_pb_column type=\u00bb1_2&#8243; _builder_version=\u00bb4.19.2&#8243; _module_preset=\u00bbdefault\u00bb custom_padding=\u00bb||||false|false\u00bb custom_padding_tablet=\u00bb||54px||false|false\u00bb custom_padding_phone=\u00bb||30px||false|false\u00bb custom_padding_last_edited=\u00bbon|tablet\u00bb global_colors_info=\u00bb{}\u00bb][et_pb_text _builder_version=\u00bb4.18.0&#8243; _module_preset=\u00bbc6c2d29b-31aa-47c2-9883-cb89782a46e9&#8243; custom_margin=\u00bb||10px||false|false\u00bb global_colors_info=\u00bb{}\u00bb]<\/p>\n<h1>Casos pr\u00e1cticos<\/h1>\n<p>[\/et_pb_text][et_pb_text _builder_version=\u00bb4.18.1&#8243; _module_preset=\u00bb9fa77f71-541a-47a2-bce5-48e62a83d644&#8243; global_colors_info=\u00bb{}\u00bb]<\/p>\n<h2>M\u00e1s informaci\u00f3n sobre los proyectos actuales con nuestros clientes.<\/h2>\n<p>[\/et_pb_text][et_pb_button button_url=\u00bb#mehr\u00bb button_text=\u00bbSaber m\u00e1s\u00bb _builder_version=\u00bb4.22.0&#8243; _module_preset=\u00bbe8607ea9-d1e2-4f61-91bd-a362900d9ff7&#8243; global_colors_info=\u00bb{}\u00bb disabled_on=\u00bbon|on|on\u00bb disabled=\u00bbon\u00bb][\/et_pb_button][\/et_pb_column][et_pb_column type=\u00bb1_2&#8243; disabled_on=\u00bbon|on|off\u00bb _builder_version=\u00bb4.22.1&#8243; _module_preset=\u00bbdefault\u00bb background_enable_image=\u00bboff\u00bb global_colors_info=\u00bb{}\u00bb][\/et_pb_column][\/et_pb_row][\/et_pb_section][et_pb_section fb_built=\u00bb1&#8243; _builder_version=\u00bb4.27.4&#8243; _module_preset=\u00bbdefault\u00bb global_colors_info=\u00bb{}\u00bb][et_pb_row column_structure=\u00bb1_2,1_2&#8243; _builder_version=\u00bb4.27.4&#8243; _module_preset=\u00bbdefault\u00bb global_colors_info=\u00bb{}\u00bb][et_pb_column type=\u00bb1_2&#8243; _builder_version=\u00bb4.27.4&#8243; _module_preset=\u00bbdefault\u00bb global_colors_info=\u00bb{}\u00bb][dsm_card title=\u00bbCENTRO MERCK DE LANZAMIENTO Y TECNOLOG\u00cdA\u00bb image=\u00bbhttps:\/\/het-filter.de\/wp-content\/uploads\/2026\/01\/IMG_2431-Kopie.jpg\u00bb image_background_height=\u00bb350px\u00bb use_overlay=\u00bbon\u00bb overlay_color=\u00bbRGBA(34,48,90,0.67)\u00bb use_icon=\u00bboff\u00bb overlay_on_hover=\u00bboff\u00bb alt=\u00bbCentro de Lanzamiento y Tecnolog\u00eda de Merck en Darmstadt\u00bb button_text=\u00bbSaber m\u00e1s\u00bb button_url=\u00bb@ET-DC@eyJkeW5hbWljIjp0cnVlLCJjb250ZW50IjoicG9zdF9saW5rX3VybF9wYWdlIiwic2V0dGluZ3MiOnsicG9zdF9pZCI6IjIzODM0MSJ9fQ==@\u00bb button_url_new_window=\u00bb1&#8243; _builder_version=\u00bb4.27.4&#8243; _dynamic_attributes=\u00bbbutton_url\u00bb _module_preset=\u00bbdefault\u00bb badge_text_align=\u00bbcenter\u00bb header_text_align=\u00bbleft\u00bb header_font_size=\u00bb81px\u00bb header_line_height=\u00bb1.6em\u00bb body_text_align=\u00bbcenter\u00bb body_font_size=\u00bb44px\u00bb subhead_text_align=\u00bbcenter\u00bb background_enable_image=\u00bboff\u00bb background_repeat=\u00bbrepeat-x\u00bb background_blend=\u00bbhue\u00bb button_alignment=\u00bbleft\u00bb text_orientation=\u00bbcenter\u00bb width=\u00bb100%\u00bb module_alignment=\u00bbcenter\u00bb min_height=\u00bb450px\u00bb animation_style=\u00bbslide\u00bb animation_direction=\u00bbleft\u00bb border_radii=\u00bboff|20px||20px|20px\u00bb border_radii_image=\u00bbon|0px|0px|0px|0px\u00bb box_shadow_style=\u00bbpreset1&#8243; box_shadow_color=\u00bbRGBA(34,48,90,0.67)\u00bb box_shadow_style_badge=\u00bbpreset1&#8243; box_shadow_color_badge=\u00bbRGBA(34,48,90,0.67)\u00bb global_colors_info=\u00bb{}\u00bb]<\/p>\n<p style=\"text-align: left;\">El Centro de Lanzamiento y Tecnolog\u00eda de Darmstadt representa un nuevo concepto de edificio dise\u00f1ado para entornos de producci\u00f3n flexibles de principios activos altamente activos y cambiantes. La filtraci\u00f3n integrada en el proceso, las estructuras modulares y un dise\u00f1o t\u00e9cnico bien pensado crean la base para unos procesos de fabricaci\u00f3n seguros, reproducibles y escalables. <\/p>\n<p>[\/dsm_card][\/et_pb_column][et_pb_column type=\u00bb1_2&#8243; _builder_version=\u00bb4.27.4&#8243; _module_preset=\u00bbdefault\u00bb global_colors_info=\u00bb{}\u00bb][dsm_card title=\u00bbBAYER SOLIDA-1&#8243; image=\u00bbhttps:\/\/het-filter.de\/wp-content\/uploads\/2025\/02\/HET-Filter-Anlagen-bei-Bayer-Solida-1.png\u00bb image_background_height=\u00bb350px\u00bb use_overlay=\u00bbon\u00bb overlay_color=\u00bbRGBA(34,48,90,0.67)\u00bb use_icon=\u00bboff\u00bb overlay_on_hover=\u00bboff\u00bb badge_custom_position=\u00bbon\u00bb badge_left_position=\u00bb0rem\u00bb badge_top_position=\u00bb0rem\u00bb alt=\u00bbSistemas de filtrado HET en Bayer AG Solida 1&#8243; button_text=\u00bbSaber m\u00e1s\u00bb button_url=\u00bb@ET-DC@eyJkeW5hbWljIjp0cnVlLCJjb250ZW50IjoicG9zdF9saW5rX3VybF9wYWdlIiwic2V0dGluZ3MiOnsicG9zdF9pZCI6IjIzOTIwMSJ9fQ==@\u00bb button_url_new_window=\u00bb1&#8243; _builder_version=\u00bb4.27.4&#8243; _dynamic_attributes=\u00bbbutton_url\u00bb _module_preset=\u00bbdefault\u00bb badge_text_align=\u00bbcenter\u00bb header_text_align=\u00bbleft\u00bb header_font_size=\u00bb81px\u00bb header_line_height=\u00bb1.6em\u00bb body_text_align=\u00bbcenter\u00bb body_font_size=\u00bb44px\u00bb subhead_text_align=\u00bbcenter\u00bb background_enable_image=\u00bboff\u00bb background_repeat=\u00bbrepeat-x\u00bb background_blend=\u00bbhue\u00bb button_alignment=\u00bbleft\u00bb text_orientation=\u00bbcenter\u00bb width=\u00bb100%\u00bb module_alignment=\u00bbcenter\u00bb min_height=\u00bb450px\u00bb animation_style=\u00bbslide\u00bb animation_direction=\u00bbleft\u00bb border_radii=\u00bboff|20px||20px|20px\u00bb border_radii_image=\u00bbon|0px|0px|0px|0px\u00bb box_shadow_style=\u00bbpreset1&#8243; box_shadow_style_badge=\u00bbpreset1&#8243; global_colors_info=\u00bb{}\u00bb]<\/p>\n<p style=\"text-align: left;\">Solida-1 es la moderna f\u00e1brica de comprimidos de Bayer en Leverkusen y representa un nuevo concepto de producci\u00f3n centrado en la digitalizaci\u00f3n, la automatizaci\u00f3n y las estructuras modulares. En su centro hay un sistema de producci\u00f3n en red que aprende, en el que el control inteligente de los procesos y las soluciones de filtraci\u00f3n sostenibles permiten una producci\u00f3n de comprimidos flexible y preparada para el futuro. <\/p>\n<p>[\/dsm_card][\/et_pb_column][\/et_pb_row][\/et_pb_section][et_pb_section fb_built=\u00bb1&#8243; _builder_version=\u00bb4.18.0&#8243; _module_preset=\u00bb673e78b2-818f-4d4a-b8ba-99b997d4f244&#8243; locked=\u00bboff\u00bb global_colors_info=\u00bb{}\u00bb][et_pb_row _builder_version=\u00bb4.18.0&#8243; _module_preset=\u00bbdefault\u00bb global_colors_info=\u00bb{}\u00bb][et_pb_column type=\u00bb4_4&#8243; _builder_version=\u00bb4.18.0&#8243; _module_preset=\u00bbdefault\u00bb global_colors_info=\u00bb{}\u00bb][et_pb_text _builder_version=\u00bb4.22.1&#8243; _module_preset=\u00bb5236ac6f-32f8-43e7-9a7a-87317b9b7c41&#8243; text_text_color=\u00bb#F9FBFE\u00bb text_line_height=\u00bb1.3em\u00bb max_width=\u00bb50%\u00bb max_width_tablet=\u00bb100%\u00bb max_width_phone=\u00bb100%\u00bb max_width_last_edited=\u00bbon|desktop\u00bb module_alignment=\u00bbcenter\u00bb global_colors_info=\u00bb{}\u00bb]<\/p>\n<p><span style=\"color: #cf283f;\"><span style=\"color: #3fb498;\">Todo sobre la filtraci\u00f3n y el desempolvado<\/span> <\/span><\/p>\n<h2>Merece la pena saber<\/h2>\n<p>&nbsp;<\/p>\n<p>[\/et_pb_text][\/et_pb_column][\/et_pb_row][\/et_pb_section][et_pb_section fb_built=\u00bb1&#8243; _builder_version=\u00bb4.18.0&#8243; _module_preset=\u00bbdefault\u00bb custom_padding=\u00bb0px||0px||true|false\u00bb global_colors_info=\u00bb{}\u00bb][et_pb_row _builder_version=\u00bb4.18.0&#8243; _module_preset=\u00bbdefault\u00bb custom_padding=\u00bb0px||0px||true|false\u00bb global_colors_info=\u00bb{}\u00bb][et_pb_column type=\u00bb4_4&#8243; _builder_version=\u00bb4.18.0&#8243; _module_preset=\u00bbdefault\u00bb global_colors_info=\u00bb{}\u00bb][et_pb_button button_url=\u00bb@ET-DC@eyJkeW5hbWljIjp0cnVlLCJjb250ZW50IjoicG9zdF9saW5rX3VybF9wYWdlIiwic2V0dGluZ3MiOnsicG9zdF9pZCI6IjIwOTQxNyJ9fQ==@\u00bb button_text=\u00bbAl blog\u00bb button_text_tablet=\u00bb\u00c1rea de descargas\u00bb button_text_phone=\u00bb\u00c1rea de descargas\u00bb button_text_last_edited=\u00bboff|desktop\u00bb _builder_version=\u00bb4.22.1&#8243; _dynamic_attributes=\u00bbbutton_url\u00bb _module_preset=\u00bbd64323ee-ff23-4799-b3cf-f3a871c5dfe3&#8243; global_colors_info=\u00bb{}\u00bb button_bg_color__hover_enabled=\u00bbon|hover\u00bb button_bg_color__hover=\u00bb#22305A\u00bb button_bg_enable_color__hover=\u00bbon\u00bb][\/et_pb_button][\/et_pb_column][\/et_pb_row][\/et_pb_section][et_pb_section fb_built=\u00bb1&#8243; _builder_version=\u00bb4.18.0&#8243; _module_preset=\u00bbdefault\u00bb locked=\u00bboff\u00bb global_colors_info=\u00bb{}\u00bb][et_pb_row column_structure=\u00bb1_2,1_2&#8243; _builder_version=\u00bb4.22.1&#8243; _module_preset=\u00bb6b014628-141d-4b43-8635-9fa92028fd9e\u00bb width=\u00bb90%\u00bb max_width=\u00bb85%\u00bb global_colors_info=\u00bb{}\u00bb][et_pb_column type=\u00bb1_2&#8243; _builder_version=\u00bb4.18.0&#8243; _module_preset=\u00bbe590449f-74ea-4bc9-af9c-f5264e1dc094&#8243; global_colors_info=\u00bb{}\u00bb][et_pb_text _builder_version=\u00bb4.22.0&#8243; _module_preset=\u00bb0b407d5c-d9b5-4398-b954-e4be7115aead\u00bb global_colors_info=\u00bb{}\u00bb]<\/p>\n<h2>Seguridad  <\/h2>\n<p>[\/et_pb_text][et_pb_text _builder_version=\u00bb4.22.0&#8243; _module_preset=\u00bb3e3920dc-0376-424a-a2f2-ba93bb092aa6&#8243; text_text_color=\u00bb#3FB498&#8243; locked=\u00bboff\u00bb global_colors_info=\u00bb{}\u00bb]<\/p>\n<h3>es nuestra misi\u00f3n<\/h3>\n<p>[\/et_pb_text][et_pb_text _builder_version=\u00bb4.22.0&#8243; _module_preset=\u00bb2ed32a48-0df8-4bc0-a02d-74dd809440c8&#8243; global_colors_info=\u00bb{}\u00bb]Aqu\u00ed puedes descubrir lo que nos caracteriza como empresa.[\/et_pb_text][et_pb_button button_url=\u00bbhttps:\/\/het-filter.de\/es\/la-empresa\/\u00bb url_new_window=\u00bbon\u00bb button_text=\u00bbLa empresa\u00bb _builder_version=\u00bb4.18.0&#8243; _module_preset=\u00bb2d2a1f97-00c3-449b-a1fe-3aeb70a4e5b5&#8243; global_colors_info=\u00bb{}\u00bb][\/et_pb_button][\/et_pb_column][et_pb_column type=\u00bb1_2&#8243; _builder_version=\u00bb4.22.1&#8243; _module_preset=\u00bbdefault\u00bb custom_padding=\u00bb||||false|true\u00bb custom_padding_tablet=\u00bb|2%||2%|false|true\u00bb custom_padding_phone=\u00bb|2%||2%|false|true\u00bb custom_padding_last_edited=\u00bbon|phone\u00bb global_colors_info=\u00bb{}\u00bb][et_pb_text _builder_version=\u00bb4.18.0&#8243; _module_preset=\u00bb0b407d5c-d9b5-4398-b954-e4be7115aead\u00bb global_colors_info=\u00bb{}\u00bb]<\/p>\n<h2>\u00bfQuieres saber m\u00e1s?<\/h2>\n<p>[\/et_pb_text][et_pb_text _builder_version=\u00bb4.22.0&#8243; _module_preset=\u00bbed2d24d0-4903-4c9b-bc57-1b5939577a3c\u00bb locked=\u00bboff\u00bb global_colors_info=\u00bb{}\u00bb]<\/p>\n<h3>Ponte en contacto con nosotros  <\/h3>\n<p>[\/et_pb_text][et_pb_text _builder_version=\u00bb4.22.0&#8243; _module_preset=\u00bb2ed32a48-0df8-4bc0-a02d-74dd809440c8&#8243; custom_margin=\u00bb||30px||false|false\u00bb global_colors_info=\u00bb{}\u00bb]Estaremos encantados de asesorarte en todos los temas relacionados con tu proyecto y tu sistema de filtrado.[\/et_pb_text][et_pb_text _builder_version=\u00bb4.22.0&#8243; _module_preset=\u00bbdefault\u00bb text_text_color=\u00bb#CF283F\u00bb link_option_url=\u00bbhttps:\/\/het-filter.de\/es\/contacta-con-nosotros\/\u00bb global_colors_info=\u00bb{}\u00bb]<span style=\"color: #cf283f;\"><a href=\"https:\/\/het-filter.de\/es\/contacta-con-nosotros\/\" style=\"color: #cf283f;\">Inf\u00f3rmate ahora<\/a><\/span>[\/et_pb_text][\/et_pb_column][\/et_pb_row][\/et_pb_section]<\/p>\n","protected":false},"excerpt":{"rendered":"<p>Casos pr\u00e1cticosM\u00e1s informaci\u00f3n sobre los proyectos actuales con nuestros clientes.<div class=\"et_pb_module dsm_card dsm_card_0 et_animated et_pb_bg_layout_light  dsm_card_layout_stacked et_pb_has_overlay dsm-card-overlay-off\">\n\t\t\t\t\n\t\t\t\t\n\t\t\t\t\n\t\t\t\t\n\t\t\t\t\n\t\t\t\t\n\t\t\t\t<div class=\"et_pb_module_inner\">\n\t\t\t\t\t\n\t\t\t\n\t\t\t<figure class=\"dsm_card_image_wrapper dsm_card_badge_top_right\"><div class=\"dsm_card_image_background dsm_card_img\"><\/div><span class=\"et_overlay dsm-card-icon-empty\" data-icon=\"P\"><\/span><\/figure>\n\t\t\t<div class=\"et_pb_module dsm_card_wrapper et_pb_text_align_center\">\n\t\t\t\t\t\n\t\t\t\t\t<h4 class=\"dsm_card_title et_pb_module_header\">CENTRO MERCK DE LANZAMIENTO Y TECNOLOG\u00cdA<\/h4>\n\t\t\t\t\t\n\t\t\t\t\t<div class=\"dsm_card_description\">El Centro de Lanzamiento y Tecnolog\u00eda de Darmstadt representa un nuevo concepto de edificio dise\u00f1ado para entornos de producci\u00f3n flexibles de principios activos altamente activos y cambiantes. La filtraci\u00f3n integrada en el proceso, las estructuras modulares y un dise\u00f1o t\u00e9cnico bien pensado crean la base para unos procesos de fabricaci\u00f3n seguros, reproducibles y escalables. <\/div>\n\t\t\t\t\t<div class=\"et_pb_button_wrapper\"><a class=\"et_pb_button et_pb_more_button \" href=\"\">Saber m\u00e1s<\/a><\/div>\n\t\t\t\t<\/div>\n\t\t\t\n\t\t\t\t<\/div>\n\t\t\t<\/div><div class=\"et_pb_module dsm_card dsm_card_1 et_animated et_pb_bg_layout_light  dsm_card_layout_stacked et_pb_has_overlay dsm-card-overlay-off\">\n\t\t\t\t\n\t\t\t\t\n\t\t\t\t\n\t\t\t\t\n\t\t\t\t\n\t\t\t\t\n\t\t\t\t<div class=\"et_pb_module_inner\">\n\t\t\t\t\t\n\t\t\t\n\t\t\t<figure class=\"dsm_card_image_wrapper\"><div class=\"dsm_card_image_background dsm_card_img\"><\/div><span class=\"et_overlay dsm-card-icon-empty\" data-icon=\"P\"><\/span><\/figure>\n\t\t\t<div class=\"et_pb_module dsm_card_wrapper et_pb_text_align_center\">\n\t\t\t\t\t\n\t\t\t\t\t<h4 class=\"dsm_card_title et_pb_module_header\">BAYER SOLIDA-1<\/h4>\n\t\t\t\t\t\n\t\t\t\t\t\n\t\t\t\t\t<div class=\"et_pb_button_wrapper\"><a class=\"et_pb_button et_pb_more_button \" href=\"\">Saber m\u00e1s<\/a><\/div>\n\t\t\t\t<\/div>\n\t\t\t\n\t\t\t\t<\/div>\n\t\t\t<\/div>Solida-1 es la moderna f\u00e1brica de comprimidos de Bayer en Leverkusen y representa un nuevo concepto de producci\u00f3n centrado en la digitalizaci\u00f3n, la automatizaci\u00f3n y las estructuras modulares. En su centro hay un sistema de producci\u00f3n [&hellip;]<\/p>\n","protected":false},"author":8,"featured_media":0,"parent":233940,"menu_order":1,"comment_status":"closed","ping_status":"closed","template":"","meta":{"_et_pb_use_builder":"on","_et_pb_old_content":"","_et_gb_content_width":"","footnotes":""},"class_list":["post-239248","page","type-page","status-publish","hentry"],"_links":{"self":[{"href":"https:\/\/het-filter.de\/es\/wp-json\/wp\/v2\/pages\/239248","targetHints":{"allow":["GET"]}}],"collection":[{"href":"https:\/\/het-filter.de\/es\/wp-json\/wp\/v2\/pages"}],"about":[{"href":"https:\/\/het-filter.de\/es\/wp-json\/wp\/v2\/types\/page"}],"author":[{"embeddable":true,"href":"https:\/\/het-filter.de\/es\/wp-json\/wp\/v2\/users\/8"}],"replies":[{"embeddable":true,"href":"https:\/\/het-filter.de\/es\/wp-json\/wp\/v2\/comments?post=239248"}],"version-history":[{"count":6,"href":"https:\/\/het-filter.de\/es\/wp-json\/wp\/v2\/pages\/239248\/revisions"}],"predecessor-version":[{"id":239349,"href":"https:\/\/het-filter.de\/es\/wp-json\/wp\/v2\/pages\/239248\/revisions\/239349"}],"up":[{"embeddable":true,"href":"https:\/\/het-filter.de\/es\/wp-json\/wp\/v2\/pages\/233940"}],"wp:attachment":[{"href":"https:\/\/het-filter.de\/es\/wp-json\/wp\/v2\/media?parent=239248"}],"curies":[{"name":"wp","href":"https:\/\/api.w.org\/{rel}","templated":true}]}}