{"id":234043,"date":"2022-09-28T09:14:06","date_gmt":"2022-09-28T07:14:06","guid":{"rendered":"https:\/\/het-filter.de\/servicio\/hetparts\/"},"modified":"2025-03-17T13:28:47","modified_gmt":"2025-03-17T12:28:47","slug":"hetparts","status":"publish","type":"page","link":"https:\/\/het-filter.de\/es\/servicio\/hetparts\/","title":{"rendered":"HETparts"},"content":{"rendered":"<p>[et_pb_section fb_built=\u00bb1&#8243; _builder_version=\u00bb4.20.4&#8243; _module_preset=\u00bb_initial\u00bb background_color=\u00bb#22305A\u00bb background_image=\u00bbhttps:\/\/het-filter.de\/wp-content\/uploads\/2022\/09\/HET_Pattern_Hintergrund-Ecke.svg\u00bb custom_padding=\u00bb0px||0px||false|false\u00bb background_last_edited=\u00bbon|phone\u00bb background_image_phone=\u00bbhttps:\/\/het-filter.de\/wp-content\/uploads\/2022\/09\/HET_Pattern_Hintergrund-Ecke.svg\u00bb background_enable_image_phone=\u00bbon\u00bb locked=\u00bboff\u00bb global_colors_info=\u00bb{}\u00bb][et_pb_row custom_padding_last_edited=\u00bbon|phone\u00bb _builder_version=\u00bb4.22.1&#8243; _module_preset=\u00bbcf483cc1-d176-4247-b1de-19821f47edfb\u00bb width=\u00bb90%\u00bb max_width=\u00bb85%\u00bb custom_padding=\u00bb10vw||10vw||false|false\u00bb custom_padding_tablet=\u00bb10vw||10vw||false|false\u00bb custom_padding_phone=\u00bb10vw||10vw||false|false\u00bb global_colors_info=\u00bb{}\u00bb][et_pb_column type=\u00bb4_4&#8243; _builder_version=\u00bb4.18.0&#8243; _module_preset=\u00bbdefault\u00bb global_colors_info=\u00bb{}\u00bb][et_pb_image src=\u00bbhttps:\/\/het-filter.de\/wp-content\/uploads\/2023\/07\/HETparts-weiss.png\u00bb title_text=\u00bbHETparts-blanco\u00bb _builder_version=\u00bb4.22.1&#8243; _module_preset=\u00bbdefault\u00bb transform_translate=\u00bb-24px|0px\u00bb transform_translate_linked=\u00bboff\u00bb width=\u00bb35%\u00bb width_tablet=\u00bb50%\u00bb width_phone=\u00bb60%\u00bb width_last_edited=\u00bbon|phone\u00bb custom_margin=\u00bb||||false|false\u00bb custom_padding=\u00bb|||0px|false|false\u00bb custom_padding_tablet=\u00bb|||0px|false|false\u00bb custom_padding_phone=\u00bb|||0px|false|false\u00bb custom_padding_last_edited=\u00bbon|desktop\u00bb global_colors_info=\u00bb{}\u00bb][\/et_pb_image][et_pb_text _builder_version=\u00bb4.22.1&#8243; _module_preset=\u00bb9fa77f71-541a-47a2-bce5-48e62a83d644&#8243; custom_padding=\u00bb||||false|false\u00bb global_colors_info=\u00bb{}\u00bb]<\/p>\n<h2>Perfectamente equipado durante todo el ciclo de vida<\/h2>\n<p>[\/et_pb_text][et_pb_button button_url=\u00bb#mehr\u00bb button_text=\u00bbSaber m\u00e1s\u00bb _builder_version=\u00bb4.22.0&#8243; _module_preset=\u00bbe8607ea9-d1e2-4f61-91bd-a362900d9ff7&#8243; global_colors_info=\u00bb{}\u00bb][\/et_pb_button][\/et_pb_column][\/et_pb_row][\/et_pb_section][et_pb_section fb_built=\u00bb1&#8243; module_id=\u00bbmehr\u00bb _builder_version=\u00bb4.18.1&#8243; _module_preset=\u00bbcb209d8b-e221-4b07-9eec-1d7689c3b945&#8243; locked=\u00bboff\u00bb global_colors_info=\u00bb{}\u00bb][et_pb_row column_structure=\u00bb1_2,1_2&#8243; use_custom_gutter=\u00bbon\u00bb gutter_width=\u00bb2&#8243; make_equal=\u00bbon\u00bb _builder_version=\u00bb4.22.1&#8243; _module_preset=\u00bbdefault\u00bb width=\u00bb100%\u00bb max_width=\u00bb100%\u00bb custom_margin=\u00bb||||false|false\u00bb custom_padding=\u00bb||||false|false\u00bb custom_css_main_element=\u00bbalign-items:center;\u00bb global_colors_info=\u00bb{}\u00bb][et_pb_column type=\u00bb1_2&#8243; _builder_version=\u00bb4.22.1&#8243; _module_preset=\u00bbdefault\u00bb custom_padding=\u00bb|3%||8%|false|false\u00bb global_colors_info=\u00bb{}\u00bb][et_pb_image src=\u00bbhttps:\/\/het-filter.de\/wp-content\/uploads\/2022\/11\/HETfil-e1680254669299.png\u00bb title_text=\u00bbHETfil\u00bb _builder_version=\u00bb4.22.1&#8243; _module_preset=\u00bbdefault\u00bb width=\u00bb30%\u00bb width_tablet=\u00bb30%\u00bb width_phone=\u00bb50%\u00bb width_last_edited=\u00bbon|phone\u00bb custom_margin=\u00bb||16px||false|false\u00bb custom_margin_tablet=\u00bb|||30px|false|false\u00bb custom_margin_phone=\u00bb||16px|10px|false|false\u00bb custom_margin_last_edited=\u00bboff|desktop\u00bb global_colors_info=\u00bb{}\u00bb][\/et_pb_image][et_pb_text _builder_version=\u00bb4.22.1&#8243; _module_preset=\u00bb3e3920dc-0376-424a-a2f2-ba93bb092aa6&#8243; custom_margin_tablet=\u00bb||16px|30px|false|false\u00bb custom_margin_phone=\u00bb|||10px|false|false\u00bb custom_margin_last_edited=\u00bboff|desktop\u00bb global_colors_info=\u00bb{}\u00bb]<\/p>\n<h3>Filtrar c\u00e9lulas de una sola fuente<\/h3>\n<p>[\/et_pb_text][et_pb_text _builder_version=\u00bb4.22.1&#8243; _module_preset=\u00bb2ed32a48-0df8-4bc0-a02d-74dd809440c8&#8243; custom_margin_tablet=\u00bb|30px||30px|false|false\u00bb custom_margin_phone=\u00bb||25px|10px|false|false\u00bb custom_margin_last_edited=\u00bboff|desktop\u00bb global_colors_info=\u00bb{}\u00bb]<\/p>\n<p>En el centro de nuestros sistemas de filtraci\u00f3n est\u00e1n los filtros HEPA de alta calidad que desarrollamos y fabricamos en nuestra propia planta de producci\u00f3n de Altenstadt. Estos filtros HEPA son la base de nuestra capacidad para ofrecer soluciones de primera clase en desempolvado y filtraci\u00f3n de aire, siempre con una \u00f3ptima relaci\u00f3n calidad-precio y plazos de entrega cortos. Cada filtro HEPA se somete a un riguroso proceso de pruebas y certificaci\u00f3n en nuestra f\u00e1brica para garantizar que cumple los requisitos de alta calidad y se adapta a las necesidades y requisitos espec\u00edficos de nuestros clientes.<\/p>\n<p>Tambi\u00e9n ofrecemos sistemas de limpieza innovadores para aumentar la eficacia y prolongar la vida \u00fatil de nuestros filtros HEPA. Estos sistemas permiten regenerar los elementos filtrantes de nuestros sistemas sin necesidad de una parada completa. Al dividir la superficie filtrante en varios m\u00f3dulos independientes, cada elemento puede extraerse individualmente del proceso de filtraci\u00f3n y limpiarse. Este procedimiento garantiza una operatividad continua y maximiza la vida \u00fatil de cada filtro HEPA.<\/p>\n<p>Al integrar estos filtros en nuestros sistemas, nos aseguramos de que nuestros clientes se beneficien de un alto rendimiento de filtraci\u00f3n constante. La modularidad y personalizaci\u00f3n de nuestros sistemas garantizan un alto grado de flexibilidad y eficacia para satisfacer los requisitos m\u00e1s diversos de las distintas industrias. Nuestros clientes conf\u00edan en la calidad y el rendimiento de nuestros filtros HEPA, que desempe\u00f1an un papel clave en la pureza y calidad del aire de sus instalaciones.<\/p>\n<p>[\/et_pb_text][et_pb_button button_url=\u00bb@ET-DC@eyJkeW5hbWljIjp0cnVlLCJjb250ZW50IjoicG9zdF9saW5rX3VybF9wYWdlIiwic2V0dGluZ3MiOnsicG9zdF9pZCI6IjIwOTQ4OCJ9fQ==@\u00bb button_text=\u00bbHETfil\u00bb _builder_version=\u00bb4.22.1&#8243; _dynamic_attributes=\u00bbbutton_url\u00bb _module_preset=\u00bb2d2a1f97-00c3-449b-a1fe-3aeb70a4e5b5&#8243; custom_margin_tablet=\u00bb||||false|false\u00bb custom_margin_phone=\u00bb||||false|false\u00bb custom_margin_last_edited=\u00bbon|phone\u00bb global_colors_info=\u00bb{}\u00bb][\/et_pb_button][\/et_pb_column][et_pb_column type=\u00bb1_2&#8243; _builder_version=\u00bb4.18.0&#8243; _module_preset=\u00bbdefault\u00bb global_colors_info=\u00bb{}\u00bb][et_pb_image src=\u00bbhttps:\/\/het-filter.de\/wp-content\/uploads\/2022\/11\/Slider_Fotos_HETfil.jpg\u00bb title_text=\u00bbSlider_Fotos_HETfil\u00bb _builder_version=\u00bb4.20.4&#8243; _module_preset=\u00bb58248d50-f7c2-4d98-bc0a-d4af98f19e1f\u00bb global_colors_info=\u00bb{}\u00bb][\/et_pb_image][\/et_pb_column][\/et_pb_row][\/et_pb_section][et_pb_section fb_built=\u00bb1&#8243; _builder_version=\u00bb4.18.0&#8243; _module_preset=\u00bb673e78b2-818f-4d4a-b8ba-99b997d4f244&#8243; locked=\u00bboff\u00bb global_colors_info=\u00bb{}\u00bb][et_pb_row _builder_version=\u00bb4.18.0&#8243; _module_preset=\u00bbdefault\u00bb global_colors_info=\u00bb{}\u00bb][et_pb_column type=\u00bb4_4&#8243; _builder_version=\u00bb4.18.0&#8243; _module_preset=\u00bbdefault\u00bb global_colors_info=\u00bb{}\u00bb][et_pb_text _builder_version=\u00bb4.27.0&#8243; _module_preset=\u00bb5236ac6f-32f8-43e7-9a7a-87317b9b7c41&#8243; header_3_font=\u00bbAlmarena regular||||||||\u00bb header_3_font_size=\u00bb18px\u00bb global_colors_info=\u00bb{}\u00bb]<\/p>\n<h3><span style=\"color: #3fb498;\">Estaremos encantados de asesorarte<br \/><\/span><\/h3>\n<h2>Ponte en contacto con nosotros<\/h2>\n<p>[\/et_pb_text][\/et_pb_column][\/et_pb_row][\/et_pb_section][et_pb_section fb_built=\u00bb1&#8243; custom_padding_last_edited=\u00bbon|desktop\u00bb _builder_version=\u00bb4.19.2&#8243; _module_preset=\u00bbdefault\u00bb custom_margin=\u00bb||||false|false\u00bb custom_padding=\u00bb0px||0px||false|false\u00bb custom_padding_tablet=\u00bb0px||0px||false|false\u00bb custom_padding_phone=\u00bb0px||0px||false|false\u00bb locked=\u00bboff\u00bb global_colors_info=\u00bb{}\u00bb][et_pb_row column_structure=\u00bb2_5,3_5&#8243; make_equal=\u00bbon\u00bb _builder_version=\u00bb4.27.0&#8243; _module_preset=\u00bbdefault\u00bb background_color=\u00bb#FFFFFF\u00bb transform_scale_linked=\u00bboff\u00bb position_origin_a=\u00bbcenter_center\u00bb vertical_offset=\u00bb-90px\u00bb width=\u00bb90%\u00bb max_width=\u00bb85%\u00bb custom_margin=\u00bb20px||||false|false\u00bb custom_padding=\u00bb|50px|0px|50px|false|false\u00bb animation_style=\u00bbslide\u00bb animation_direction=\u00bbbottom\u00bb animation_intensity_slide=\u00bb10%\u00bb border_radii=\u00bboff|10px||10px|10px\u00bb border_color_all=\u00bb#3FB498&#8243; box_shadow_style=\u00bbpreset2&#8243; box_shadow_horizontal=\u00bb0px\u00bb box_shadow_vertical=\u00bb12px\u00bb box_shadow_spread=\u00bb-6px\u00bb box_shadow_color=\u00bbRGBA(98,193,192,0.46)\u00bb global_colors_info=\u00bb{}\u00bb][et_pb_column type=\u00bb2_5&#8243; _builder_version=\u00bb4.27.0&#8243; _module_preset=\u00bbdefault\u00bb global_colors_info=\u00bb{}\u00bb][dsm_flipbox flipbox_effect=\u00bbup\u00bb flipbox_height=\u00bb15rem\u00bb flipbox_height_tablet=\u00bb24vw\u00bb flipbox_height_phone=\u00bb24vw\u00bb flipbox_height_last_edited=\u00bbon|desktop\u00bb module_class=\u00bbwerte\u00bb _builder_version=\u00bb4.27.0&#8243; _module_preset=\u00bbdefault\u00bb content_text_align=\u00bbcenter\u00bb content_text_color=\u00bb#3FB498&#8243; width_tablet=\u00bb35vw\u00bb width_phone=\u00bb31vw\u00bb width_last_edited=\u00bbon|tablet\u00bb custom_margin=\u00bb||||false|false\u00bb border_radii=\u00bboff|40px||40px|40px\u00bb locked=\u00bboff\u00bb global_colors_info=\u00bb{}\u00bb][dsm_flipbox_child button_url_new_window=\u00bb1&#8243; _builder_version=\u00bb4.22.1&#8243; _module_preset=\u00bbdefault\u00bb header_font=\u00bb||||||||\u00bb header_text_align=\u00bbcenter\u00bb header_font_size=\u00bb2.2rem\u00bb background_enable_color=\u00bboff\u00bb background_image=\u00bbhttps:\/\/het-filter.de\/wp-content\/uploads\/2023\/09\/Timo_Grieshaber-scaled.webp\u00bb background_enable_image=\u00bbon\u00bb background_blend=\u00bbsoft-light\u00bb custom_padding=\u00bb0px|4px|0px|4px|true|true\u00bb child_filter_opacity=\u00bb0%\u00bb header_font_size_tablet=\u00bb24px\u00bb header_font_size_phone=\u00bb12px\u00bb header_font_size_last_edited=\u00bbon|tablet\u00bb border_width_all=\u00bb3px\u00bb border_color_all=\u00bb#22305A\u00bb global_colors_info=\u00bb{}\u00bb parent_header_level=\u00bbh4&#8243;][\/dsm_flipbox_child][dsm_flipbox_child title=\u00bbTimo Grieshaber\u00bb button_url_new_window=\u00bb1&#8243; _builder_version=\u00bb4.27.0&#8243; _module_preset=\u00bb702d81a5-2cb4-494e-9866-749142c223d4&#8243; header_level=\u00bbh5&#8243; header_font=\u00bbAlmarena regular||||||||\u00bb header_text_align=\u00bbcenter\u00bb header_text_color=\u00bb#FFFFFF\u00bb header_font_size=\u00bb25px\u00bb content_text_align=\u00bbcenter\u00bb content_text_color=\u00bb#FFFFFF\u00bb content_font_size=\u00bb1rem\u00bb content_line_height=\u00bb1em\u00bb subhead_text_color=\u00bb#FFFFFF\u00bb content_ul_text_color=\u00bb#000000&#8243; content_ul_font_size=\u00bb1rem\u00bb content_ul_line_height=\u00bb1.3em\u00bb background_color=\u00bb#22305A\u00bb background_enable_color=\u00bbon\u00bb background_enable_image=\u00bboff\u00bb custom_padding=\u00bb1.3rem|4%|0.5rem|4%|false|true\u00bb header_font_size_tablet=\u00bb24px\u00bb header_font_size_phone=\u00bb10px\u00bb header_font_size_last_edited=\u00bbon|phone\u00bb border_width_all=\u00bb3px\u00bb border_color_all=\u00bb#22305A\u00bb global_colors_info=\u00bb{}\u00bb parent_header_level=\u00bbh4&#8243;]<\/p>\n<p><span style=\"font-family: ETmodules; color: #ffffff;\">\ue090<\/span> <a href=\"tel:+496047964424\"><span style=\"color: #ffffff;\">+49 6047 9644-24<\/span><\/a><\/p>\n<p><span style=\"font-family: ETmodules; color: #ffffff;\">\ue010<\/span> <a href=\"mailto:tgrieshaber@het-filter.de\"><span style=\"color: #ffffff;\">tgrieshaber@het-filter.de<\/span><\/a><\/p>\n<p>[\/dsm_flipbox_child][\/dsm_flipbox][\/et_pb_column][et_pb_column type=\u00bb3_5&#8243; _builder_version=\u00bb4.27.0&#8243; _module_preset=\u00bbdefault\u00bb global_colors_info=\u00bb{}\u00bb][dsm_contact_form_7 cf7_library=\u00bb235031&#8243; show_validation=\u00bbon\u00bb label_bottom_spacing=\u00bb0px\u00bb input_background_color=\u00bb#FFFFFF\u00bb file_padding=\u00bb0px||0px||false|false\u00bb error_msg_background_color=\u00bbRGBA(255,255,255,0)\u00bb _builder_version=\u00bb4.27.0&#8243; _module_preset=\u00bbdefault\u00bb labels_line_height=\u00bb0em\u00bb placeholder_text_color=\u00bb#22305A\u00bb error_msg_text_color=\u00bb#CF283F\u00bb error_validation_text_color=\u00bb#CF283F\u00bb custom_button_one=\u00bbon\u00bb button_one_text_color=\u00bb#FFFFFF\u00bb button_one_bg_color=\u00bb#3FB498&#8243; button_one_letter_spacing=\u00bb0px\u00bb button_one_custom_margin=\u00bb0px||||false|false\u00bb custom_padding=\u00bb||20px||false|false\u00bb labels_font_size_tablet=\u00bb\u00bb labels_font_size_phone=\u00bb15px\u00bb labels_font_size_last_edited=\u00bbon|phone\u00bb labels_line_height_tablet=\u00bb0em\u00bb labels_line_height_phone=\u00bb1em\u00bb labels_line_height_last_edited=\u00bbon|phone\u00bb radio_checkbox_line_height_tablet=\u00bb\u00bb radio_checkbox_line_height_phone=\u00bb\u00bb radio_checkbox_line_height_last_edited=\u00bbon|phone\u00bb file_font_size_tablet=\u00bb\u00bb file_font_size_phone=\u00bb\u00bb file_font_size_last_edited=\u00bbon|phone\u00bb border_radii_image=\u00bboff|10px||10px|10px\u00bb border_width_all_image=\u00bb1px\u00bb border_color_all_image=\u00bb#22305A\u00bb border_width_bottom_image=\u00bb1px\u00bb border_radii_error_msg=\u00bboff|20px||20px|20px\u00bb border_color_all_error_msg=\u00bb#CF283F\u00bb border_radii_error_validation=\u00bboff|10px||10px|10px\u00bb border_color_all_error_validation=\u00bb#CF283F\u00bb border_radii_validation_success=\u00bboff|10px||10px|10px\u00bb border_color_all_validation_success=\u00bb#3fb498&#8243; global_colors_info=\u00bb{}\u00bb][\/dsm_contact_form_7][\/et_pb_column][\/et_pb_row][\/et_pb_section][et_pb_section fb_built=\u00bb1&#8243; _builder_version=\u00bb4.18.1&#8243; _module_preset=\u00bbcb209d8b-e221-4b07-9eec-1d7689c3b945&#8243; custom_margin=\u00bb0em||4em||false|false\u00bb custom_padding=\u00bb0px||||false|false\u00bb locked=\u00bboff\u00bb global_colors_info=\u00bb{}\u00bb][et_pb_row column_structure=\u00bb1_2,1_2&#8243; use_custom_gutter=\u00bbon\u00bb gutter_width=\u00bb2&#8243; make_equal=\u00bbon\u00bb _builder_version=\u00bb4.22.1&#8243; _module_preset=\u00bbdefault\u00bb width=\u00bb100%\u00bb max_width=\u00bb100%\u00bb custom_margin=\u00bb||||false|false\u00bb custom_padding=\u00bb0px||||false|false\u00bb custom_css_main_element=\u00bbalign-items: center;\u00bb global_colors_info=\u00bb{}\u00bb][et_pb_column type=\u00bb1_2&#8243; _builder_version=\u00bb4.19.2&#8243; _module_preset=\u00bbdefault\u00bb global_colors_info=\u00bb{}\u00bb][et_pb_image src=\u00bbhttps:\/\/het-filter.de\/wp-content\/uploads\/2023\/06\/het-parts-liner.webp\u00bb alt=\u00bbDatos t\u00e9cnicos\u00bb title_text=\u00bbhet-parts-liner\u00bb disabled_on=\u00bbon|on|off\u00bb _builder_version=\u00bb4.20.4&#8243; _module_preset=\u00bbe4a5fce0-375a-42fe-9381-09136c92ce19&#8243; global_colors_info=\u00bb{}\u00bb][\/et_pb_image][\/et_pb_column][et_pb_column type=\u00bb1_2&#8243; _builder_version=\u00bb4.22.1&#8243; _module_preset=\u00bbdefault\u00bb custom_padding=\u00bb||||false|false\u00bb global_colors_info=\u00bb{}\u00bb][et_pb_text _builder_version=\u00bb4.22.1&#8243; _module_preset=\u00bb0b407d5c-d9b5-4398-b954-e4be7115aead\u00bb text_font=\u00bb||||||||\u00bb custom_margin_tablet=\u00bb|3%|0px|8%|false|false\u00bb custom_margin_phone=\u00bb|||8%|false|false\u00bb custom_margin_last_edited=\u00bbon|phone\u00bb global_colors_info=\u00bb{}\u00bb]<\/p>\n<h2>Accesorios de contenci\u00f3n<\/h2>\n<p>[\/et_pb_text][et_pb_text _builder_version=\u00bb4.22.1&#8243; _module_preset=\u00bb3e3920dc-0376-424a-a2f2-ba93bb092aa6&#8243; custom_margin_tablet=\u00bb|3%||8%|false|false\u00bb custom_margin_phone=\u00bb|3%|16px|8%|false|false\u00bb custom_margin_last_edited=\u00bbon|phone\u00bb global_colors_info=\u00bb{}\u00bb]<\/p>\n<h3>Todo lo que necesitas para tus necesidades de contenci\u00f3n<\/h3>\n<p>[\/et_pb_text][et_pb_text _builder_version=\u00bb4.22.1&#8243; _module_preset=\u00bb2ed32a48-0df8-4bc0-a02d-74dd809440c8&#8243; custom_margin_tablet=\u00bb|3%|25px|8%|false|false\u00bb custom_margin_phone=\u00bb|3%||8%|false|false\u00bb custom_margin_last_edited=\u00bbon|tablet\u00bb global_colors_info=\u00bb{}\u00bb]<\/p>\n<p>Las industrias farmac\u00e9utica y qu\u00edmica plantean exigencias especialmente elevadas a la tecnolog\u00eda de filtraci\u00f3n en la producci\u00f3n, debido al uso de sustancias muy contaminadas. Por eso protegemos el entorno de trabajo de los polvos nocivos no s\u00f3lo durante el funcionamiento normal. Tambi\u00e9n garantizamos la eliminaci\u00f3n segura y sin contacto de sustancias altamente eficaces durante los trabajos de mantenimiento y reparaci\u00f3n. Nuestros sistemas cumplen los estrictos requisitos para un funcionamiento seguro de la OEB 6.<\/p>\n<p>Esto se garantiza mediante un cambio de bolsa de protecci\u00f3n sin contacto con el polvo mediante un sistema de cambio seguro, as\u00ed como un filtro primario (filtro de trabajo) y un filtro secundario (filtro de seguridad). Tambi\u00e9n ofrecemos sistemas con el sistema de limpieza de lavado in situ (WIP) o un sistema de barrera de acceso restringido (RABS) para los requisitos m\u00e1s exigentes.<\/p>\n<p>[\/et_pb_text][et_pb_button button_url=\u00bb@ET-DC@eyJkeW5hbWljIjp0cnVlLCJjb250ZW50IjoicG9zdF9saW5rX3VybF9wYWdlIiwic2V0dGluZ3MiOnsicG9zdF9pZCI6IjIwOTQ4OSJ9fQ==@\u00bb button_text=\u00bbCaracter\u00edsticas\u00bb _builder_version=\u00bb4.22.2&#8243; _dynamic_attributes=\u00bbbutton_url\u00bb _module_preset=\u00bb2d2a1f97-00c3-449b-a1fe-3aeb70a4e5b5&#8243; custom_margin_tablet=\u00bb|||8%|false|false\u00bb custom_margin_phone=\u00bb|||8%|false|false\u00bb custom_margin_last_edited=\u00bbon|phone\u00bb global_colors_info=\u00bb{}\u00bb][\/et_pb_button][et_pb_image src=\u00bbhttps:\/\/het-filter.de\/wp-content\/uploads\/2023\/06\/het-parts-liner.webp\u00bb alt=\u00bbDatos t\u00e9cnicos\u00bb title_text=\u00bbhet-parts-liner\u00bb disabled_on=\u00bboff|off|on\u00bb _builder_version=\u00bb4.20.4&#8243; _module_preset=\u00bbe4a5fce0-375a-42fe-9381-09136c92ce19&#8243; global_colors_info=\u00bb{}\u00bb][\/et_pb_image][\/et_pb_column][\/et_pb_row][\/et_pb_section][et_pb_section fb_built=\u00bb1&#8243; _builder_version=\u00bb4.18.1&#8243; _module_preset=\u00bb673e78b2-818f-4d4a-b8ba-99b997d4f244&#8243; custom_margin=\u00bb4em||||false|false\u00bb locked=\u00bboff\u00bb global_colors_info=\u00bb{}\u00bb][et_pb_row _builder_version=\u00bb4.18.0&#8243; _module_preset=\u00bbdefault\u00bb global_colors_info=\u00bb{}\u00bb][et_pb_column type=\u00bb4_4&#8243; _builder_version=\u00bb4.18.0&#8243; _module_preset=\u00bbdefault\u00bb global_colors_info=\u00bb{}\u00bb][et_pb_text _builder_version=\u00bb4.18.1&#8243; _module_preset=\u00bb5236ac6f-32f8-43e7-9a7a-87317b9b7c41&#8243; global_colors_info=\u00bb{}\u00bb]<\/p>\n<p><span style=\"color: #3fb498;\">Necesitas<\/span><\/p>\n<h2>\u00bfAsistencia t\u00e9cnica?<\/h2>\n<p>[\/et_pb_text][\/et_pb_column][\/et_pb_row][\/et_pb_section][et_pb_section fb_built=\u00bb1&#8243; _builder_version=\u00bb4.18.1&#8243; _module_preset=\u00bbdefault\u00bb custom_padding=\u00bb0px||0px||true|false\u00bb global_colors_info=\u00bb{}\u00bb][et_pb_row _builder_version=\u00bb4.18.1&#8243; _module_preset=\u00bbdefault\u00bb custom_padding=\u00bb0px||0px||true|false\u00bb global_colors_info=\u00bb{}\u00bb][et_pb_column type=\u00bb4_4&#8243; _builder_version=\u00bb4.18.1&#8243; _module_preset=\u00bbdefault\u00bb global_colors_info=\u00bb{}\u00bb][et_pb_button button_url=\u00bb@ET-DC@eyJkeW5hbWljIjp0cnVlLCJjb250ZW50IjoicG9zdF9saW5rX3VybF9wYWdlIiwic2V0dGluZ3MiOnsicG9zdF9pZCI6IjIwOTA1NiJ9fQ==@\u00bb button_text=\u00bbFormulario de inscripci\u00f3n de apoyo\u00bb _builder_version=\u00bb4.22.1&#8243; _dynamic_attributes=\u00bbbutton_url\u00bb _module_preset=\u00bbd64323ee-ff23-4799-b3cf-f3a871c5dfe3&#8243; global_colors_info=\u00bb{}\u00bb button_bg_color__hover_enabled=\u00bbon|hover\u00bb button_bg_color__hover=\u00bb#22305A\u00bb button_bg_enable_color__hover=\u00bbon\u00bb][\/et_pb_button][\/et_pb_column][\/et_pb_row][\/et_pb_section][et_pb_section fb_built=\u00bb1&#8243; _builder_version=\u00bb4.18.0&#8243; _module_preset=\u00bbdefault\u00bb locked=\u00bboff\u00bb global_colors_info=\u00bb{}\u00bb][et_pb_row column_structure=\u00bb1_2,1_2&#8243; _builder_version=\u00bb4.22.1&#8243; _module_preset=\u00bb6b014628-141d-4b43-8635-9fa92028fd9e\u00bb width=\u00bb90%\u00bb max_width=\u00bb85%\u00bb global_colors_info=\u00bb{}\u00bb][et_pb_column type=\u00bb1_2&#8243; _builder_version=\u00bb4.18.0&#8243; _module_preset=\u00bbe590449f-74ea-4bc9-af9c-f5264e1dc094&#8243; global_colors_info=\u00bb{}\u00bb][et_pb_text _builder_version=\u00bb4.20.4&#8243; _module_preset=\u00bb0b407d5c-d9b5-4398-b954-e4be7115aead\u00bb global_colors_info=\u00bb{}\u00bb]<\/p>\n<h2>Nuestra tecnolog\u00eda<\/h2>\n<p>[\/et_pb_text][et_pb_text _builder_version=\u00bb4.20.4&#8243; _module_preset=\u00bb3e3920dc-0376-424a-a2f2-ba93bb092aa6&#8243; text_text_color=\u00bb#3FB498&#8243; locked=\u00bboff\u00bb global_colors_info=\u00bb{}\u00bb]<\/p>\n<h3>para una protecci\u00f3n \u00f3ptima del personal y del producto<\/h3>\n<p>[\/et_pb_text][et_pb_text _builder_version=\u00bb4.20.4&#8243; _module_preset=\u00bb2ed32a48-0df8-4bc0-a02d-74dd809440c8&#8243; custom_margin=\u00bb||30px||false|false\u00bb global_colors_info=\u00bb{}\u00bb]<\/p>\n<p>M\u00e1s informaci\u00f3n sobre nuestras tecnolog\u00edas de filtraci\u00f3n, contenci\u00f3n y protecci\u00f3n contra explosiones.<\/p>\n<p>[\/et_pb_text][et_pb_button button_url=\u00bbhttps:\/\/het-filter.de\/es\/tecnologias\/\u00bb button_text=\u00bbSaber m\u00e1s\u00bb _builder_version=\u00bb4.22.0&#8243; _module_preset=\u00bb2d2a1f97-00c3-449b-a1fe-3aeb70a4e5b5&#8243; global_colors_info=\u00bb{}\u00bb][\/et_pb_button][\/et_pb_column][et_pb_column type=\u00bb1_2&#8243; _builder_version=\u00bb4.22.1&#8243; _module_preset=\u00bbdefault\u00bb custom_padding_tablet=\u00bb|||3%|false|false\u00bb custom_padding_phone=\u00bb|||2%|false|false\u00bb custom_padding_last_edited=\u00bbon|phone\u00bb global_colors_info=\u00bb{}\u00bb][et_pb_text _builder_version=\u00bb4.18.0&#8243; _module_preset=\u00bb0b407d5c-d9b5-4398-b954-e4be7115aead\u00bb global_colors_info=\u00bb{}\u00bb]<\/p>\n<h2>\u00bfQuieres saber m\u00e1s?<\/h2>\n<p>[\/et_pb_text][et_pb_text _builder_version=\u00bb4.22.0&#8243; _module_preset=\u00bbed2d24d0-4903-4c9b-bc57-1b5939577a3c\u00bb locked=\u00bboff\u00bb global_colors_info=\u00bb{}\u00bb]<\/p>\n<h3>Ponte en contacto con nosotros  <\/h3>\n<p>[\/et_pb_text][et_pb_text _builder_version=\u00bb4.22.0&#8243; _module_preset=\u00bb2ed32a48-0df8-4bc0-a02d-74dd809440c8&#8243; custom_margin=\u00bb||30px||false|false\u00bb global_colors_info=\u00bb{}\u00bb]Estaremos encantados de asesorarte en todos los temas relacionados con tu proyecto y tu sistema de filtrado.[\/et_pb_text][et_pb_text _builder_version=\u00bb4.22.0&#8243; _module_preset=\u00bbdefault\u00bb text_text_color=\u00bb#CF283F\u00bb link_option_url=\u00bbhttps:\/\/het-filter.de\/es\/contacta-con-nosotros\/\u00bb global_colors_info=\u00bb{}\u00bb]<span style=\"color: #cf283f;\"><a href=\"https:\/\/het-filter.de\/es\/contacta-con-nosotros\/\" style=\"color: #cf283f;\">Inf\u00f3rmate ahora<\/a><\/span>[\/et_pb_text][\/et_pb_column][\/et_pb_row][\/et_pb_section]<\/p>\n","protected":false},"excerpt":{"rendered":"<p>Perfectamente equipado durante todo el ciclo de vidaFiltrar c\u00e9lulas de una sola fuenteEn el centro de nuestros sistemas de filtraci\u00f3n est\u00e1n los filtros HEPA de alta calidad que desarrollamos y fabricamos en nuestra propia planta de producci\u00f3n de Altenstadt. Estos filtros HEPA son la base de nuestra capacidad para ofrecer soluciones de primera clase en desempolvado y filtraci\u00f3n de aire, siempre con una \u00f3ptima relaci\u00f3n calidad-precio y plazos de entrega cortos. Cada filtro HEPA se somete a un riguroso proceso de pruebas y certificaci\u00f3n en nuestra f\u00e1brica para garantizar que cumple los requisitos de alta calidad y se adapta a las necesidades y requisitos espec\u00edficos de nuestros clientes. Tambi\u00e9n ofrecemos sistemas de limpieza innovadores para aumentar la eficacia y prolongar la vida \u00fatil de nuestros filtros HEPA. Estos sistemas permiten regenerar los elementos filtrantes de nuestros sistemas sin necesidad de una parada completa. Al dividir la superficie filtrante en varios m\u00f3dulos independientes, cada elemento puede extraerse individualmente del proceso de filtraci\u00f3n y limpiarse. Este procedimiento garantiza una operatividad continua y maximiza la vida \u00fatil de cada filtro HEPA. Al integrar estos filtros en nuestros sistemas, nos aseguramos de que nuestros clientes se beneficien de un alto rendimiento de filtraci\u00f3n constante. [&hellip;]<\/p>\n","protected":false},"author":8,"featured_media":0,"parent":234037,"menu_order":1,"comment_status":"closed","ping_status":"closed","template":"","meta":{"_et_pb_use_builder":"on","_et_pb_old_content":"","_et_gb_content_width":"","footnotes":""},"class_list":["post-234043","page","type-page","status-publish","hentry"],"_links":{"self":[{"href":"https:\/\/het-filter.de\/es\/wp-json\/wp\/v2\/pages\/234043","targetHints":{"allow":["GET"]}}],"collection":[{"href":"https:\/\/het-filter.de\/es\/wp-json\/wp\/v2\/pages"}],"about":[{"href":"https:\/\/het-filter.de\/es\/wp-json\/wp\/v2\/types\/page"}],"author":[{"embeddable":true,"href":"https:\/\/het-filter.de\/es\/wp-json\/wp\/v2\/users\/8"}],"replies":[{"embeddable":true,"href":"https:\/\/het-filter.de\/es\/wp-json\/wp\/v2\/comments?post=234043"}],"version-history":[{"count":5,"href":"https:\/\/het-filter.de\/es\/wp-json\/wp\/v2\/pages\/234043\/revisions"}],"predecessor-version":[{"id":237294,"href":"https:\/\/het-filter.de\/es\/wp-json\/wp\/v2\/pages\/234043\/revisions\/237294"}],"up":[{"embeddable":true,"href":"https:\/\/het-filter.de\/es\/wp-json\/wp\/v2\/pages\/234037"}],"wp:attachment":[{"href":"https:\/\/het-filter.de\/es\/wp-json\/wp\/v2\/media?parent=234043"}],"curies":[{"name":"wp","href":"https:\/\/api.w.org\/{rel}","templated":true}]}}