{"id":233965,"date":"2022-09-27T15:21:11","date_gmt":"2022-09-27T13:21:11","guid":{"rendered":"https:\/\/het-filter.de\/mediateca\/videos\/"},"modified":"2024-05-29T09:26:03","modified_gmt":"2024-05-29T07:26:03","slug":"videos","status":"publish","type":"page","link":"https:\/\/het-filter.de\/es\/mediateca\/videos\/","title":{"rendered":"V\u00eddeos"},"content":{"rendered":"<p>[et_pb_section fb_built=\u00bb1&#8243; _builder_version=\u00bb4.20.4&#8243; _module_preset=\u00bb_initial\u00bb background_color=\u00bb#22305A\u00bb background_image=\u00bbhttps:\/\/het-filter.de\/wp-content\/uploads\/2022\/09\/HET_Pattern_Hintergrund-Ecke.svg\u00bb custom_padding=\u00bb0px||0px||false|false\u00bb background_last_edited=\u00bbon|phone\u00bb background_image_phone=\u00bbhttps:\/\/het-filter.de\/wp-content\/uploads\/2022\/09\/HET_Pattern_Hintergrund-Ecke.svg\u00bb background_enable_image_phone=\u00bbon\u00bb locked=\u00bboff\u00bb global_colors_info=\u00bb{}\u00bb][et_pb_row column_structure=\u00bb3_5,2_5&#8243; _builder_version=\u00bb4.22.1&#8243; _module_preset=\u00bba21d3d05-1054-49fc-a669-8ff99b79c4e8&#8243; background_enable_image=\u00bboff\u00bb background_size=\u00bbcustom\u00bb background_image_width=\u00bb63%\u00bb background_position=\u00bbtop_right\u00bb background_vertical_offset=\u00bb23%\u00bb custom_padding=\u00bb10vw||10vw||false|false\u00bb custom_padding_phone=\u00bb15vw||||false|false\u00bb hover_enabled=\u00bb0&#8243; background_last_edited=\u00bbon|phone\u00bb background_enable_image_phone=\u00bboff\u00bb background_size_tablet=\u00bbcustom\u00bb background_size_phone=\u00bbcustom\u00bb background_image_width_tablet=\u00bb72%\u00bb background_position_tablet=\u00bbbottom_right\u00bb background_horizontal_offset_tablet=\u00bb-27%\u00bb background_vertical_offset_tablet=\u00bb200%\u00bb global_colors_info=\u00bb{}\u00bb width=\u00bb90%\u00bb max_width=\u00bb85%\u00bb sticky_enabled=\u00bb0&#8243;][et_pb_column type=\u00bb3_5&#8243; _builder_version=\u00bb4.22.1&#8243; _module_preset=\u00bbdefault\u00bb custom_padding=\u00bb||||false|false\u00bb custom_padding_tablet=\u00bb||54px||false|false\u00bb custom_padding_phone=\u00bb||30px||false|false\u00bb custom_padding_last_edited=\u00bbon|tablet\u00bb hover_enabled=\u00bb0&#8243; global_colors_info=\u00bb{}\u00bb sticky_enabled=\u00bb0&#8243;][et_pb_text _builder_version=\u00bb4.18.1&#8243; _module_preset=\u00bbc6c2d29b-31aa-47c2-9883-cb89782a46e9&#8243; custom_margin=\u00bb||10px||false|false\u00bb global_colors_info=\u00bb{}\u00bb]<\/p>\n<h1>V\u00eddeos<\/h1>\n<p>[\/et_pb_text][et_pb_text _builder_version=\u00bb4.22.1&#8243; _module_preset=\u00bb9fa77f71-541a-47a2-bce5-48e62a83d644&#8243; hover_enabled=\u00bb0&#8243; global_colors_info=\u00bb{}\u00bb sticky_enabled=\u00bb0&#8243; max_width_last_edited=\u00bboff|desktop\u00bb max_width=\u00bbnone\u00bb]<\/p>\n<h2>Experiencia y buenas pr\u00e1cticas en acci\u00f3n.<\/h2>\n<p>[\/et_pb_text][et_pb_button button_url=\u00bb#mehr\u00bb button_text=\u00bbA los v\u00eddeos\u00bb _builder_version=\u00bb4.22.1&#8243; _module_preset=\u00bbe8607ea9-d1e2-4f61-91bd-a362900d9ff7&#8243; hover_enabled=\u00bb0&#8243; global_colors_info=\u00bb{}\u00bb sticky_enabled=\u00bb0&#8243;][\/et_pb_button][\/et_pb_column][et_pb_column type=\u00bb2_5&#8243; _builder_version=\u00bb4.20.4&#8243; _module_preset=\u00bbdefault\u00bb background_enable_image=\u00bboff\u00bb global_colors_info=\u00bb{}\u00bb][\/et_pb_column][\/et_pb_row][\/et_pb_section][et_pb_section fb_built=\u00bb1&#8243; module_id=\u00bbm\u00e1s\u00bb _builder_version=\u00bb4.18.1&#8243; _module_preset=\u00bbcb209d8b-e221-4b07-9eec-1d7689c3b945&#8243; custom_margin=\u00bb4em||0em||false|false\u00bb global_colors_info=\u00bb{}\u00bb][et_pb_row _builder_version=\u00bb4.22.1&#8243; _module_preset=\u00bbdefault\u00bb custom_padding=\u00bb||0px||false|false\u00bb hover_enabled=\u00bb0&#8243; global_colors_info=\u00bb{}\u00bb width=\u00bb90%\u00bb max_width=\u00bb85%\u00bb sticky_enabled=\u00bb0&#8243;][et_pb_column type=\u00bb4_4&#8243; _builder_version=\u00bb4.18.0&#8243; _module_preset=\u00bbdefault\u00bb global_colors_info=\u00bb{}\u00bb][et_pb_text _builder_version=\u00bb4.18.1&#8243; _module_preset=\u00bb3e3920dc-0376-424a-a2f2-ba93bb092aa6&#8243; global_colors_info=\u00bb{}\u00bb]<\/p>\n<h2>C\u00f3mo<\/h2>\n<h3>V\u00eddeos explicativos<\/h3>\n<p>[\/et_pb_text][\/et_pb_column][\/et_pb_row][et_pb_row column_structure=\u00bb1_2,1_2&#8243; _builder_version=\u00bb4.22.1&#8243; _module_preset=\u00bbdefault\u00bb hover_enabled=\u00bb0&#8243; global_colors_info=\u00bb{}\u00bb width=\u00bb90%\u00bb max_width=\u00bb85%\u00bb sticky_enabled=\u00bb0&#8243;][et_pb_column type=\u00bb1_2&#8243; _builder_version=\u00bb4.18.1&#8243; _module_preset=\u00bbdefault\u00bb global_colors_info=\u00bb{}\u00bb][et_pb_video src=\u00bbhttps:\/\/www.youtube.com\/watch?v=oPY6roMKhtA\u00bb _builder_version=\u00bb4.22.1&#8243; _module_preset=\u00bb76d771ab-487b-42e9-8a8d-b9e53d6980eb\u00bb hover_enabled=\u00bb0&#8243; global_colors_info=\u00bb{}\u00bb image_src=\u00bb\/\/i.ytimg.com\/vi\/oPY6roMKhtA\/hqdefault.jpg\u00bb sticky_enabled=\u00bb0&#8243; play_icon_color=\u00bb#3FB498&#8243;][\/et_pb_video][et_pb_text _builder_version=\u00bb4.22.1&#8243; _module_preset=\u00bb2ed32a48-0df8-4bc0-a02d-74dd809440c8&#8243; hover_enabled=\u00bb0&#8243; global_colors_info=\u00bb{}\u00bb sticky_enabled=\u00bb0&#8243;]<\/p>\n<h4>Filtro HET &#8211; Extracci\u00f3n del elemento filtrante<\/h4>\n<p>\u00bfNo sabes c\u00f3mo cambiar el elemento filtrante de los sistemas HET?<br \/>En el v\u00eddeo te mostramos c\u00f3mo quitar el filtro.<\/p>\n<p>[\/et_pb_text][\/et_pb_column][et_pb_column type=\u00bb1_2&#8243; _builder_version=\u00bb4.18.1&#8243; _module_preset=\u00bbdefault\u00bb global_colors_info=\u00bb{}\u00bb][et_pb_video src=\u00bbhttps:\/\/www.youtube.com\/watch?v=2edew4-vuaw\u00bb _builder_version=\u00bb4.22.1&#8243; _module_preset=\u00bb76d771ab-487b-42e9-8a8d-b9e53d6980eb\u00bb hover_enabled=\u00bb0&#8243; locked=\u00bboff\u00bb global_colors_info=\u00bb{}\u00bb image_src=\u00bb\/\/i.ytimg.com\/vi\/2edew4-vuaw\/hqdefault.jpg\u00bb play_icon_color=\u00bb#3FB498&#8243; sticky_enabled=\u00bb0&#8243;][\/et_pb_video][et_pb_text _builder_version=\u00bb4.22.1&#8243; _module_preset=\u00bb2ed32a48-0df8-4bc0-a02d-74dd809440c8&#8243; hover_enabled=\u00bb0&#8243; locked=\u00bboff\u00bb global_colors_info=\u00bb{}\u00bb sticky_enabled=\u00bb0&#8243;]<\/p>\n<h4>Filtro HET &#8211; instala un elemento filtrante nuevo<\/h4>\n<p>\u00bfHas quitado el filtro viejo? En este v\u00eddeo te mostramos c\u00f3mo instalar un nuevo elemento filtrante.[\/et_pb_text][\/et_pb_column][\/et_pb_row][\/et_pb_section][et_pb_section fb_built=\u00bb1&#8243; _builder_version=\u00bb4.18.1&#8243; _module_preset=\u00bbcb209d8b-e221-4b07-9eec-1d7689c3b945&#8243; custom_margin=\u00bb0em||4em||false|false\u00bb custom_padding=\u00bb0px||||false|false\u00bb global_colors_info=\u00bb{}\u00bb][et_pb_row _builder_version=\u00bb4.22.1&#8243; _module_preset=\u00bbdefault\u00bb custom_padding=\u00bb||0px||false|false\u00bb hover_enabled=\u00bb0&#8243; global_colors_info=\u00bb{}\u00bb width=\u00bb90%\u00bb max_width=\u00bb85%\u00bb sticky_enabled=\u00bb0&#8243;][et_pb_column type=\u00bb4_4&#8243; _builder_version=\u00bb4.18.0&#8243; _module_preset=\u00bbdefault\u00bb global_colors_info=\u00bb{}\u00bb][et_pb_text _builder_version=\u00bb4.22.1&#8243; _module_preset=\u00bb3e3920dc-0376-424a-a2f2-ba93bb092aa6&#8243; hover_enabled=\u00bb0&#8243; global_colors_info=\u00bb{}\u00bb sticky_enabled=\u00bb0&#8243;]<\/p>\n<h2>Buenas pr\u00e1cticas<\/h2>\n<h3>Benef\u00edciate de nuestra experiencia<\/h3>\n<p>[\/et_pb_text][\/et_pb_column][\/et_pb_row][et_pb_row column_structure=\u00bb1_2,1_2&#8243; _builder_version=\u00bb4.22.1&#8243; _module_preset=\u00bbdefault\u00bb hover_enabled=\u00bb0&#8243; global_colors_info=\u00bb{}\u00bb width=\u00bb90%\u00bb max_width=\u00bb85%\u00bb sticky_enabled=\u00bb0&#8243;][et_pb_column type=\u00bb1_2&#8243; _builder_version=\u00bb4.18.1&#8243; _module_preset=\u00bbdefault\u00bb global_colors_info=\u00bb{}\u00bb][et_pb_video src=\u00bbhttps:\/\/www.youtube.com\/watch?v=T-VXY3Z6b5s\u00bb _builder_version=\u00bb4.22.1&#8243; _module_preset=\u00bb76d771ab-487b-42e9-8a8d-b9e53d6980eb\u00bb hover_enabled=\u00bb0&#8243; global_colors_info=\u00bb{}\u00bb image_src=\u00bb\/\/i.ytimg.com\/vi\/T-VXY3Z6b5s\/hqdefault.jpg\u00bb play_icon_color=\u00bb#3FB498&#8243; sticky_enabled=\u00bb0&#8243;][\/et_pb_video][et_pb_text _builder_version=\u00bb4.22.1&#8243; _module_preset=\u00bb2ed32a48-0df8-4bc0-a02d-74dd809440c8&#8243; hover_enabled=\u00bb0&#8243; global_colors_info=\u00bb{}\u00bb sticky_enabled=\u00bb0&#8243;]<\/p>\n<h4>Filtro HET &#8211; Contenci\u00f3n<\/h4>\n<p>Con nuestras medidas de contenci\u00f3n para un funcionamiento seguro, t\u00fa y tus empleados estar\u00e9is protegidos a largo plazo.<\/p>\n<p>[\/et_pb_text][\/et_pb_column][et_pb_column type=\u00bb1_2&#8243; _builder_version=\u00bb4.18.1&#8243; _module_preset=\u00bbdefault\u00bb global_colors_info=\u00bb{}\u00bb][et_pb_video src=\u00bbhttps:\/\/www.youtube.com\/watch?v=IqxQwZ0dXaI\u00bb _builder_version=\u00bb4.22.1&#8243; _module_preset=\u00bb76d771ab-487b-42e9-8a8d-b9e53d6980eb\u00bb hover_enabled=\u00bb0&#8243; locked=\u00bboff\u00bb global_colors_info=\u00bb{}\u00bb image_src=\u00bb\/\/i.ytimg.com\/vi\/IqxQwZ0dXaI\/hqdefault.jpg\u00bb play_icon_color=\u00bb#3FB498&#8243; sticky_enabled=\u00bb0&#8243;][\/et_pb_video][et_pb_text _builder_version=\u00bb4.22.1&#8243; _module_preset=\u00bb2ed32a48-0df8-4bc0-a02d-74dd809440c8&#8243; hover_enabled=\u00bb0&#8243; locked=\u00bboff\u00bb global_colors_info=\u00bb{}\u00bb sticky_enabled=\u00bb0&#8243;]<\/p>\n<h4>Filtro HET &#8211; Elemento filtrante<\/h4>\n<p>Concedemos especial importancia al elemento filtrante, por lo que fabricamos nuestros filtros con la m\u00e1xima calidad.<\/p>\n<p>[\/et_pb_text][\/et_pb_column][\/et_pb_row][\/et_pb_section][et_pb_section fb_built=\u00bb1&#8243; _builder_version=\u00bb4.18.0&#8243; _module_preset=\u00bb673e78b2-818f-4d4a-b8ba-99b997d4f244&#8243; locked=\u00bboff\u00bb global_colors_info=\u00bb{}\u00bb][et_pb_row _builder_version=\u00bb4.18.0&#8243; _module_preset=\u00bbdefault\u00bb global_colors_info=\u00bb{}\u00bb][et_pb_column type=\u00bb4_4&#8243; _builder_version=\u00bb4.18.0&#8243; _module_preset=\u00bbdefault\u00bb global_colors_info=\u00bb{}\u00bb][et_pb_text _builder_version=\u00bb4.22.1&#8243; _module_preset=\u00bb5236ac6f-32f8-43e7-9a7a-87317b9b7c41&#8243; text_text_color=\u00bb#F9FBFE\u00bb text_line_height=\u00bb1.3em\u00bb max_width=\u00bb50%\u00bb max_width_tablet=\u00bb100%\u00bb max_width_phone=\u00bb100%\u00bb max_width_last_edited=\u00bbon|desktop\u00bb module_alignment=\u00bbcenter\u00bb hover_enabled=\u00bb0&#8243; global_colors_info=\u00bb{}\u00bb sticky_enabled=\u00bb0&#8243;]<span style=\"color: #3fb498;\">Todo sobre la filtraci\u00f3n y el desempolvado<\/span><\/p>\n<h2>CONOCIMIENTO<\/h2>\n<p>&nbsp;[\/et_pb_text][\/et_pb_column][\/et_pb_row][\/et_pb_section][et_pb_section fb_built=\u00bb1&#8243; _builder_version=\u00bb4.18.0&#8243; _module_preset=\u00bbdefault\u00bb custom_padding=\u00bb0px||0px||true|false\u00bb global_colors_info=\u00bb{}\u00bb][et_pb_row _builder_version=\u00bb4.18.0&#8243; _module_preset=\u00bbdefault\u00bb custom_padding=\u00bb0px||0px||true|false\u00bb global_colors_info=\u00bb{}\u00bb][et_pb_column type=\u00bb4_4&#8243; _builder_version=\u00bb4.18.0&#8243; _module_preset=\u00bbdefault\u00bb global_colors_info=\u00bb{}\u00bb][et_pb_button button_url=\u00bb@ET-DC@eyJkeW5hbWljIjp0cnVlLCJjb250ZW50IjoicG9zdF9saW5rX3VybF9wYWdlIiwic2V0dGluZ3MiOnsicG9zdF9pZCI6IjIwOTQxNyJ9fQ==@\u00bb button_text=\u00bbAl blog\u00bb button_text_tablet=\u00bb\u00c1rea de descargas\u00bb button_text_phone=\u00bb\u00c1rea de descargas\u00bb button_text_last_edited=\u00bboff|desktop\u00bb _builder_version=\u00bb4.22.1&#8243; _dynamic_attributes=\u00bbbutton_url\u00bb _module_preset=\u00bbd64323ee-ff23-4799-b3cf-f3a871c5dfe3&#8243; hover_enabled=\u00bb0&#8243; global_colors_info=\u00bb{}\u00bb button_bg_color__hover_enabled=\u00bbon|hover\u00bb button_bg_color__hover=\u00bb#22305A\u00bb button_bg_enable_color__hover=\u00bbon\u00bb sticky_enabled=\u00bb0&#8243;][\/et_pb_button][\/et_pb_column][\/et_pb_row][\/et_pb_section][et_pb_section fb_built=\u00bb1&#8243; _builder_version=\u00bb4.18.0&#8243; _module_preset=\u00bbdefault\u00bb locked=\u00bboff\u00bb global_colors_info=\u00bb{}\u00bb][et_pb_row column_structure=\u00bb1_2,1_2&#8243; _builder_version=\u00bb4.22.1&#8243; _module_preset=\u00bb6b014628-141d-4b43-8635-9fa92028fd9e\u00bb hover_enabled=\u00bb0&#8243; global_colors_info=\u00bb{}\u00bb width=\u00bb90%\u00bb max_width=\u00bb85%\u00bb sticky_enabled=\u00bb0&#8243;][et_pb_column type=\u00bb1_2&#8243; _builder_version=\u00bb4.18.0&#8243; _module_preset=\u00bbe590449f-74ea-4bc9-af9c-f5264e1dc094&#8243; global_colors_info=\u00bb{}\u00bb][et_pb_text _builder_version=\u00bb4.22.0&#8243; _module_preset=\u00bb0b407d5c-d9b5-4398-b954-e4be7115aead\u00bb global_colors_info=\u00bb{}\u00bb]<\/p>\n<h2>Seguridad  <\/h2>\n<p>[\/et_pb_text][et_pb_text _builder_version=\u00bb4.22.0&#8243; _module_preset=\u00bb3e3920dc-0376-424a-a2f2-ba93bb092aa6&#8243; text_text_color=\u00bb#3FB498&#8243; locked=\u00bboff\u00bb global_colors_info=\u00bb{}\u00bb]<\/p>\n<h3>es nuestra misi\u00f3n<\/h3>\n<p>[\/et_pb_text][et_pb_text _builder_version=\u00bb4.22.0&#8243; _module_preset=\u00bb2ed32a48-0df8-4bc0-a02d-74dd809440c8&#8243; global_colors_info=\u00bb{}\u00bb]Aqu\u00ed puedes descubrir lo que nos hace especiales como empresa.[\/et_pb_text][et_pb_button button_url=\u00bb@ET-DC@eyJkeW5hbWljIjp0cnVlLCJjb250ZW50IjoicG9zdF9saW5rX3VybF9wYWdlIiwic2V0dGluZ3MiOnsicG9zdF9pZCI6IjIwOTA1MSJ9fQ==@\u00bb url_new_window=\u00bbon\u00bb button_text=\u00bbLa empresa\u00bb _builder_version=\u00bb4.22.1&#8243; _dynamic_attributes=\u00bbbutton_url\u00bb _module_preset=\u00bb2d2a1f97-00c3-449b-a1fe-3aeb70a4e5b5&#8243; hover_enabled=\u00bb0&#8243; global_colors_info=\u00bb{}\u00bb sticky_enabled=\u00bb0&#8243;][\/et_pb_button][\/et_pb_column][et_pb_column type=\u00bb1_2&#8243; _builder_version=\u00bb4.18.0&#8243; _module_preset=\u00bbdefault\u00bb global_colors_info=\u00bb{}\u00bb][et_pb_text _builder_version=\u00bb4.18.0&#8243; _module_preset=\u00bb0b407d5c-d9b5-4398-b954-e4be7115aead\u00bb global_colors_info=\u00bb{}\u00bb]<\/p>\n<h2>\u00bfQuieres saber m\u00e1s?<\/h2>\n<p>[\/et_pb_text][et_pb_text _builder_version=\u00bb4.22.0&#8243; _module_preset=\u00bbed2d24d0-4903-4c9b-bc57-1b5939577a3c\u00bb locked=\u00bboff\u00bb global_colors_info=\u00bb{}\u00bb]<\/p>\n<h3>Ponte en contacto con nosotros  <\/h3>\n<p>[\/et_pb_text][et_pb_text _builder_version=\u00bb4.22.0&#8243; _module_preset=\u00bb2ed32a48-0df8-4bc0-a02d-74dd809440c8&#8243; custom_margin=\u00bb||30px||false|false\u00bb global_colors_info=\u00bb{}\u00bb]Estaremos encantados de asesorarte en todos los temas relacionados con tu proyecto y tu sistema de filtrado.[\/et_pb_text][et_pb_text _builder_version=\u00bb4.22.0&#8243; _module_preset=\u00bbdefault\u00bb text_text_color=\u00bb#CF283F\u00bb link_option_url=\u00bbhttps:\/\/het-filter.de\/kontakt\/\u00bb global_colors_info=\u00bb{}\u00bb]<span style=\"color: #cf283f;\"><a href=\"https:\/\/het-filter.de\/es\/contacta-con-nosotros\/\" style=\"color: #cf283f;\">Inf\u00f3rmate ahora<\/a><\/span>[\/et_pb_text][et_pb_icon font_icon=\u00bb&#xf199;||fa||900&#8243; url=\u00bbhttps:\/\/het-filter.de\/kontakt\u00bb url_new_window=\u00bbon\u00bb module_id=\u00bbemail-icon\u00bb _builder_version=\u00bb4.18.0&#8243; _module_preset=\u00bb1ce5ea98-f994-46d4-b2ab-b4a48217732b\u00bb locked=\u00bboff\u00bb global_colors_info=\u00bb{}\u00bb][\/et_pb_icon][\/et_pb_column][\/et_pb_row][\/et_pb_section]<\/p>\n","protected":false},"excerpt":{"rendered":"<p>V\u00eddeosExperiencia y buenas pr\u00e1cticas en acci\u00f3n.C\u00f3mo V\u00eddeos explicativosFiltro HET &#8211; Extracci\u00f3n del elemento filtrante \u00bfNo sabes c\u00f3mo cambiar el elemento filtrante de los sistemas HET?En el v\u00eddeo te mostramos c\u00f3mo quitar el filtro.Filtro HET &#8211; instala un elemento filtrante nuevo \u00bfHas quitado el filtro viejo? En este v\u00eddeo te mostramos c\u00f3mo instalar un nuevo elemento filtrante.Buenas pr\u00e1cticas Benef\u00edciate de nuestra experienciaFiltro HET &#8211; Contenci\u00f3n Con nuestras medidas de contenci\u00f3n para un funcionamiento seguro, t\u00fa y tus empleados estar\u00e9is protegidos a largo plazo.Filtro HET &#8211; Elemento filtrante Concedemos especial importancia al elemento filtrante, por lo que fabricamos nuestros filtros con la m\u00e1xima calidad.Todo sobre la filtraci\u00f3n y el desempolvado CONOCIMIENTO &nbsp;Seguridad es nuestra misi\u00f3nAqu\u00ed puedes descubrir lo que nos hace especiales como empresa.\u00bfQuieres saber m\u00e1s?Ponte en contacto con nosotros Estaremos encantados de asesorarte en todos los temas relacionados con tu proyecto y tu sistema de filtrado.Inf\u00f3rmate ahora<\/p>\n","protected":false},"author":8,"featured_media":0,"parent":233940,"menu_order":9,"comment_status":"closed","ping_status":"closed","template":"","meta":{"_et_pb_use_builder":"on","_et_pb_old_content":"","_et_gb_content_width":"","footnotes":""},"class_list":["post-233965","page","type-page","status-publish","hentry"],"_links":{"self":[{"href":"https:\/\/het-filter.de\/es\/wp-json\/wp\/v2\/pages\/233965","targetHints":{"allow":["GET"]}}],"collection":[{"href":"https:\/\/het-filter.de\/es\/wp-json\/wp\/v2\/pages"}],"about":[{"href":"https:\/\/het-filter.de\/es\/wp-json\/wp\/v2\/types\/page"}],"author":[{"embeddable":true,"href":"https:\/\/het-filter.de\/es\/wp-json\/wp\/v2\/users\/8"}],"replies":[{"embeddable":true,"href":"https:\/\/het-filter.de\/es\/wp-json\/wp\/v2\/comments?post=233965"}],"version-history":[{"count":0,"href":"https:\/\/het-filter.de\/es\/wp-json\/wp\/v2\/pages\/233965\/revisions"}],"up":[{"embeddable":true,"href":"https:\/\/het-filter.de\/es\/wp-json\/wp\/v2\/pages\/233940"}],"wp:attachment":[{"href":"https:\/\/het-filter.de\/es\/wp-json\/wp\/v2\/media?parent=233965"}],"curies":[{"name":"wp","href":"https:\/\/api.w.org\/{rel}","templated":true}]}}