{"id":233952,"date":"2019-01-15T11:42:44","date_gmt":"2019-01-15T10:42:44","guid":{"rendered":"https:\/\/het-filter.de\/pie-de-imprenta\/"},"modified":"2024-06-04T10:08:53","modified_gmt":"2024-06-04T08:08:53","slug":"pie-de-imprenta","status":"publish","type":"page","link":"https:\/\/het-filter.de\/es\/pie-de-imprenta\/","title":{"rendered":"Pie de imprenta"},"content":{"rendered":"<p>[et_pb_section fb_built=\u00bb1&#8243; _builder_version=\u00bb4.16&#8243; global_colors_info=\u00bb{}\u00bb][et_pb_row _builder_version=\u00bb4.16&#8243; global_colors_info=\u00bb{}\u00bb][et_pb_column type=\u00bb4_4&#8243; _builder_version=\u00bb4.16&#8243; custom_padding=\u00bb|||\u00bb global_colors_info=\u00bb{}\u00bb custom_padding__hover=\u00bb|||\u00bb][et_pb_text _builder_version=\u00bb4.22.1&#8243; global_colors_info=\u00bb{}\u00bb]<\/p>\n<header class=\"entry-header\">\n<h1 class=\"entry-title\">IMPRIME<\/h1>\n<\/header>\n<p>&nbsp;<\/p>\n<p>HET Filter GmbH<br \/>Dieselstra\u00dfe 1<br \/>63674 Altenstadt<\/p>\n<p>Representado por:<br \/>Uwe Hahmann<br \/>Erling Boller<\/p>\n<p>Contacto:<br \/>Tel\u00e9fono: +49 (0) 6047 &#8211; 9644 &#8211; 0<br \/>Fax: +49 (0) 6047 &#8211; 9644 &#8211; 44<br \/>Correo electr\u00f3nico: <a href=\"mailto:info@het-filter.de\">info@het-filter.de<\/a><\/p>\n<p><strong>Registra la entrada:<\/strong><br \/>Inscripci\u00f3n en el registro mercantil.<br \/>Juzgado de registro:Juzgado municipal de Friedberg<br \/>N\u00famero de registro: HRB 3347<\/p>\n<p><strong>N\u00famero de identificaci\u00f3n fiscal:<\/strong><br \/>N\u00famero de identificaci\u00f3n fiscal seg\u00fan el art\u00edculo 27 a de la ley del impuesto sobre las ventas:<br \/>ES 112613579<\/p>\n<p>Fuentes: <a href=\"https:\/\/www.e-recht24.de\/muster-disclaimer.html\" target=\"_blank\" rel=\"noopener\">eRecht24<\/a><\/p>\n<p>[\/et_pb_text][\/et_pb_column][\/et_pb_row][\/et_pb_section]<\/p>\n","protected":false},"excerpt":{"rendered":"<p>IMPRIME &nbsp; HET Filter GmbHDieselstra\u00dfe 163674 Altenstadt Representado por:Uwe HahmannErling Boller Contacto:Tel\u00e9fono: +49 (0) 6047 &#8211; 9644 &#8211; 0Fax: +49 (0) 6047 &#8211; 9644 &#8211; 44Correo electr\u00f3nico: info@het-filter.de Registra la entrada:Inscripci\u00f3n en el registro mercantil.Juzgado de registro:Juzgado municipal de FriedbergN\u00famero de registro: HRB 3347 N\u00famero de identificaci\u00f3n fiscal:N\u00famero de identificaci\u00f3n fiscal seg\u00fan el art\u00edculo 27 a de la ley del impuesto sobre las ventas:ES 112613579 Fuentes: eRecht24<\/p>\n","protected":false},"author":8,"featured_media":0,"parent":0,"menu_order":21,"comment_status":"closed","ping_status":"closed","template":"","meta":{"_et_pb_use_builder":"on","_et_pb_old_content":"","_et_gb_content_width":"","footnotes":""},"class_list":["post-233952","page","type-page","status-publish","hentry"],"_links":{"self":[{"href":"https:\/\/het-filter.de\/es\/wp-json\/wp\/v2\/pages\/233952","targetHints":{"allow":["GET"]}}],"collection":[{"href":"https:\/\/het-filter.de\/es\/wp-json\/wp\/v2\/pages"}],"about":[{"href":"https:\/\/het-filter.de\/es\/wp-json\/wp\/v2\/types\/page"}],"author":[{"embeddable":true,"href":"https:\/\/het-filter.de\/es\/wp-json\/wp\/v2\/users\/8"}],"replies":[{"embeddable":true,"href":"https:\/\/het-filter.de\/es\/wp-json\/wp\/v2\/comments?post=233952"}],"version-history":[{"count":0,"href":"https:\/\/het-filter.de\/es\/wp-json\/wp\/v2\/pages\/233952\/revisions"}],"wp:attachment":[{"href":"https:\/\/het-filter.de\/es\/wp-json\/wp\/v2\/media?parent=233952"}],"curies":[{"name":"wp","href":"https:\/\/api.w.org\/{rel}","templated":true}]}}