{"id":233934,"date":"2022-09-20T15:21:25","date_gmt":"2022-09-20T13:21:25","guid":{"rendered":"https:\/\/het-filter.de\/tecnologias\/"},"modified":"2025-11-10T14:07:05","modified_gmt":"2025-11-10T13:07:05","slug":"tecnologias","status":"publish","type":"page","link":"https:\/\/het-filter.de\/es\/tecnologias\/","title":{"rendered":"Tecnolog\u00edas"},"content":{"rendered":"<p>[et_pb_section fb_built=\u00bb1&#8243; _builder_version=\u00bb4.20.4&#8243; _module_preset=\u00bb_initial\u00bb background_color=\u00bb#22305A\u00bb background_image=\u00bbhttps:\/\/het-filter.de\/wp-content\/uploads\/2022\/09\/HET_Pattern_Hintergrund-Ecke.svg\u00bb custom_padding=\u00bb0px||0px||false|false\u00bb background_last_edited=\u00bbon|phone\u00bb background_image_phone=\u00bbhttps:\/\/het-filter.de\/wp-content\/uploads\/2022\/09\/HET_Pattern_Hintergrund-Ecke.svg\u00bb background_enable_image_phone=\u00bbon\u00bb locked=\u00bboff\u00bb global_colors_info=\u00bb{}\u00bb][et_pb_row column_structure=\u00bb2_3,1_3&#8243; _builder_version=\u00bb4.22.1&#8243; _module_preset=\u00bba21d3d05-1054-49fc-a669-8ff99b79c4e8&#8243; background_enable_image=\u00bboff\u00bb background_size=\u00bbcustom\u00bb background_image_width=\u00bb63%\u00bb background_position=\u00bbtop_right\u00bb background_vertical_offset=\u00bb23%\u00bb width=\u00bb90%\u00bb max_width=\u00bb85%\u00bb custom_padding=\u00bb10vw||10vw||false|false\u00bb custom_padding_phone=\u00bb15vw||||false|false\u00bb background_last_edited=\u00bbon|phone\u00bb background_enable_image_phone=\u00bboff\u00bb background_size_tablet=\u00bbcustom\u00bb background_size_phone=\u00bbcustom\u00bb background_image_width_tablet=\u00bb72%\u00bb background_position_tablet=\u00bbbottom_right\u00bb background_horizontal_offset_tablet=\u00bb-27%\u00bb background_vertical_offset_tablet=\u00bb200%\u00bb global_colors_info=\u00bb{}\u00bb][et_pb_column type=\u00bb2_3&#8243; _builder_version=\u00bb4.19.2&#8243; _module_preset=\u00bbdefault\u00bb custom_padding=\u00bb||||false|false\u00bb custom_padding_tablet=\u00bb||54px||false|false\u00bb custom_padding_phone=\u00bb||30px||false|false\u00bb custom_padding_last_edited=\u00bbon|tablet\u00bb global_colors_info=\u00bb{}\u00bb][et_pb_text _builder_version=\u00bb4.22.1&#8243; _module_preset=\u00bbdefault\u00bb header_text_color=\u00bb#FFFFFF\u00bb custom_margin=\u00bb||10px||false|false\u00bb global_colors_info=\u00bb{}\u00bb]<\/p>\n<h1>Los sistemas de filtrado HET pueden hacer m\u00e1s<\/h1>\n<p>[\/et_pb_text][et_pb_text content_tablet=\u00bb<\/p>\n<h2>El sistema de filtro limpiable<br \/>\npara las m\u00e1s altas exigencias<\/h2>\n<p>\u00bb content_phone=\u00bb<\/p>\n<h2>El sistema de filtro limpiable<br \/>\npara las m\u00e1s altas exigencias<\/h2>\n<p>\u00bb content_last_edited=\u00bboff|desktop\u00bb _builder_version=\u00bb4.22.0&#8243; _module_preset=\u00bb9fa77f71-541a-47a2-bce5-48e62a83d644&#8243; global_colors_info=\u00bb{}\u00bb]<\/p>\n<h2>Filtraci\u00f3n, contenci\u00f3n y protecci\u00f3n contra explosiones en un solo sistema<\/h2>\n<p>[\/et_pb_text][et_pb_button button_url=\u00bb#mehr\u00bb button_text=\u00bbSaber m\u00e1s\u00bb _builder_version=\u00bb4.22.0&#8243; _module_preset=\u00bbe8607ea9-d1e2-4f61-91bd-a362900d9ff7&#8243; global_colors_info=\u00bb{}\u00bb][\/et_pb_button][\/et_pb_column][et_pb_column type=\u00bb1_3&#8243; _builder_version=\u00bb4.20.4&#8243; _module_preset=\u00bbdefault\u00bb background_enable_image=\u00bboff\u00bb global_colors_info=\u00bb{}\u00bb][\/et_pb_column][\/et_pb_row][\/et_pb_section][et_pb_section fb_built=\u00bb1&#8243; _builder_version=\u00bb4.22.0&#8243; _module_preset=\u00bbcb209d8b-e221-4b07-9eec-1d7689c3b945&#8243; custom_margin_tablet=\u00bb||2em||false|false\u00bb custom_padding_phone=\u00bb0px||||false|false\u00bb locked=\u00bboff\u00bb global_colors_info=\u00bb{}\u00bb][et_pb_row column_structure=\u00bb1_2,1_2&#8243; use_custom_gutter=\u00bbon\u00bb gutter_width=\u00bb2&#8243; make_equal=\u00bbon\u00bb _builder_version=\u00bb4.22.0&#8243; _module_preset=\u00bbdefault\u00bb width=\u00bb100%\u00bb max_width=\u00bb100%\u00bb custom_margin_tablet=\u00bb-50px||||false|false\u00bb custom_margin_phone=\u00bb0px||||false|false\u00bb custom_margin_last_edited=\u00bbon|phone\u00bb custom_css_main_element=\u00bbalign-items:center;\u00bb global_colors_info=\u00bb{}\u00bb][et_pb_column type=\u00bb1_2&#8243; _builder_version=\u00bb4.18.0&#8243; _module_preset=\u00bbdefault\u00bb custom_padding=\u00bb|||8%|false|false\u00bb global_colors_info=\u00bb{}\u00bb][et_pb_text _builder_version=\u00bb4.19.1&#8243; _module_preset=\u00bb0b407d5c-d9b5-4398-b954-e4be7115aead\u00bb global_colors_info=\u00bb{}\u00bb]<\/p>\n<h2>TECNOLOG\u00cdA AVANZADA  <\/h2>\n<p>[\/et_pb_text][et_pb_text _builder_version=\u00bb4.19.1&#8243; _module_preset=\u00bb3e3920dc-0376-424a-a2f2-ba93bb092aa6&#8243; global_colors_info=\u00bb{}\u00bb]<\/p>\n<h3>para una protecci\u00f3n \u00f3ptima del personal y del producto<\/h3>\n<p>[\/et_pb_text][et_pb_text _builder_version=\u00bb4.20.2&#8243; _module_preset=\u00bb2ed32a48-0df8-4bc0-a02d-74dd809440c8&#8243; custom_margin_tablet=\u00bb|70px|25px||false|false\u00bb custom_margin_phone=\u00bb|50px|||false|false\u00bb custom_margin_last_edited=\u00bbon|phone\u00bb global_colors_info=\u00bb{}\u00bb]<\/p>\n<p>Nuestros sistemas de filtrado no s\u00f3lo ofrecen una purificaci\u00f3n eficaz del aire, sino que tambi\u00e9n son l\u00edderes en cuanto a protecci\u00f3n contra explosiones y filtraci\u00f3n. La protecci\u00f3n contra explosiones es especialmente importante en entornos industriales en los que los polvos y gases combustibles plantean riesgos potenciales. Nuestros sistemas est\u00e1n dise\u00f1ados no s\u00f3lo para eliminar de forma fiable el polvo del aire, sino tambi\u00e9n para garantizar la m\u00e1xima seguridad en entornos cr\u00edticos en los que puede haber atm\u00f3sferas explosivas.  <\/p>\n<p>Para garantizar la seguridad y la eficacia durante los trabajos de limpieza o mantenimiento, nuestras instalaciones integran sistemas avanzados de protecci\u00f3n contra explosiones y filtraci\u00f3n. Estos sistemas garantizan que, incluso en caso de interrupci\u00f3n del funcionamiento normal y de intervenci\u00f3n humana en el sistema, se minimice el riesgo de explosi\u00f3n y se evite la liberaci\u00f3n de sustancias peligrosas. La protecci\u00f3n contra explosiones y la filtraci\u00f3n eficaz son aspectos clave de nuestros sistemas que garantizan la protecci\u00f3n tanto del medio ambiente como del personal operativo.  <\/p>\n<p>Tambi\u00e9n destacamos la importancia de la protecci\u00f3n contra explosiones y la filtraci\u00f3n en el dise\u00f1o de nuestros sistemas. Al integrar tecnolog\u00edas modernas como los \u00abSistemas de Barrera de Acceso Restringido\u00bb (RABS) y el \u00abLavado in Situ\u00bb (WIP), no s\u00f3lo conseguimos los m\u00e1s altos niveles de seguridad, sino tambi\u00e9n una filtraci\u00f3n eficaz. Esto garantiza que nuestros clientes puedan confiar en sistemas que cumplen las normas de seguridad y eficacia exigidas y, por tanto, proporcionan una protecci\u00f3n fiable a los empleados.  <\/p>\n<p>[\/et_pb_text][et_pb_button button_url=\u00bb#filtration\u00bb button_text=\u00bbSaber m\u00e1s\u00bb _builder_version=\u00bb4.22.0&#8243; _module_preset=\u00bb2d2a1f97-00c3-449b-a1fe-3aeb70a4e5b5&#8243; global_colors_info=\u00bb{}\u00bb][\/et_pb_button][\/et_pb_column][et_pb_column type=\u00bb1_2&#8243; _builder_version=\u00bb4.18.0&#8243; _module_preset=\u00bbdefault\u00bb global_colors_info=\u00bb{}\u00bb][et_pb_image src=\u00bbhttps:\/\/het-filter.de\/wp-content\/uploads\/2023\/03\/HET-Filteranlagen-scaled.jpg\u00bb title_text=\u00bbSistemas de filtrado HET\u00bb _builder_version=\u00bb4.20.2&#8243; _module_preset=\u00bb58248d50-f7c2-4d98-bc0a-d4af98f19e1f\u00bb box_shadow_style=\u00bbpreset3&#8243; box_shadow_blur=\u00bb15px\u00bb box_shadow_spread=\u00bb-9px\u00bb box_shadow_color=\u00bbrgba(34,48,90,0.37)\u00bb global_colors_info=\u00bb{}\u00bb][\/et_pb_image][\/et_pb_column][\/et_pb_row][\/et_pb_section][et_pb_section fb_built=\u00bb1&#8243; _builder_version=\u00bb4.18.0&#8243; _module_preset=\u00bb673e78b2-818f-4d4a-b8ba-99b997d4f244&#8243; locked=\u00bboff\u00bb global_colors_info=\u00bb{}\u00bb][et_pb_row _builder_version=\u00bb4.18.0&#8243; _module_preset=\u00bbdefault\u00bb global_colors_info=\u00bb{}\u00bb][et_pb_column type=\u00bb4_4&#8243; _builder_version=\u00bb4.18.0&#8243; _module_preset=\u00bbdefault\u00bb global_colors_info=\u00bb{}\u00bb][et_pb_text _builder_version=\u00bb4.19.1&#8243; _module_preset=\u00bb5236ac6f-32f8-43e7-9a7a-87317b9b7c41&#8243; global_colors_info=\u00bb{}\u00bb]<\/p>\n<p><span style=\"color: #3fb498;\">Saber m\u00e1s<\/span><\/p>\n<h2>sobre la tecnolog\u00eda<br \/>de nuestros sistemas de filtrado<\/h2>\n<p>[\/et_pb_text][\/et_pb_column][\/et_pb_row][\/et_pb_section][et_pb_section fb_built=\u00bb1&#8243; admin_label=\u00bbSektion\u00bb module_id=\u00bbfiltraci\u00f3n\u00bb _builder_version=\u00bb4.19.1&#8243; _module_preset=\u00bbcb209d8b-e221-4b07-9eec-1d7689c3b945&#8243; global_colors_info=\u00bb{}\u00bb][et_pb_row column_structure=\u00bb1_2,1_2&#8243; _builder_version=\u00bb4.18.0&#8243; _module_preset=\u00bbdefault\u00bb max_width=\u00bb1366px\u00bb global_colors_info=\u00bb{}\u00bb][et_pb_column type=\u00bb1_2&#8243; _builder_version=\u00bb4.18.0&#8243; _module_preset=\u00bbdefault\u00bb global_colors_info=\u00bb{}\u00bb][et_pb_blurb image=\u00bbhttps:\/\/het-filter.de\/wp-content\/uploads\/2022\/10\/2022_HET_Filtration.png\u00bb alt=\u00bbFiltraci\u00f3n\u00bb icon_placement=\u00bbleft\u00bb _builder_version=\u00bb4.22.0&#8243; _module_preset=\u00bbc9df162d-598b-492f-b662-8f2c612b6cad\u00bb custom_padding_tablet=\u00bb\u00bb custom_padding_phone=\u00bb|7%||7%|true|true\u00bb custom_padding_last_edited=\u00bbon|phone\u00bb locked=\u00bboff\u00bb global_colors_info=\u00bb{}\u00bb]<\/p>\n<h2>Filtraci\u00f3n<\/h2>\n<p><span style=\"color: #3fb498;\">garantiza un aire limpio<\/span><\/p>\n<p>[\/et_pb_blurb][et_pb_text _builder_version=\u00bb4.18.0&#8243; _module_preset=\u00bb49f358a7-998e-4c7e-8307-69b4326820ab\u00bb link_option_url=\u00bbhttps:\/\/het-filter.de\/es\/tecnologias\/filtracion\/\u00bb locked=\u00bboff\u00bb global_colors_info=\u00bb{}\u00bb]<\/p>\n<p>saber m\u00e1s<\/p>\n<p>[\/et_pb_text][\/et_pb_column][et_pb_column type=\u00bb1_2&#8243; _builder_version=\u00bb4.18.0&#8243; _module_preset=\u00bbdefault\u00bb global_colors_info=\u00bb{}\u00bb][et_pb_blurb image=\u00bbhttps:\/\/het-filter.de\/wp-content\/uploads\/2022\/10\/2022_HET_Containment.png\u00bb alt=\u00bbContenci\u00f3n\u00bb icon_placement=\u00bbleft\u00bb _builder_version=\u00bb4.22.0&#8243; _module_preset=\u00bbc9df162d-598b-492f-b662-8f2c612b6cad\u00bb custom_padding_tablet=\u00bb\u00bb custom_padding_phone=\u00bb34px|7%|34px|7%|true|true\u00bb custom_padding_last_edited=\u00bbon|phone\u00bb locked=\u00bboff\u00bb global_colors_info=\u00bb{}\u00bb]<\/p>\n<h2>Contenci\u00f3n<\/h2>\n<p><span style=\"color: #3fb498;\">Protecci\u00f3n segura contra sustancias peligrosas<\/span><\/p>\n<p>[\/et_pb_blurb][et_pb_text _builder_version=\u00bb4.18.0&#8243; _module_preset=\u00bb49f358a7-998e-4c7e-8307-69b4326820ab\u00bb link_option_url=\u00bbhttps:\/\/het-filter.de\/es\/tecnologias\/filtracion\/\u00bb locked=\u00bboff\u00bb global_colors_info=\u00bb{}\u00bb]<\/p>\n<p>saber m\u00e1s<\/p>\n<p>[\/et_pb_text][\/et_pb_column][\/et_pb_row][et_pb_row column_structure=\u00bb1_5,3_5,1_5&#8243; custom_padding_last_edited=\u00bbon|tablet\u00bb _builder_version=\u00bb4.18.0&#8243; _module_preset=\u00bbdefault\u00bb max_width=\u00bb1080px\u00bb custom_padding=\u00bb0px||||false|false\u00bb custom_padding_tablet=\u00bb0px||||false|false\u00bb custom_padding_phone=\u00bb0px||||false|false\u00bb global_colors_info=\u00bb{}\u00bb][et_pb_column type=\u00bb1_5&#8243; _builder_version=\u00bb4.18.0&#8243; _module_preset=\u00bbdefault\u00bb global_colors_info=\u00bb{}\u00bb][\/et_pb_column][et_pb_column type=\u00bb3_5&#8243; _builder_version=\u00bb4.18.0&#8243; _module_preset=\u00bbdefault\u00bb global_colors_info=\u00bb{}\u00bb][et_pb_blurb image=\u00bbhttps:\/\/het-filter.de\/wp-content\/uploads\/2022\/10\/2022_HET_Explosionsschutz.png\u00bb alt=\u00bbProtecci\u00f3n contra explosiones\u00bb icon_placement=\u00bbleft\u00bb _builder_version=\u00bb4.22.0&#8243; _module_preset=\u00bbc9df162d-598b-492f-b662-8f2c612b6cad\u00bb custom_padding_tablet=\u00bb\u00bb custom_padding_phone=\u00bb|7%||7%|true|true\u00bb custom_padding_last_edited=\u00bbon|phone\u00bb locked=\u00bboff\u00bb global_colors_info=\u00bb{}\u00bb]<\/p>\n<h2>Protecci\u00f3n contra explosiones<\/h2>\n<p><span style=\"color: #3fb498;\">para la m\u00e1xima seguridad<\/span><\/p>\n<p>[\/et_pb_blurb][et_pb_text _builder_version=\u00bb4.18.0&#8243; _module_preset=\u00bb49f358a7-998e-4c7e-8307-69b4326820ab\u00bb link_option_url=\u00bbhttps:\/\/het-filter.de\/es\/tecnologias\/proteccion-contra-explosiones\/\u00bb locked=\u00bboff\u00bb global_colors_info=\u00bb{}\u00bb]<\/p>\n<p>saber m\u00e1s<\/p>\n<p>[\/et_pb_text][\/et_pb_column][et_pb_column type=\u00bb1_5&#8243; _builder_version=\u00bb4.18.0&#8243; _module_preset=\u00bbdefault\u00bb global_colors_info=\u00bb{}\u00bb][\/et_pb_column][\/et_pb_row][\/et_pb_section][et_pb_section fb_built=\u00bb1&#8243; _builder_version=\u00bb4.18.0&#8243; _module_preset=\u00bb673e78b2-818f-4d4a-b8ba-99b997d4f244&#8243; locked=\u00bboff\u00bb global_colors_info=\u00bb{}\u00bb][et_pb_row _builder_version=\u00bb4.18.0&#8243; _module_preset=\u00bbdefault\u00bb global_colors_info=\u00bb{}\u00bb][et_pb_column type=\u00bb4_4&#8243; admin_label=\u00bbColumna\u00bb _builder_version=\u00bb4.18.0&#8243; _module_preset=\u00bbdefault\u00bb global_colors_info=\u00bb{}\u00bb][et_pb_text admin_label=\u00bbText\u00bb _builder_version=\u00bb4.20.4&#8243; _module_preset=\u00bb5236ac6f-32f8-43e7-9a7a-87317b9b7c41&#8243; global_colors_info=\u00bb{}\u00bb]<\/p>\n<p><span style=\"color: #3fb498;\">HET Features<\/span><\/p>\n<h2>Encuentra las caracter\u00edsticas adecuadas para tus requisitos de contenci\u00f3n<\/h2>\n<p>[\/et_pb_text][\/et_pb_column][\/et_pb_row][\/et_pb_section][et_pb_section fb_built=\u00bb1&#8243; admin_label=\u00bbSektion\u00bb _builder_version=\u00bb4.22.0&#8243; _module_preset=\u00bbdefault\u00bb width_tablet=\u00bb\u00bb width_phone=\u00bb100%\u00bb width_last_edited=\u00bbon|phone\u00bb custom_padding=\u00bb0px||0px||true|false\u00bb global_colors_info=\u00bb{}\u00bb][et_pb_row _builder_version=\u00bb4.22.0&#8243; _module_preset=\u00bbdefault\u00bb width_tablet=\u00bb\u00bb width_phone=\u00bb90%\u00bb width_last_edited=\u00bbon|phone\u00bb custom_padding=\u00bb0px||0px||true|false\u00bb global_colors_info=\u00bb{}\u00bb][et_pb_column type=\u00bb4_4&#8243; _builder_version=\u00bb4.20.2&#8243; _module_preset=\u00bbdefault\u00bb global_colors_info=\u00bb{}\u00bb][et_pb_button button_url=\u00bb@ET-DC@eyJkeW5hbWljIjp0cnVlLCJjb250ZW50IjoicG9zdF9saW5rX3VybF9wYWdlIiwic2V0dGluZ3MiOnsicG9zdF9pZCI6IjIwOTQ4OSJ9fQ==@\u00bb button_text=\u00bbNuestras caracter\u00edsticas\u00bb admin_label=\u00bbButton\u00bb _builder_version=\u00bb4.22.0&#8243; _dynamic_attributes=\u00bbbutton_url\u00bb _module_preset=\u00bbd64323ee-ff23-4799-b3cf-f3a871c5dfe3&#8243; vertical_offset_tablet=\u00bb\u00bb vertical_offset_phone=\u00bb\u00bb vertical_offset_last_edited=\u00bbon|desktop\u00bb custom_padding=\u00bb||||true|false\u00bb global_colors_info=\u00bb{}\u00bb button_bg_color__hover_enabled=\u00bbon|hover\u00bb button_bg_color__hover=\u00bb#22305A\u00bb button_bg_enable_color__hover=\u00bbon\u00bb][\/et_pb_button][\/et_pb_column][\/et_pb_row][\/et_pb_section][et_pb_section fb_built=\u00bb1&#8243; _builder_version=\u00bb4.18.0&#8243; _module_preset=\u00bbdefault\u00bb locked=\u00bboff\u00bb global_colors_info=\u00bb{}\u00bb][et_pb_row column_structure=\u00bb1_2,1_2&#8243; custom_padding_last_edited=\u00bbon|desktop\u00bb _builder_version=\u00bb4.22.1&#8243; _module_preset=\u00bb6b014628-141d-4b43-8635-9fa92028fd9e\u00bb custom_padding_tablet=\u00bb\u00bb custom_padding_phone=\u00bb3vh|2vh|0vh|2vh|false|true\u00bb global_colors_info=\u00bb{}\u00bb][et_pb_column type=\u00bb1_2&#8243; _builder_version=\u00bb4.18.0&#8243; _module_preset=\u00bbe590449f-74ea-4bc9-af9c-f5264e1dc094&#8243; global_colors_info=\u00bb{}\u00bb][et_pb_text _builder_version=\u00bb4.20.4&#8243; _module_preset=\u00bb0b407d5c-d9b5-4398-b954-e4be7115aead\u00bb global_colors_info=\u00bb{}\u00bb]<\/p>\n<h2>Sistemas de filtrado HET  <\/h2>\n<p>[\/et_pb_text][et_pb_text _builder_version=\u00bb4.20.4&#8243; _module_preset=\u00bb3e3920dc-0376-424a-a2f2-ba93bb092aa6&#8243; locked=\u00bboff\u00bb global_colors_info=\u00bb{}\u00bb]<\/p>\n<h3>Nuestra variedad de productos<\/h3>\n<p>[\/et_pb_text][et_pb_text _builder_version=\u00bb4.20.4&#8243; _module_preset=\u00bb2ed32a48-0df8-4bc0-a02d-74dd809440c8&#8243; custom_margin=\u00bb||30px||false|false\u00bb global_colors_info=\u00bb{}\u00bb]<\/p>\n<p>Podemos suministrarte sistemas de filtraci\u00f3n y celdas de filtraci\u00f3n de un solo proveedor, adaptados a tu \u00e1mbito de aplicaci\u00f3n. El dise\u00f1o modular de nuestros sistemas de filtrado te ofrece una amplia gama de opciones. <\/p>\n<p>[\/et_pb_text][et_pb_button button_url=\u00bb@ET-DC@eyJkeW5hbWljIjp0cnVlLCJjb250ZW50IjoicG9zdF9saW5rX3VybF9wYWdlIiwic2V0dGluZ3MiOnsicG9zdF9pZCI6IjIwOTQ4NCJ9fQ==@\u00bb button_text=\u00bbSistemas de filtrado HET\u00bb _builder_version=\u00bb4.20.4&#8243; _dynamic_attributes=\u00bbbutton_url\u00bb _module_preset=\u00bb2d2a1f97-00c3-449b-a1fe-3aeb70a4e5b5&#8243; global_colors_info=\u00bb{}\u00bb][\/et_pb_button][\/et_pb_column][et_pb_column type=\u00bb1_2&#8243; _builder_version=\u00bb4.18.0&#8243; _module_preset=\u00bbdefault\u00bb global_colors_info=\u00bb{}\u00bb][et_pb_text _builder_version=\u00bb4.18.0&#8243; _module_preset=\u00bb0b407d5c-d9b5-4398-b954-e4be7115aead\u00bb global_colors_info=\u00bb{}\u00bb]<\/p>\n<h2>\u00bfQuieres saber m\u00e1s?<\/h2>\n<p>[\/et_pb_text][et_pb_text _builder_version=\u00bb4.22.0&#8243; _module_preset=\u00bbed2d24d0-4903-4c9b-bc57-1b5939577a3c\u00bb locked=\u00bboff\u00bb global_colors_info=\u00bb{}\u00bb]<\/p>\n<h3>Ponte en contacto con nosotros<\/h3>\n<p>[\/et_pb_text][et_pb_text _builder_version=\u00bb4.22.0&#8243; _module_preset=\u00bb2ed32a48-0df8-4bc0-a02d-74dd809440c8&#8243; custom_margin=\u00bb||30px||false|false\u00bb global_colors_info=\u00bb{}\u00bb]Estaremos encantados de asesorarte en todos los temas relacionados con tu proyecto y tu sistema de filtrado.[\/et_pb_text][et_pb_text _builder_version=\u00bb4.22.0&#8243; _module_preset=\u00bbdefault\u00bb text_text_color=\u00bb#CF283F\u00bb link_option_url=\u00bbhttps:\/\/het-filter.de\/es\/contacta-con-nosotros\/\u00bb global_colors_info=\u00bb{}\u00bb]Inf\u00f3rmate ahora[\/et_pb_text][\/et_pb_column][\/et_pb_row][\/et_pb_section]<\/p>\n","protected":false},"excerpt":{"rendered":"<p>Los sistemas de filtrado HET pueden hacer m\u00e1sFiltraci\u00f3n, contenci\u00f3n y protecci\u00f3n contra explosiones en un solo sistemaTECNOLOG\u00cdA AVANZADA para una protecci\u00f3n \u00f3ptima del personal y del productoNuestros sistemas de filtrado no s\u00f3lo ofrecen una purificaci\u00f3n eficaz del aire, sino que tambi\u00e9n son l\u00edderes en cuanto a protecci\u00f3n contra explosiones y filtraci\u00f3n. La protecci\u00f3n contra explosiones es especialmente importante en entornos industriales en los que los polvos y gases combustibles plantean riesgos potenciales. Nuestros sistemas est\u00e1n dise\u00f1ados no s\u00f3lo para eliminar de forma fiable el polvo del aire, sino tambi\u00e9n para garantizar la m\u00e1xima seguridad en entornos cr\u00edticos en los que puede haber atm\u00f3sferas explosivas. Para garantizar la seguridad y la eficacia durante los trabajos de limpieza o mantenimiento, nuestras instalaciones integran sistemas avanzados de protecci\u00f3n contra explosiones y filtraci\u00f3n. Estos sistemas garantizan que, incluso en caso de interrupci\u00f3n del funcionamiento normal y de intervenci\u00f3n humana en el sistema, se minimice el riesgo de explosi\u00f3n y se evite la liberaci\u00f3n de sustancias peligrosas. La protecci\u00f3n contra explosiones y la filtraci\u00f3n eficaz son aspectos clave de nuestros sistemas que garantizan la protecci\u00f3n tanto del medio ambiente como del personal operativo. Tambi\u00e9n destacamos la importancia de la protecci\u00f3n contra explosiones y la filtraci\u00f3n [&hellip;]<\/p>\n","protected":false},"author":8,"featured_media":0,"parent":0,"menu_order":4,"comment_status":"closed","ping_status":"closed","template":"","meta":{"_et_pb_use_builder":"on","_et_pb_old_content":"","_et_gb_content_width":"","footnotes":""},"class_list":["post-233934","page","type-page","status-publish","hentry"],"_links":{"self":[{"href":"https:\/\/het-filter.de\/es\/wp-json\/wp\/v2\/pages\/233934","targetHints":{"allow":["GET"]}}],"collection":[{"href":"https:\/\/het-filter.de\/es\/wp-json\/wp\/v2\/pages"}],"about":[{"href":"https:\/\/het-filter.de\/es\/wp-json\/wp\/v2\/types\/page"}],"author":[{"embeddable":true,"href":"https:\/\/het-filter.de\/es\/wp-json\/wp\/v2\/users\/8"}],"replies":[{"embeddable":true,"href":"https:\/\/het-filter.de\/es\/wp-json\/wp\/v2\/comments?post=233934"}],"version-history":[{"count":3,"href":"https:\/\/het-filter.de\/es\/wp-json\/wp\/v2\/pages\/233934\/revisions"}],"predecessor-version":[{"id":238926,"href":"https:\/\/het-filter.de\/es\/wp-json\/wp\/v2\/pages\/233934\/revisions\/238926"}],"wp:attachment":[{"href":"https:\/\/het-filter.de\/es\/wp-json\/wp\/v2\/media?parent=233934"}],"curies":[{"name":"wp","href":"https:\/\/api.w.org\/{rel}","templated":true}]}}